{"id":10046,"date":"2018-04-25T23:02:32","date_gmt":"2018-04-26T02:02:32","guid":{"rendered":"https:\/\/hospitalurologico.com.br\/wp\/?page_id=10046"},"modified":"2018-04-30T14:19:55","modified_gmt":"2018-04-30T17:19:55","slug":"aviso-legal","status":"publish","type":"page","link":"https:\/\/hubrasilia.com.br\/index.php\/aviso-legal\/","title":{"rendered":"Aviso Legal"},"content":{"rendered":"<p>oc\u00ea entende que nossa Empresa n\u00e3o pode e n\u00e3o garante que arquivos dispon\u00edveis para download da Internet estejam livres de v\u00edrus, worms, cavalos de Tr\u00f3ia ou outro c\u00f3digo que possa manifestar propriedades contaminadoras ou destrutivas.<\/p>\n<p>Voc\u00ea \u00e9 respons\u00e1vel por implementar procedimentos e checkpoints suficientes para satisfazer seus requisitos de seguran\u00e7a e por manter meios externos a este site para reconstru\u00e7\u00e3o de qualquer dado perdido.<\/p>\n<p>Nossa Empresa n\u00e3o assume nenhuma responsabilidade ou risco pelo uso da internet.<\/p>\n<p>O Conte\u00fado n\u00e3o \u00e9 necessariamente completo e atualizado e n\u00e3o deve ser usado para substituir quaisquer relat\u00f3rios, declara\u00e7\u00f5es ou avisos dados por n\u00f3s.<\/p>\n<p>Investidores, colaboradores e outros devem usar o Conte\u00fado da mesma maneira que qualquer outro ambiente educacional e n\u00e3o deve confiar somente no Conte\u00fado em detrimento de seu pr\u00f3prio julgamento profissional. A informa\u00e7\u00e3o obtida ao usar este site n\u00e3o \u00e9 completa e n\u00e3o cobre todas as quest\u00f5es, t\u00f3picos ou fatos que possam ser relevantes para seus objetivos.<\/p>\n<p>O USO DESTE SITE \u00c9 DE SUA TOTAL RESPONSABILIDADE. O CONTE\u00daDO \u00c9 OFERECIDO COMO EST\u00c1 E SEM GARANTIAS DE QUALQUER TIPO, EXPRESSAS OU IMPL\u00cdCITAS. NOSSA EMPRESA N\u00c3O GARANTE QUE AS FUN\u00c7\u00d5ES OU CONTE\u00daDO PRESENTE NESTE SITE SER\u00c1 CONT\u00cdNUO, LIVRE DE ERROS, QUE FALHAS SER\u00c3O CORRIGIDAS OU QUE ESTE SITE E SERVIDOR QUE O TORNA DISPON\u00cdVEL EST\u00c3O LIVRES DE V\u00cdRUS OU OUTROS COMPONENTES DESTRUTIVOS. NOSSA EMPRESA N\u00c3O GARANTE OU FAZ QUALQUER REPRESENTA\u00c7\u00c3O RELACIONADA AO USO OU RESULTADOS DO USO DO CONTE\u00daDO EM TERMOS DE PRECIS\u00c3O, CONFIABILIDADE OU OUTROS. O CONTE\u00daDO PODE INCLUIR IMPRECIS\u00d5ES T\u00c9CNICAS OU ERROS TIPOGR\u00c1FICOS E A EMPRESA PODE FAZER MUDAN\u00c7AS OU MELHORIAS A QUALQUER MOMENTO. VOC\u00ca, E N\u00c3O A NOSSA EMPRESA, ASSUME O CUSTO DE QUALQUER SERVI\u00c7O, REPARO OU CORRE\u00c7\u00c3O NECESS\u00c1RIOS NO CASO DE QUALQUER PERDA OU DANO CONSEQUENTE DO USO DESTE SITE OU SEU CONTE\u00daDO. NOSSA EMPRESA N\u00c3O OFERECE GARANTIA QUE O USO DESTE CONTE\u00daDO N\u00c3O INFRIGIR\u00c1 O DIREITO DE OUTRO E N\u00c3O ASSUME QUALQUER RESPONSABILIDADE POR ERROS OU OMISS\u00d5ES EM TAL CONTE\u00daDO.<\/p>\n<p>Toda informa\u00e7\u00e3o neste site seja de natureza hist\u00f3rica ou prospectivas \u00e9 v\u00e1lida somente para a data que foi publicada no site e a Empresa n\u00e3o se compromete com nenhuma obriga\u00e7\u00e3o de atualizar tal informa\u00e7\u00e3o depois que \u00e9 publicada ou remover tal informa\u00e7\u00e3o deste site caso ela n\u00e3o seja (mais) precisa ou completa.<\/p>\n","protected":false},"excerpt":{"rendered":"<p>oc\u00ea entende que nossa Empresa n\u00e3o pode e n\u00e3o garante que arquivos dispon\u00edveis para download da Internet estejam livres de v\u00edrus, worms, cavalos de Tr\u00f3ia ou outro c\u00f3digo que possa manifestar propriedades contaminadoras ou destrutivas. Voc\u00ea \u00e9 respons\u00e1vel por implementar procedimentos e checkpoints suficientes para satisfazer seus requisitos de seguran\u00e7a e por manter meios externos [&hellip;]<\/p>\n","protected":false},"author":1,"featured_media":0,"parent":0,"menu_order":0,"comment_status":"closed","ping_status":"closed","template":"","meta":{"footnotes":""},"class_list":["post-10046","page","type-page","status-publish","hentry"],"yoast_head":"<!-- This site is optimized with the Yoast SEO plugin v27.5 - https:\/\/yoast.com\/product\/yoast-seo-wordpress\/ -->\n<title>Aviso Legal - Hospital Urol\u00f3gico<\/title>\n<meta name=\"robots\" content=\"index, follow, max-snippet:-1, max-image-preview:large, max-video-preview:-1\" \/>\n<link rel=\"canonical\" href=\"https:\/\/hubrasilia.com.br\/index.php\/aviso-legal\/\" \/>\n<meta property=\"og:locale\" content=\"pt_BR\" \/>\n<meta property=\"og:type\" content=\"article\" \/>\n<meta property=\"og:title\" content=\"Aviso Legal - Hospital Urol\u00f3gico\" \/>\n<meta property=\"og:description\" content=\"oc\u00ea entende que nossa Empresa n\u00e3o pode e n\u00e3o garante que arquivos dispon\u00edveis para download da Internet estejam livres de v\u00edrus, worms, cavalos de Tr\u00f3ia ou outro c\u00f3digo que possa manifestar propriedades contaminadoras ou destrutivas. Voc\u00ea \u00e9 respons\u00e1vel por implementar procedimentos e checkpoints suficientes para satisfazer seus requisitos de seguran\u00e7a e por manter meios externos [&hellip;]\" \/>\n<meta property=\"og:url\" content=\"https:\/\/hubrasilia.com.br\/index.php\/aviso-legal\/\" \/>\n<meta property=\"og:site_name\" content=\"Hospital Urol\u00f3gico\" \/>\n<meta property=\"article:publisher\" content=\"https:\/\/facebook.com\/hospitalurologico\/\" \/>\n<meta property=\"article:modified_time\" content=\"2018-04-30T17:19:55+00:00\" \/>\n<meta name=\"twitter:card\" content=\"summary_large_image\" \/>\n<meta name=\"twitter:site\" content=\"@HUBrasilia\" \/>\n<meta name=\"twitter:label1\" content=\"Est. tempo de leitura\" \/>\n\t<meta name=\"twitter:data1\" content=\"2 minutos\" \/>\n<script type=\"application\/ld+json\" class=\"yoast-schema-graph\">{\"@context\":\"https:\\\/\\\/schema.org\",\"@graph\":[{\"@type\":\"WebPage\",\"@id\":\"https:\\\/\\\/hubrasilia.com.br\\\/index.php\\\/aviso-legal\\\/\",\"url\":\"https:\\\/\\\/hubrasilia.com.br\\\/index.php\\\/aviso-legal\\\/\",\"name\":\"Aviso Legal - Hospital Urol\u00f3gico\",\"isPartOf\":{\"@id\":\"https:\\\/\\\/hubrasilia.com.br\\\/#website\"},\"datePublished\":\"2018-04-26T02:02:32+00:00\",\"dateModified\":\"2018-04-30T17:19:55+00:00\",\"breadcrumb\":{\"@id\":\"https:\\\/\\\/hubrasilia.com.br\\\/index.php\\\/aviso-legal\\\/#breadcrumb\"},\"inLanguage\":\"pt-BR\",\"potentialAction\":[{\"@type\":\"ReadAction\",\"target\":[\"https:\\\/\\\/hubrasilia.com.br\\\/index.php\\\/aviso-legal\\\/\"]}]},{\"@type\":\"BreadcrumbList\",\"@id\":\"https:\\\/\\\/hubrasilia.com.br\\\/index.php\\\/aviso-legal\\\/#breadcrumb\",\"itemListElement\":[{\"@type\":\"ListItem\",\"position\":1,\"name\":\"In\u00edcio\",\"item\":\"https:\\\/\\\/hubrasilia.com.br\\\/\"},{\"@type\":\"ListItem\",\"position\":2,\"name\":\"Aviso Legal\"}]},{\"@type\":\"WebSite\",\"@id\":\"https:\\\/\\\/hubrasilia.com.br\\\/#website\",\"url\":\"https:\\\/\\\/hubrasilia.com.br\\\/\",\"name\":\"HOSPITAL UROLOGICO DE BRASILIA\\\/DF\",\"description\":\"Refer\u00eancia em Urologia - Asa Sul - Bras\u00edlia\\\/DF\",\"publisher\":{\"@id\":\"https:\\\/\\\/hubrasilia.com.br\\\/#organization\"},\"potentialAction\":[{\"@type\":\"SearchAction\",\"target\":{\"@type\":\"EntryPoint\",\"urlTemplate\":\"https:\\\/\\\/hubrasilia.com.br\\\/?s={search_term_string}\"},\"query-input\":{\"@type\":\"PropertyValueSpecification\",\"valueRequired\":true,\"valueName\":\"search_term_string\"}}],\"inLanguage\":\"pt-BR\"},{\"@type\":\"Organization\",\"@id\":\"https:\\\/\\\/hubrasilia.com.br\\\/#organization\",\"name\":\"HOSPITAL UROLOGICO DE BRASILIA\\\/DF\",\"url\":\"https:\\\/\\\/hubrasilia.com.br\\\/\",\"logo\":{\"@type\":\"ImageObject\",\"inLanguage\":\"pt-BR\",\"@id\":\"https:\\\/\\\/hubrasilia.com.br\\\/#\\\/schema\\\/logo\\\/image\\\/\",\"url\":\"https:\\\/\\\/hubrasilia.com.br\\\/wp-content\\\/uploads\\\/2020\\\/02\\\/logo-small.png\",\"contentUrl\":\"https:\\\/\\\/hubrasilia.com.br\\\/wp-content\\\/uploads\\\/2020\\\/02\\\/logo-small.png\",\"width\":185,\"height\":89,\"caption\":\"HOSPITAL UROLOGICO DE BRASILIA\\\/DF\"},\"image\":{\"@id\":\"https:\\\/\\\/hubrasilia.com.br\\\/#\\\/schema\\\/logo\\\/image\\\/\"},\"sameAs\":[\"https:\\\/\\\/facebook.com\\\/hospitalurologico\\\/\",\"https:\\\/\\\/x.com\\\/HUBrasilia\",\"https:\\\/\\\/hubrasilia.com.br\\\/index.php\\\/link\\\/instagram\\\/\",\"https:\\\/\\\/hubrasilia.com.br\\\/index.php\\\/link\\\/youtube\\\/\"]}]}<\/script>\n<!-- \/ Yoast SEO plugin. -->","yoast_head_json":{"title":"Aviso Legal - Hospital Urol\u00f3gico","robots":{"index":"index","follow":"follow","max-snippet":"max-snippet:-1","max-image-preview":"max-image-preview:large","max-video-preview":"max-video-preview:-1"},"canonical":"https:\/\/hubrasilia.com.br\/index.php\/aviso-legal\/","og_locale":"pt_BR","og_type":"article","og_title":"Aviso Legal - Hospital Urol\u00f3gico","og_description":"oc\u00ea entende que nossa Empresa n\u00e3o pode e n\u00e3o garante que arquivos dispon\u00edveis para download da Internet estejam livres de v\u00edrus, worms, cavalos de Tr\u00f3ia ou outro c\u00f3digo que possa manifestar propriedades contaminadoras ou destrutivas. Voc\u00ea \u00e9 respons\u00e1vel por implementar procedimentos e checkpoints suficientes para satisfazer seus requisitos de seguran\u00e7a e por manter meios externos [&hellip;]","og_url":"https:\/\/hubrasilia.com.br\/index.php\/aviso-legal\/","og_site_name":"Hospital Urol\u00f3gico","article_publisher":"https:\/\/facebook.com\/hospitalurologico\/","article_modified_time":"2018-04-30T17:19:55+00:00","twitter_card":"summary_large_image","twitter_site":"@HUBrasilia","twitter_misc":{"Est. tempo de leitura":"2 minutos"},"schema":{"@context":"https:\/\/schema.org","@graph":[{"@type":"WebPage","@id":"https:\/\/hubrasilia.com.br\/index.php\/aviso-legal\/","url":"https:\/\/hubrasilia.com.br\/index.php\/aviso-legal\/","name":"Aviso Legal - Hospital Urol\u00f3gico","isPartOf":{"@id":"https:\/\/hubrasilia.com.br\/#website"},"datePublished":"2018-04-26T02:02:32+00:00","dateModified":"2018-04-30T17:19:55+00:00","breadcrumb":{"@id":"https:\/\/hubrasilia.com.br\/index.php\/aviso-legal\/#breadcrumb"},"inLanguage":"pt-BR","potentialAction":[{"@type":"ReadAction","target":["https:\/\/hubrasilia.com.br\/index.php\/aviso-legal\/"]}]},{"@type":"BreadcrumbList","@id":"https:\/\/hubrasilia.com.br\/index.php\/aviso-legal\/#breadcrumb","itemListElement":[{"@type":"ListItem","position":1,"name":"In\u00edcio","item":"https:\/\/hubrasilia.com.br\/"},{"@type":"ListItem","position":2,"name":"Aviso Legal"}]},{"@type":"WebSite","@id":"https:\/\/hubrasilia.com.br\/#website","url":"https:\/\/hubrasilia.com.br\/","name":"HOSPITAL UROLOGICO DE BRASILIA\/DF","description":"Refer\u00eancia em Urologia - Asa Sul - Bras\u00edlia\/DF","publisher":{"@id":"https:\/\/hubrasilia.com.br\/#organization"},"potentialAction":[{"@type":"SearchAction","target":{"@type":"EntryPoint","urlTemplate":"https:\/\/hubrasilia.com.br\/?s={search_term_string}"},"query-input":{"@type":"PropertyValueSpecification","valueRequired":true,"valueName":"search_term_string"}}],"inLanguage":"pt-BR"},{"@type":"Organization","@id":"https:\/\/hubrasilia.com.br\/#organization","name":"HOSPITAL UROLOGICO DE BRASILIA\/DF","url":"https:\/\/hubrasilia.com.br\/","logo":{"@type":"ImageObject","inLanguage":"pt-BR","@id":"https:\/\/hubrasilia.com.br\/#\/schema\/logo\/image\/","url":"https:\/\/hubrasilia.com.br\/wp-content\/uploads\/2020\/02\/logo-small.png","contentUrl":"https:\/\/hubrasilia.com.br\/wp-content\/uploads\/2020\/02\/logo-small.png","width":185,"height":89,"caption":"HOSPITAL UROLOGICO DE BRASILIA\/DF"},"image":{"@id":"https:\/\/hubrasilia.com.br\/#\/schema\/logo\/image\/"},"sameAs":["https:\/\/facebook.com\/hospitalurologico\/","https:\/\/x.com\/HUBrasilia","https:\/\/hubrasilia.com.br\/index.php\/link\/instagram\/","https:\/\/hubrasilia.com.br\/index.php\/link\/youtube\/"]}]}},"_links":{"self":[{"href":"https:\/\/hubrasilia.com.br\/index.php\/wp-json\/wp\/v2\/pages\/10046","targetHints":{"allow":["GET"]}}],"collection":[{"href":"https:\/\/hubrasilia.com.br\/index.php\/wp-json\/wp\/v2\/pages"}],"about":[{"href":"https:\/\/hubrasilia.com.br\/index.php\/wp-json\/wp\/v2\/types\/page"}],"author":[{"embeddable":true,"href":"https:\/\/hubrasilia.com.br\/index.php\/wp-json\/wp\/v2\/users\/1"}],"replies":[{"embeddable":true,"href":"https:\/\/hubrasilia.com.br\/index.php\/wp-json\/wp\/v2\/comments?post=10046"}],"version-history":[{"count":0,"href":"https:\/\/hubrasilia.com.br\/index.php\/wp-json\/wp\/v2\/pages\/10046\/revisions"}],"wp:attachment":[{"href":"https:\/\/hubrasilia.com.br\/index.php\/wp-json\/wp\/v2\/media?parent=10046"}],"curies":[{"name":"wp","href":"https:\/\/api.w.org\/{rel}","templated":true}]}}