{"id":10336,"date":"2019-05-01T10:48:49","date_gmt":"2019-05-01T13:48:49","guid":{"rendered":"https:\/\/hospitalurologico.com.br\/wp\/?page_id=10336"},"modified":"2023-09-28T19:07:08","modified_gmt":"2023-09-28T22:07:08","slug":"hospital-urologico-de-brasilia-df","status":"publish","type":"page","link":"https:\/\/hubrasilia.com.br\/index.php\/hospital-urologico-de-brasilia-df\/","title":{"rendered":"Quem Somos"},"content":{"rendered":"\t\t<div data-elementor-type=\"wp-page\" data-elementor-id=\"10336\" class=\"elementor elementor-10336\" data-elementor-post-type=\"page\">\n\t\t\t\t\t\t<section class=\"elementor-section elementor-top-section elementor-element elementor-element-94ef9d5 elementor-section-boxed elementor-section-height-default elementor-section-height-default\" data-id=\"94ef9d5\" data-element_type=\"section\" data-e-type=\"section\">\n\t\t\t\t\t\t<div class=\"elementor-container elementor-column-gap-default\">\n\t\t\t\t\t<div class=\"elementor-column elementor-col-50 elementor-top-column elementor-element elementor-element-e1049bc\" data-id=\"e1049bc\" data-element_type=\"column\" data-e-type=\"column\">\n\t\t\t<div class=\"elementor-widget-wrap elementor-element-populated\">\n\t\t\t\t\t\t<div class=\"elementor-element elementor-element-41ed478 elementor--h-position-center elementor--v-position-middle elementor-arrows-position-inside elementor-widget elementor-widget-slides\" data-id=\"41ed478\" data-element_type=\"widget\" data-e-type=\"widget\" data-settings=\"{&quot;navigation&quot;:&quot;arrows&quot;,&quot;autoplay&quot;:&quot;yes&quot;,&quot;pause_on_hover&quot;:&quot;yes&quot;,&quot;pause_on_interaction&quot;:&quot;yes&quot;,&quot;autoplay_speed&quot;:5000,&quot;infinite&quot;:&quot;yes&quot;,&quot;transition&quot;:&quot;slide&quot;,&quot;transition_speed&quot;:500}\" data-widget_type=\"slides.default\">\n\t\t\t\t<div class=\"elementor-widget-container\">\n\t\t\t\t\t\t\t\t\t<div class=\"elementor-swiper\">\n\t\t\t\t\t<div class=\"elementor-slides-wrapper elementor-main-swiper swiper\" role=\"region\" aria-roledescription=\"carousel\" aria-label=\"Slides\" dir=\"ltr\" data-animation=\"fadeInUp\">\n\t\t\t\t<div class=\"swiper-wrapper elementor-slides\">\n\t\t\t\t\t\t\t\t\t\t<div class=\"elementor-repeater-item-88ab3e3 swiper-slide\" role=\"group\" aria-roledescription=\"slide\"><div class=\"swiper-slide-bg\" role=\"img\" aria-label=\"hospital urol\u00f3gico\"><\/div><div class=\"swiper-slide-inner\" ><div class=\"swiper-slide-contents\"><\/div><\/div><\/div><div class=\"elementor-repeater-item-c90d6b0 swiper-slide\" role=\"group\" aria-roledescription=\"slide\"><div class=\"swiper-slide-bg\" role=\"img\" aria-label=\"Excelncia em Urologia1\"><\/div><div class=\"swiper-slide-inner\" ><div class=\"swiper-slide-contents\"><\/div><\/div><\/div><div class=\"elementor-repeater-item-ae50ce9 swiper-slide\" role=\"group\" aria-roledescription=\"slide\"><div class=\"swiper-slide-bg\" role=\"img\" aria-label=\"pr\u00e9dio hospital urol\u00f3gico\"><\/div><div class=\"swiper-slide-inner\" ><div class=\"swiper-slide-contents\"><\/div><\/div><\/div>\t\t\t\t<\/div>\n\t\t\t\t\t\t\t\t\t\t\t\t\t\t\t<div class=\"elementor-swiper-button elementor-swiper-button-prev\" role=\"button\" tabindex=\"0\" aria-label=\"Slide anterior\">\n\t\t\t\t\t\t\t<i aria-hidden=\"true\" class=\"eicon-chevron-left\"><\/i>\t\t\t\t\t\t<\/div>\n\t\t\t\t\t\t<div class=\"elementor-swiper-button elementor-swiper-button-next\" role=\"button\" tabindex=\"0\" aria-label=\"Pr\u00f3ximo slide\">\n\t\t\t\t\t\t\t<i aria-hidden=\"true\" class=\"eicon-chevron-right\"><\/i>\t\t\t\t\t\t<\/div>\n\t\t\t\t\t\t\t\t\t\t\t\t\t\t\t\t\t<\/div>\n\t\t\t\t<\/div>\n\t\t\t\t\t\t\t\t<\/div>\n\t\t\t\t<\/div>\n\t\t\t\t\t<\/div>\n\t\t<\/div>\n\t\t\t\t<div class=\"elementor-column elementor-col-50 elementor-top-column elementor-element elementor-element-547f664\" data-id=\"547f664\" data-element_type=\"column\" data-e-type=\"column\">\n\t\t\t<div class=\"elementor-widget-wrap elementor-element-populated\">\n\t\t\t\t\t\t<div class=\"elementor-element elementor-element-0db39cf elementor-widget elementor-widget-text-editor\" data-id=\"0db39cf\" data-element_type=\"widget\" data-e-type=\"widget\" data-widget_type=\"text-editor.default\">\n\t\t\t\t<div class=\"elementor-widget-container\">\n\t\t\t\t\t\t\t\t\t<p style=\"text-align: left;\">Nossa hist\u00f3ria come\u00e7ou em 1987 com a\u00a0<strong>CAU (Cl\u00ednica de Andrologia e Urologia)<\/strong> idealizada por alguns m\u00e9dicos de Bras\u00edlia. Eles desejavam criar um atendimento especializado na \u00e1rea de Urologia j\u00e1 que na \u00e9poca n\u00e3o havia espa\u00e7o na cidade que pudesse atender uma demanda nessa \u00e1rea. O projeto deu certo e cresceu e se tornou o \u00fanico hospital de urologia, o <strong>Hospital Urol\u00f3gico de Bras\u00edlia<\/strong>.<\/p><p style=\"text-align: left;\">Com dez anos em pleno crescimento e desenvolvimento, a CAU adquiriu sua estrutura pr\u00f3pria, saindo do atendimento em outros hospitais de Bras\u00edlia. Foi instalada no Edif\u00edcio Santa Maria localizado na SEPS 714\/914 em 1997.<\/p><p>Com pensamento cont\u00ednuo\u00a0visando crescimento e desenvolvimento, a CAU transformou-se\u00a0em\u00a0Hospital Urol\u00f3gico de Bras\u00edlia\u00a0no ano de\u00a0\u00a02001. Duplicou seu quadro funcional e profissional e\u00a0aumentou seu espa\u00e7o f\u00edsico na procura de\u00a0oferecer, aos pacientes, uma op\u00e7\u00e3o diversificada de servi\u00e7os e tecnologia avan\u00e7ada sem esquecer do mais importante no tratamento urol\u00f3gico, o carinho dado aos pacientes.<\/p>\t\t\t\t\t\t\t\t<\/div>\n\t\t\t\t<\/div>\n\t\t\t\t\t<\/div>\n\t\t<\/div>\n\t\t\t\t\t<\/div>\n\t\t<\/section>\n\t\t\t\t<section class=\"elementor-section elementor-top-section elementor-element elementor-element-35e2f64d elementor-section-boxed elementor-section-height-default elementor-section-height-default\" data-id=\"35e2f64d\" data-element_type=\"section\" data-e-type=\"section\">\n\t\t\t\t\t\t<div class=\"elementor-container elementor-column-gap-default\">\n\t\t\t\t\t<div class=\"elementor-column elementor-col-100 elementor-top-column elementor-element elementor-element-88be0ee\" data-id=\"88be0ee\" data-element_type=\"column\" data-e-type=\"column\">\n\t\t\t<div class=\"elementor-widget-wrap elementor-element-populated\">\n\t\t\t\t\t\t<div class=\"elementor-element elementor-element-bbae994 elementor-widget elementor-widget-text-editor\" data-id=\"bbae994\" data-element_type=\"widget\" data-e-type=\"widget\" data-widget_type=\"text-editor.default\">\n\t\t\t\t<div class=\"elementor-widget-container\">\n\t\t\t\t\t\t\t\t\t<p><span style=\"font-weight: 400;\">Com mais de 35 anos servindo a popula\u00e7\u00e3o do DF, contamos com um corpo cl\u00ednico com 16 m\u00e9dicos urologistas, 4 anestesistas, 3 profissionais para diagn\u00f3stico por imagem e mais de 110 colaboradores dispostos a ajudar e resolver problemas em Urologia.<\/span><\/p><p>Hoje o Hospital Urol\u00f3gico de Bras\u00edlia \u00e9 um centro de refer\u00eancia em Urologia absorvendo pacientes n\u00e3o somente da cidade, mas como tamb\u00e9m pacientes de v\u00e1rios estados do Brasil.<\/p><p>\u201cSonhamos, lutamos e em cada conquista alcan\u00e7ada t\u00ednhamos\u00a0a certeza que est\u00e1vamos no caminho certo. Ent\u00e3o vimos aquele consult\u00f3rio se transformar numa Cl\u00ednica e posteriormente em um Hospital. Procuramos crescer com objetivo de atender o paciente de maneira humanizada e diferenciada\u2026\u201d<\/p><div><p>\u201cSeguimos toda a tend\u00eancia tecnol\u00f3gica mundial, somos pioneiros em Bras\u00edlia de in\u00fameras inova\u00e7\u00f5es urol\u00f3gicas e procuramos sempre voar com as asas de Bras\u00edlia dando continuidade aos ideais do tamb\u00e9m m\u00e9dico e urologista Dr. Juscelino Kubitscheck: crescimento com humaniza\u00e7\u00e3o e modernidade.\u201d<\/p><p><strong>Dr. Geovani de Assis Pinheiro \u2013 Diretor T\u00e9cnico<\/strong><\/p><\/div>\t\t\t\t\t\t\t\t<\/div>\n\t\t\t\t<\/div>\n\t\t\t\t\t<\/div>\n\t\t<\/div>\n\t\t\t\t\t<\/div>\n\t\t<\/section>\n\t\t\t\t<section class=\"elementor-section elementor-top-section elementor-element elementor-element-a272545 elementor-section-boxed elementor-section-height-default elementor-section-height-default\" data-id=\"a272545\" data-element_type=\"section\" data-e-type=\"section\">\n\t\t\t\t\t\t<div class=\"elementor-container elementor-column-gap-default\">\n\t\t\t\t\t<div class=\"elementor-column elementor-col-33 elementor-top-column elementor-element elementor-element-ddc782f\" data-id=\"ddc782f\" data-element_type=\"column\" data-e-type=\"column\">\n\t\t\t<div class=\"elementor-widget-wrap elementor-element-populated\">\n\t\t\t\t\t\t<div class=\"elementor-element elementor-element-faadc6a elementor-view-default elementor-position-block-start elementor-mobile-position-block-start elementor-widget elementor-widget-icon-box\" data-id=\"faadc6a\" data-element_type=\"widget\" data-e-type=\"widget\" data-widget_type=\"icon-box.default\">\n\t\t\t\t<div class=\"elementor-widget-container\">\n\t\t\t\t\t\t\t<div class=\"elementor-icon-box-wrapper\">\n\n\t\t\t\t\t\t<div class=\"elementor-icon-box-icon\">\n\t\t\t\t<span  class=\"elementor-icon\">\n\t\t\t\t<i aria-hidden=\"true\" class=\"fas fa-hand-holding-heart\"><\/i>\t\t\t\t<\/span>\n\t\t\t<\/div>\n\t\t\t\n\t\t\t\t\t\t<div class=\"elementor-icon-box-content\">\n\n\t\t\t\t\t\t\t\t\t<h3 class=\"elementor-icon-box-title\">\n\t\t\t\t\t\t<span  >\n\t\t\t\t\t\t\tMiss\u00e3o\t\t\t\t\t\t<\/span>\n\t\t\t\t\t<\/h3>\n\t\t\t\t\n\t\t\t\t\t\t\t\t\t<p class=\"elementor-icon-box-description\">\n\t\t\t\t\t\tSolu\u00e7\u00f5es para doen\u00e7as urol\u00f3gicas<br>\nAtendimento Seguro<br>\nAtendimento Humanizado<br>\nPol\u00edticas Preventivas<br>\nA\u00e7\u00f5es Curativas<br>\nDiagn\u00f3sticos R\u00e1pidos e Confi\u00e1veis\t\t\t\t\t<\/p>\n\t\t\t\t\n\t\t\t<\/div>\n\t\t\t\n\t\t<\/div>\n\t\t\t\t\t\t<\/div>\n\t\t\t\t<\/div>\n\t\t\t\t\t<\/div>\n\t\t<\/div>\n\t\t\t\t<div class=\"elementor-column elementor-col-33 elementor-top-column elementor-element elementor-element-f38dc20\" data-id=\"f38dc20\" data-element_type=\"column\" data-e-type=\"column\">\n\t\t\t<div class=\"elementor-widget-wrap elementor-element-populated\">\n\t\t\t\t\t\t<div class=\"elementor-element elementor-element-3da61e7 elementor-view-default elementor-position-block-start elementor-mobile-position-block-start elementor-widget elementor-widget-icon-box\" data-id=\"3da61e7\" data-element_type=\"widget\" data-e-type=\"widget\" data-widget_type=\"icon-box.default\">\n\t\t\t\t<div class=\"elementor-widget-container\">\n\t\t\t\t\t\t\t<div class=\"elementor-icon-box-wrapper\">\n\n\t\t\t\t\t\t<div class=\"elementor-icon-box-icon\">\n\t\t\t\t<span  class=\"elementor-icon\">\n\t\t\t\t<i aria-hidden=\"true\" class=\"fas fa-eye\"><\/i>\t\t\t\t<\/span>\n\t\t\t<\/div>\n\t\t\t\n\t\t\t\t\t\t<div class=\"elementor-icon-box-content\">\n\n\t\t\t\t\t\t\t\t\t<h3 class=\"elementor-icon-box-title\">\n\t\t\t\t\t\t<span  >\n\t\t\t\t\t\t\tVis\u00e3o\t\t\t\t\t\t<\/span>\n\t\t\t\t\t<\/h3>\n\t\t\t\t\n\t\t\t\t\t\t\t\t\t<p class=\"elementor-icon-box-description\">\n\t\t\t\t\t\tSer refer\u00eancia em urologia\n<br>no Distrito Federal\t\t\t\t\t<\/p>\n\t\t\t\t\n\t\t\t<\/div>\n\t\t\t\n\t\t<\/div>\n\t\t\t\t\t\t<\/div>\n\t\t\t\t<\/div>\n\t\t\t\t\t<\/div>\n\t\t<\/div>\n\t\t\t\t<div class=\"elementor-column elementor-col-33 elementor-top-column elementor-element elementor-element-ece56e4\" data-id=\"ece56e4\" data-element_type=\"column\" data-e-type=\"column\">\n\t\t\t<div class=\"elementor-widget-wrap elementor-element-populated\">\n\t\t\t\t\t\t<div class=\"elementor-element elementor-element-ae5b0bb elementor-view-default elementor-position-block-start elementor-mobile-position-block-start elementor-widget elementor-widget-icon-box\" data-id=\"ae5b0bb\" data-element_type=\"widget\" data-e-type=\"widget\" data-widget_type=\"icon-box.default\">\n\t\t\t\t<div class=\"elementor-widget-container\">\n\t\t\t\t\t\t\t<div class=\"elementor-icon-box-wrapper\">\n\n\t\t\t\t\t\t<div class=\"elementor-icon-box-icon\">\n\t\t\t\t<span  class=\"elementor-icon\">\n\t\t\t\t<i aria-hidden=\"true\" class=\"fas fa-heart\"><\/i>\t\t\t\t<\/span>\n\t\t\t<\/div>\n\t\t\t\n\t\t\t\t\t\t<div class=\"elementor-icon-box-content\">\n\n\t\t\t\t\t\t\t\t\t<h3 class=\"elementor-icon-box-title\">\n\t\t\t\t\t\t<span  >\n\t\t\t\t\t\t\tValores\t\t\t\t\t\t<\/span>\n\t\t\t\t\t<\/h3>\n\t\t\t\t\n\t\t\t\t\t\t\t\t\t<p class=\"elementor-icon-box-description\">\n\t\t\t\t\t\tComprometimento<br>\nCordialidade<br>\nProfissionalismo\/Assertividade<br>\nProatividade<br>\n\u00c9tica\t\t\t\t\t<\/p>\n\t\t\t\t\n\t\t\t<\/div>\n\t\t\t\n\t\t<\/div>\n\t\t\t\t\t\t<\/div>\n\t\t\t\t<\/div>\n\t\t\t\t\t<\/div>\n\t\t<\/div>\n\t\t\t\t\t<\/div>\n\t\t<\/section>\n\t\t\t\t<\/div>\n\t\t","protected":false},"excerpt":{"rendered":"<p>Previous slide Next slide Nossa hist\u00f3ria come\u00e7ou em 1987 com a\u00a0CAU (Cl\u00ednica de Andrologia e Urologia) idealizada por alguns m\u00e9dicos de Bras\u00edlia. Eles desejavam criar um atendimento especializado na \u00e1rea de Urologia j\u00e1 que na \u00e9poca n\u00e3o havia espa\u00e7o na cidade que pudesse atender uma demanda nessa \u00e1rea. O projeto deu certo e cresceu e [&hellip;]<\/p>\n","protected":false},"author":1,"featured_media":10341,"parent":0,"menu_order":0,"comment_status":"closed","ping_status":"closed","template":"","meta":{"footnotes":""},"class_list":["post-10336","page","type-page","status-publish","has-post-thumbnail","hentry"],"yoast_head":"<!-- This site is optimized with the Yoast SEO plugin v27.5 - https:\/\/yoast.com\/product\/yoast-seo-wordpress\/ -->\n<title>Quem Somos - Hospital Urol\u00f3gico<\/title>\n<meta name=\"description\" content=\"Desde 1987 em Bras\u00edlia\/DF, o Hospital Urol\u00f3gico \u00e9 o Pioneiro e a principal Refer\u00eancia em Urologia e nos cuidados e tratamentos do Homem e da Mulher..\" \/>\n<meta name=\"robots\" content=\"index, follow, max-snippet:-1, max-image-preview:large, max-video-preview:-1\" \/>\n<link rel=\"canonical\" href=\"https:\/\/hubrasilia.com.br\/index.php\/hospital-urologico-de-brasilia-df\/\" \/>\n<meta property=\"og:locale\" content=\"pt_BR\" \/>\n<meta property=\"og:type\" content=\"article\" \/>\n<meta property=\"og:title\" content=\"Quem Somos - Hospital Urol\u00f3gico\" \/>\n<meta property=\"og:description\" content=\"Desde 1987 em Bras\u00edlia\/DF, o Hospital Urol\u00f3gico \u00e9 o Pioneiro e a principal Refer\u00eancia em Urologia e nos cuidados e tratamentos do Homem e da Mulher..\" \/>\n<meta property=\"og:url\" content=\"https:\/\/hubrasilia.com.br\/index.php\/hospital-urologico-de-brasilia-df\/\" \/>\n<meta property=\"og:site_name\" content=\"Hospital Urol\u00f3gico\" \/>\n<meta property=\"article:publisher\" content=\"https:\/\/facebook.com\/hospitalurologico\/\" \/>\n<meta property=\"article:modified_time\" content=\"2023-09-28T22:07:08+00:00\" \/>\n<meta property=\"og:image\" content=\"https:\/\/i0.wp.com\/hubrasilia.com.br\/wp-content\/uploads\/2019\/05\/prediohospitalurologico.jpg.png?fit=700%2C468&ssl=1\" \/>\n\t<meta property=\"og:image:width\" content=\"700\" \/>\n\t<meta property=\"og:image:height\" content=\"468\" \/>\n\t<meta property=\"og:image:type\" content=\"image\/png\" \/>\n<meta name=\"twitter:card\" content=\"summary_large_image\" \/>\n<meta name=\"twitter:site\" content=\"@HUBrasilia\" \/>\n<meta name=\"twitter:label1\" content=\"Est. tempo de leitura\" \/>\n\t<meta name=\"twitter:data1\" content=\"2 minutos\" \/>\n<script type=\"application\/ld+json\" class=\"yoast-schema-graph\">{\"@context\":\"https:\\\/\\\/schema.org\",\"@graph\":[{\"@type\":\"WebPage\",\"@id\":\"https:\\\/\\\/hubrasilia.com.br\\\/index.php\\\/hospital-urologico-de-brasilia-df\\\/\",\"url\":\"https:\\\/\\\/hubrasilia.com.br\\\/index.php\\\/hospital-urologico-de-brasilia-df\\\/\",\"name\":\"Quem Somos - Hospital Urol\u00f3gico\",\"isPartOf\":{\"@id\":\"https:\\\/\\\/hubrasilia.com.br\\\/#website\"},\"primaryImageOfPage\":{\"@id\":\"https:\\\/\\\/hubrasilia.com.br\\\/index.php\\\/hospital-urologico-de-brasilia-df\\\/#primaryimage\"},\"image\":{\"@id\":\"https:\\\/\\\/hubrasilia.com.br\\\/index.php\\\/hospital-urologico-de-brasilia-df\\\/#primaryimage\"},\"thumbnailUrl\":\"https:\\\/\\\/hubrasilia.com.br\\\/wp-content\\\/uploads\\\/2019\\\/05\\\/prediohospitalurologico.jpg.png\",\"datePublished\":\"2019-05-01T13:48:49+00:00\",\"dateModified\":\"2023-09-28T22:07:08+00:00\",\"description\":\"Desde 1987 em Bras\u00edlia\\\/DF, o Hospital Urol\u00f3gico \u00e9 o Pioneiro e a principal Refer\u00eancia em Urologia e nos cuidados e tratamentos do Homem e da Mulher..\",\"breadcrumb\":{\"@id\":\"https:\\\/\\\/hubrasilia.com.br\\\/index.php\\\/hospital-urologico-de-brasilia-df\\\/#breadcrumb\"},\"inLanguage\":\"pt-BR\",\"potentialAction\":[{\"@type\":\"ReadAction\",\"target\":[\"https:\\\/\\\/hubrasilia.com.br\\\/index.php\\\/hospital-urologico-de-brasilia-df\\\/\"]}]},{\"@type\":\"ImageObject\",\"inLanguage\":\"pt-BR\",\"@id\":\"https:\\\/\\\/hubrasilia.com.br\\\/index.php\\\/hospital-urologico-de-brasilia-df\\\/#primaryimage\",\"url\":\"https:\\\/\\\/hubrasilia.com.br\\\/wp-content\\\/uploads\\\/2019\\\/05\\\/prediohospitalurologico.jpg.png\",\"contentUrl\":\"https:\\\/\\\/hubrasilia.com.br\\\/wp-content\\\/uploads\\\/2019\\\/05\\\/prediohospitalurologico.jpg.png\",\"width\":700,\"height\":468,\"caption\":\"pr\u00e9dio hospital urol\u00f3gico\"},{\"@type\":\"BreadcrumbList\",\"@id\":\"https:\\\/\\\/hubrasilia.com.br\\\/index.php\\\/hospital-urologico-de-brasilia-df\\\/#breadcrumb\",\"itemListElement\":[{\"@type\":\"ListItem\",\"position\":1,\"name\":\"In\u00edcio\",\"item\":\"https:\\\/\\\/hubrasilia.com.br\\\/\"},{\"@type\":\"ListItem\",\"position\":2,\"name\":\"Quem Somos\"}]},{\"@type\":\"WebSite\",\"@id\":\"https:\\\/\\\/hubrasilia.com.br\\\/#website\",\"url\":\"https:\\\/\\\/hubrasilia.com.br\\\/\",\"name\":\"HOSPITAL UROLOGICO DE BRASILIA\\\/DF\",\"description\":\"Refer\u00eancia em Urologia - Asa Sul - Bras\u00edlia\\\/DF\",\"publisher\":{\"@id\":\"https:\\\/\\\/hubrasilia.com.br\\\/#organization\"},\"potentialAction\":[{\"@type\":\"SearchAction\",\"target\":{\"@type\":\"EntryPoint\",\"urlTemplate\":\"https:\\\/\\\/hubrasilia.com.br\\\/?s={search_term_string}\"},\"query-input\":{\"@type\":\"PropertyValueSpecification\",\"valueRequired\":true,\"valueName\":\"search_term_string\"}}],\"inLanguage\":\"pt-BR\"},{\"@type\":\"Organization\",\"@id\":\"https:\\\/\\\/hubrasilia.com.br\\\/#organization\",\"name\":\"HOSPITAL UROLOGICO DE BRASILIA\\\/DF\",\"url\":\"https:\\\/\\\/hubrasilia.com.br\\\/\",\"logo\":{\"@type\":\"ImageObject\",\"inLanguage\":\"pt-BR\",\"@id\":\"https:\\\/\\\/hubrasilia.com.br\\\/#\\\/schema\\\/logo\\\/image\\\/\",\"url\":\"https:\\\/\\\/hubrasilia.com.br\\\/wp-content\\\/uploads\\\/2020\\\/02\\\/logo-small.png\",\"contentUrl\":\"https:\\\/\\\/hubrasilia.com.br\\\/wp-content\\\/uploads\\\/2020\\\/02\\\/logo-small.png\",\"width\":185,\"height\":89,\"caption\":\"HOSPITAL UROLOGICO DE BRASILIA\\\/DF\"},\"image\":{\"@id\":\"https:\\\/\\\/hubrasilia.com.br\\\/#\\\/schema\\\/logo\\\/image\\\/\"},\"sameAs\":[\"https:\\\/\\\/facebook.com\\\/hospitalurologico\\\/\",\"https:\\\/\\\/x.com\\\/HUBrasilia\",\"https:\\\/\\\/hubrasilia.com.br\\\/index.php\\\/link\\\/instagram\\\/\",\"https:\\\/\\\/hubrasilia.com.br\\\/index.php\\\/link\\\/youtube\\\/\"]}]}<\/script>\n<!-- \/ Yoast SEO plugin. -->","yoast_head_json":{"title":"Quem Somos - Hospital Urol\u00f3gico","description":"Desde 1987 em Bras\u00edlia\/DF, o Hospital Urol\u00f3gico \u00e9 o Pioneiro e a principal Refer\u00eancia em Urologia e nos cuidados e tratamentos do Homem e da Mulher..","robots":{"index":"index","follow":"follow","max-snippet":"max-snippet:-1","max-image-preview":"max-image-preview:large","max-video-preview":"max-video-preview:-1"},"canonical":"https:\/\/hubrasilia.com.br\/index.php\/hospital-urologico-de-brasilia-df\/","og_locale":"pt_BR","og_type":"article","og_title":"Quem Somos - Hospital Urol\u00f3gico","og_description":"Desde 1987 em Bras\u00edlia\/DF, o Hospital Urol\u00f3gico \u00e9 o Pioneiro e a principal Refer\u00eancia em Urologia e nos cuidados e tratamentos do Homem e da Mulher..","og_url":"https:\/\/hubrasilia.com.br\/index.php\/hospital-urologico-de-brasilia-df\/","og_site_name":"Hospital Urol\u00f3gico","article_publisher":"https:\/\/facebook.com\/hospitalurologico\/","article_modified_time":"2023-09-28T22:07:08+00:00","og_image":[{"width":700,"height":468,"url":"https:\/\/i0.wp.com\/hubrasilia.com.br\/wp-content\/uploads\/2019\/05\/prediohospitalurologico.jpg.png?fit=700%2C468&ssl=1","type":"image\/png"}],"twitter_card":"summary_large_image","twitter_site":"@HUBrasilia","twitter_misc":{"Est. tempo de leitura":"2 minutos"},"schema":{"@context":"https:\/\/schema.org","@graph":[{"@type":"WebPage","@id":"https:\/\/hubrasilia.com.br\/index.php\/hospital-urologico-de-brasilia-df\/","url":"https:\/\/hubrasilia.com.br\/index.php\/hospital-urologico-de-brasilia-df\/","name":"Quem Somos - Hospital Urol\u00f3gico","isPartOf":{"@id":"https:\/\/hubrasilia.com.br\/#website"},"primaryImageOfPage":{"@id":"https:\/\/hubrasilia.com.br\/index.php\/hospital-urologico-de-brasilia-df\/#primaryimage"},"image":{"@id":"https:\/\/hubrasilia.com.br\/index.php\/hospital-urologico-de-brasilia-df\/#primaryimage"},"thumbnailUrl":"https:\/\/hubrasilia.com.br\/wp-content\/uploads\/2019\/05\/prediohospitalurologico.jpg.png","datePublished":"2019-05-01T13:48:49+00:00","dateModified":"2023-09-28T22:07:08+00:00","description":"Desde 1987 em Bras\u00edlia\/DF, o Hospital Urol\u00f3gico \u00e9 o Pioneiro e a principal Refer\u00eancia em Urologia e nos cuidados e tratamentos do Homem e da Mulher..","breadcrumb":{"@id":"https:\/\/hubrasilia.com.br\/index.php\/hospital-urologico-de-brasilia-df\/#breadcrumb"},"inLanguage":"pt-BR","potentialAction":[{"@type":"ReadAction","target":["https:\/\/hubrasilia.com.br\/index.php\/hospital-urologico-de-brasilia-df\/"]}]},{"@type":"ImageObject","inLanguage":"pt-BR","@id":"https:\/\/hubrasilia.com.br\/index.php\/hospital-urologico-de-brasilia-df\/#primaryimage","url":"https:\/\/hubrasilia.com.br\/wp-content\/uploads\/2019\/05\/prediohospitalurologico.jpg.png","contentUrl":"https:\/\/hubrasilia.com.br\/wp-content\/uploads\/2019\/05\/prediohospitalurologico.jpg.png","width":700,"height":468,"caption":"pr\u00e9dio hospital urol\u00f3gico"},{"@type":"BreadcrumbList","@id":"https:\/\/hubrasilia.com.br\/index.php\/hospital-urologico-de-brasilia-df\/#breadcrumb","itemListElement":[{"@type":"ListItem","position":1,"name":"In\u00edcio","item":"https:\/\/hubrasilia.com.br\/"},{"@type":"ListItem","position":2,"name":"Quem Somos"}]},{"@type":"WebSite","@id":"https:\/\/hubrasilia.com.br\/#website","url":"https:\/\/hubrasilia.com.br\/","name":"HOSPITAL UROLOGICO DE BRASILIA\/DF","description":"Refer\u00eancia em Urologia - Asa Sul - Bras\u00edlia\/DF","publisher":{"@id":"https:\/\/hubrasilia.com.br\/#organization"},"potentialAction":[{"@type":"SearchAction","target":{"@type":"EntryPoint","urlTemplate":"https:\/\/hubrasilia.com.br\/?s={search_term_string}"},"query-input":{"@type":"PropertyValueSpecification","valueRequired":true,"valueName":"search_term_string"}}],"inLanguage":"pt-BR"},{"@type":"Organization","@id":"https:\/\/hubrasilia.com.br\/#organization","name":"HOSPITAL UROLOGICO DE BRASILIA\/DF","url":"https:\/\/hubrasilia.com.br\/","logo":{"@type":"ImageObject","inLanguage":"pt-BR","@id":"https:\/\/hubrasilia.com.br\/#\/schema\/logo\/image\/","url":"https:\/\/hubrasilia.com.br\/wp-content\/uploads\/2020\/02\/logo-small.png","contentUrl":"https:\/\/hubrasilia.com.br\/wp-content\/uploads\/2020\/02\/logo-small.png","width":185,"height":89,"caption":"HOSPITAL UROLOGICO DE BRASILIA\/DF"},"image":{"@id":"https:\/\/hubrasilia.com.br\/#\/schema\/logo\/image\/"},"sameAs":["https:\/\/facebook.com\/hospitalurologico\/","https:\/\/x.com\/HUBrasilia","https:\/\/hubrasilia.com.br\/index.php\/link\/instagram\/","https:\/\/hubrasilia.com.br\/index.php\/link\/youtube\/"]}]}},"_links":{"self":[{"href":"https:\/\/hubrasilia.com.br\/index.php\/wp-json\/wp\/v2\/pages\/10336","targetHints":{"allow":["GET"]}}],"collection":[{"href":"https:\/\/hubrasilia.com.br\/index.php\/wp-json\/wp\/v2\/pages"}],"about":[{"href":"https:\/\/hubrasilia.com.br\/index.php\/wp-json\/wp\/v2\/types\/page"}],"author":[{"embeddable":true,"href":"https:\/\/hubrasilia.com.br\/index.php\/wp-json\/wp\/v2\/users\/1"}],"replies":[{"embeddable":true,"href":"https:\/\/hubrasilia.com.br\/index.php\/wp-json\/wp\/v2\/comments?post=10336"}],"version-history":[{"count":0,"href":"https:\/\/hubrasilia.com.br\/index.php\/wp-json\/wp\/v2\/pages\/10336\/revisions"}],"wp:featuredmedia":[{"embeddable":true,"href":"https:\/\/hubrasilia.com.br\/index.php\/wp-json\/wp\/v2\/media\/10341"}],"wp:attachment":[{"href":"https:\/\/hubrasilia.com.br\/index.php\/wp-json\/wp\/v2\/media?parent=10336"}],"curies":[{"name":"wp","href":"https:\/\/api.w.org\/{rel}","templated":true}]}}