{"id":10343,"date":"2019-05-01T11:05:56","date_gmt":"2019-05-01T14:05:56","guid":{"rendered":"https:\/\/hospitalurologico.com.br\/wp\/?page_id=10343"},"modified":"2023-09-28T21:19:45","modified_gmt":"2023-09-29T00:19:45","slug":"a-urologia","status":"publish","type":"page","link":"https:\/\/hubrasilia.com.br\/index.php\/a-urologia\/","title":{"rendered":"Urologia de Refer\u00eancia em Bras\u00edlia\/DF"},"content":{"rendered":"\t\t<div data-elementor-type=\"wp-page\" data-elementor-id=\"10343\" class=\"elementor elementor-10343\" data-elementor-post-type=\"page\">\n\t\t\t\t\t\t<section class=\"elementor-section elementor-top-section elementor-element elementor-element-2c0ea90 elementor-section-boxed elementor-section-height-default elementor-section-height-default\" data-id=\"2c0ea90\" data-element_type=\"section\" data-e-type=\"section\">\n\t\t\t\t\t\t<div class=\"elementor-container elementor-column-gap-default\">\n\t\t\t\t\t<div class=\"elementor-column elementor-col-100 elementor-top-column elementor-element elementor-element-43ecff8a\" data-id=\"43ecff8a\" data-element_type=\"column\" data-e-type=\"column\">\n\t\t\t<div class=\"elementor-widget-wrap elementor-element-populated\">\n\t\t\t\t\t\t<section class=\"elementor-section elementor-inner-section elementor-element elementor-element-b348fca elementor-section-boxed elementor-section-height-default elementor-section-height-default\" data-id=\"b348fca\" data-element_type=\"section\" data-e-type=\"section\">\n\t\t\t\t\t\t<div class=\"elementor-container elementor-column-gap-default\">\n\t\t\t\t\t<div class=\"elementor-column elementor-col-50 elementor-inner-column elementor-element elementor-element-fb3f7a1\" data-id=\"fb3f7a1\" data-element_type=\"column\" data-e-type=\"column\">\n\t\t\t<div class=\"elementor-widget-wrap elementor-element-populated\">\n\t\t\t\t\t\t<div class=\"elementor-element elementor-element-360fb59 elementor--h-position-center elementor--v-position-middle elementor-arrows-position-inside elementor-widget elementor-widget-slides\" data-id=\"360fb59\" data-element_type=\"widget\" data-e-type=\"widget\" data-settings=\"{&quot;navigation&quot;:&quot;arrows&quot;,&quot;autoplay&quot;:&quot;yes&quot;,&quot;pause_on_hover&quot;:&quot;yes&quot;,&quot;pause_on_interaction&quot;:&quot;yes&quot;,&quot;autoplay_speed&quot;:5000,&quot;infinite&quot;:&quot;yes&quot;,&quot;transition&quot;:&quot;slide&quot;,&quot;transition_speed&quot;:500}\" data-widget_type=\"slides.default\">\n\t\t\t\t<div class=\"elementor-widget-container\">\n\t\t\t\t\t\t\t\t\t<div class=\"elementor-swiper\">\n\t\t\t\t\t<div class=\"elementor-slides-wrapper elementor-main-swiper swiper\" role=\"region\" aria-roledescription=\"carousel\" aria-label=\"Slides\" dir=\"ltr\" data-animation=\"fadeInUp\">\n\t\t\t\t<div class=\"swiper-wrapper elementor-slides\">\n\t\t\t\t\t\t\t\t\t\t<div class=\"elementor-repeater-item-c18828b swiper-slide\" role=\"group\" aria-roledescription=\"slide\"><div class=\"swiper-slide-bg\" role=\"img\" aria-label=\"sistema urinario urologia\"><\/div><div class=\"swiper-slide-inner\" ><div class=\"swiper-slide-contents\"><\/div><\/div><\/div><div class=\"elementor-repeater-item-8cc14a9 swiper-slide\" role=\"group\" aria-roledescription=\"slide\"><div class=\"swiper-slide-bg\" role=\"img\" aria-label=\"a urologia\"><\/div><div class=\"swiper-slide-inner\" ><div class=\"swiper-slide-contents\"><\/div><\/div><\/div><div class=\"elementor-repeater-item-dc0a3df swiper-slide\" role=\"group\" aria-roledescription=\"slide\"><div class=\"swiper-slide-bg\" role=\"img\" aria-label=\"WhatsApp Image 2020-12-02 at 14.37.13\"><\/div><div class=\"swiper-slide-inner\" ><div class=\"swiper-slide-contents\"><\/div><\/div><\/div>\t\t\t\t<\/div>\n\t\t\t\t\t\t\t\t\t\t\t\t\t\t\t<div class=\"elementor-swiper-button elementor-swiper-button-prev\" role=\"button\" tabindex=\"0\" aria-label=\"Slide anterior\">\n\t\t\t\t\t\t\t<i aria-hidden=\"true\" class=\"eicon-chevron-left\"><\/i>\t\t\t\t\t\t<\/div>\n\t\t\t\t\t\t<div class=\"elementor-swiper-button elementor-swiper-button-next\" role=\"button\" tabindex=\"0\" aria-label=\"Pr\u00f3ximo slide\">\n\t\t\t\t\t\t\t<i aria-hidden=\"true\" class=\"eicon-chevron-right\"><\/i>\t\t\t\t\t\t<\/div>\n\t\t\t\t\t\t\t\t\t\t\t\t\t\t\t\t\t<\/div>\n\t\t\t\t<\/div>\n\t\t\t\t\t\t\t\t<\/div>\n\t\t\t\t<\/div>\n\t\t\t\t\t<\/div>\n\t\t<\/div>\n\t\t\t\t<div class=\"elementor-column elementor-col-50 elementor-inner-column elementor-element elementor-element-527dae3\" data-id=\"527dae3\" data-element_type=\"column\" data-e-type=\"column\">\n\t\t\t<div class=\"elementor-widget-wrap elementor-element-populated\">\n\t\t\t\t\t\t<div class=\"elementor-element elementor-element-3eab5c73 elementor-widget elementor-widget-text-editor\" data-id=\"3eab5c73\" data-element_type=\"widget\" data-e-type=\"widget\" data-widget_type=\"text-editor.default\">\n\t\t\t\t<div class=\"elementor-widget-container\">\n\t\t\t\t\t\t\t\t\t<p>A&nbsp;<strong>Urologia<\/strong> \u00e9 a especialidade cir\u00fargica da medicina que trata do aparelho urin\u00e1rio de homens e mulheres composto por dois rins, dois ureteres, uma bexiga e uma uretra.<\/p>\n<p>Os m\u00e9dicos especializados em&nbsp;<strong>Urologia<\/strong>&nbsp;est\u00e3o capacitados para diagnosticar, tratar e acompanhar pacientes com dist\u00farbios urol\u00f3gicos.&nbsp;<\/p><p>Al\u00e9m do aparelho urin\u00e1rio compreendido pelo rim, ureter, bexiga e uretra,&nbsp;o urologista possui&nbsp;aptid\u00e3o para o tratamento do sistema reprodutor masculino compreendido por&nbsp;test\u00edculos, epid\u00eddimos, ducto deferente, ves\u00edculas seminais, pr\u00f3stata e p\u00eanis&nbsp;o que por esta raz\u00e3o, o \u00edndice de pessoas do sexo masculino no consult\u00f3rio&nbsp;\u00e9 superior ao do sexo feminino.<\/p>\t\t\t\t\t\t\t\t<\/div>\n\t\t\t\t<\/div>\n\t\t\t\t\t<\/div>\n\t\t<\/div>\n\t\t\t\t\t<\/div>\n\t\t<\/section>\n\t\t\t\t<div class=\"elementor-element elementor-element-79cc656 elementor-widget elementor-widget-heading\" data-id=\"79cc656\" data-element_type=\"widget\" data-e-type=\"widget\" data-widget_type=\"heading.default\">\n\t\t\t\t<div class=\"elementor-widget-container\">\n\t\t\t\t\t<h2 class=\"elementor-heading-title elementor-size-default\">Por que escolher o Hospital Urol\u00f3gico?<\/h2>\t\t\t\t<\/div>\n\t\t\t\t<\/div>\n\t\t\t\t<section class=\"elementor-section elementor-inner-section elementor-element elementor-element-b71d5ec elementor-section-boxed elementor-section-height-default elementor-section-height-default\" data-id=\"b71d5ec\" data-element_type=\"section\" data-e-type=\"section\">\n\t\t\t\t\t\t<div class=\"elementor-container elementor-column-gap-default\">\n\t\t\t\t\t<div class=\"elementor-column elementor-col-50 elementor-inner-column elementor-element elementor-element-35cf12b\" data-id=\"35cf12b\" data-element_type=\"column\" data-e-type=\"column\">\n\t\t\t<div class=\"elementor-widget-wrap elementor-element-populated\">\n\t\t\t\t\t\t<div class=\"elementor-element elementor-element-370d7c2 elementor-widget elementor-widget-video\" data-id=\"370d7c2\" data-element_type=\"widget\" data-e-type=\"widget\" data-settings=\"{&quot;youtube_url&quot;:&quot;https:\\\/\\\/youtu.be\\\/YDbFHCKB3wU&quot;,&quot;video_type&quot;:&quot;youtube&quot;,&quot;controls&quot;:&quot;yes&quot;}\" data-widget_type=\"video.default\">\n\t\t\t\t<div class=\"elementor-widget-container\">\n\t\t\t\t\t\t\t<div class=\"elementor-wrapper elementor-open-inline\">\n\t\t\t<div class=\"elementor-video\"><\/div>\t\t<\/div>\n\t\t\t\t\t\t<\/div>\n\t\t\t\t<\/div>\n\t\t\t\t<div class=\"elementor-element elementor-element-c7a82b9 elementor-widget elementor-widget-text-editor\" data-id=\"c7a82b9\" data-element_type=\"widget\" data-e-type=\"widget\" data-widget_type=\"text-editor.default\">\n\t\t\t\t<div class=\"elementor-widget-container\">\n\t\t\t\t\t\t\t\t\t<p>\u201cNo in\u00edcio era apenas um consult\u00f3rio\u2026 Quando percebemos que a popula\u00e7\u00e3o do Distrito Federal merecia algo maior, melhor, com mais tecnologia e a comodidade de todas as patologias urol\u00f3gicas serem diagnosticadas e tratadas em um s\u00f3 lugar\u2026\u201d<\/p><p>\u201cFomos PIONEIROS no tratamento por LASER do C\u00e2ncer de Pr\u00f3stata, dentre outras tecnologias e tratamentos\u2026\u201d<\/p><p>Dr. Geovani de Assis Pinheiro, Diretor T\u00e9cnico e M\u00e9dico Urologista do Hospital Urol\u00f3gico de Bras\u00edlia.<\/p>\t\t\t\t\t\t\t\t<\/div>\n\t\t\t\t<\/div>\n\t\t\t\t\t<\/div>\n\t\t<\/div>\n\t\t\t\t<div class=\"elementor-column elementor-col-50 elementor-inner-column elementor-element elementor-element-8bd0d11\" data-id=\"8bd0d11\" data-element_type=\"column\" data-e-type=\"column\">\n\t\t\t<div class=\"elementor-widget-wrap elementor-element-populated\">\n\t\t\t\t\t\t<div class=\"elementor-element elementor-element-ef4a2ec elementor-widget elementor-widget-video\" data-id=\"ef4a2ec\" data-element_type=\"widget\" data-e-type=\"widget\" data-settings=\"{&quot;youtube_url&quot;:&quot;https:\\\/\\\/youtu.be\\\/flVzmjTq3KA&quot;,&quot;video_type&quot;:&quot;youtube&quot;,&quot;controls&quot;:&quot;yes&quot;}\" data-widget_type=\"video.default\">\n\t\t\t\t<div class=\"elementor-widget-container\">\n\t\t\t\t\t\t\t<div class=\"elementor-wrapper elementor-open-inline\">\n\t\t\t<div class=\"elementor-video\"><\/div>\t\t<\/div>\n\t\t\t\t\t\t<\/div>\n\t\t\t\t<\/div>\n\t\t\t\t<div class=\"elementor-element elementor-element-c1d3a12 elementor-widget elementor-widget-text-editor\" data-id=\"c1d3a12\" data-element_type=\"widget\" data-e-type=\"widget\" data-widget_type=\"text-editor.default\">\n\t\t\t\t<div class=\"elementor-widget-container\">\n\t\t\t\t\t\t\t\t\t<p>Dra. Maria Cristina Souza Cunha, Diretora de Neg\u00f3cios e Relacionamento, aborda os DESAFIOS do Hospital Urol\u00f3gico e da IMPORT\u00c2NCIA da MULHER na tomada de decis\u00e3o do HOMEM, em buscar a PREVEN\u00c7\u00c3O e o TRATAMENTO para sua sa\u00fade.<\/p><p>\u201cA uni\u00e3o de todos do Hospital Urol\u00f3gico, os valores pautados em cordialidade, profissionalismo e empatia, fazem dos desafios de se dirigir um hospital algo prazeroso\u2026\u201d<\/p>\t\t\t\t\t\t\t\t<\/div>\n\t\t\t\t<\/div>\n\t\t\t\t\t<\/div>\n\t\t<\/div>\n\t\t\t\t\t<\/div>\n\t\t<\/section>\n\t\t\t\t\t<\/div>\n\t\t<\/div>\n\t\t\t\t\t<\/div>\n\t\t<\/section>\n\t\t\t\t<\/div>\n\t\t","protected":false},"excerpt":{"rendered":"<p>Previous slide Next slide A&nbsp;Urologia \u00e9 a especialidade cir\u00fargica da medicina que trata do aparelho urin\u00e1rio de homens e mulheres composto por dois rins, dois ureteres, uma bexiga e uma uretra. Os m\u00e9dicos especializados em&nbsp;Urologia&nbsp;est\u00e3o capacitados para diagnosticar, tratar e acompanhar pacientes com dist\u00farbios urol\u00f3gicos.&nbsp; Al\u00e9m do aparelho urin\u00e1rio compreendido pelo rim, ureter, bexiga e [&hellip;]<\/p>\n","protected":false},"author":1,"featured_media":10945,"parent":0,"menu_order":0,"comment_status":"closed","ping_status":"closed","template":"","meta":{"footnotes":""},"class_list":["post-10343","page","type-page","status-publish","has-post-thumbnail","hentry"],"yoast_head":"<!-- This site is optimized with the Yoast SEO plugin v27.5 - https:\/\/yoast.com\/product\/yoast-seo-wordpress\/ -->\n<title>Urologia de Refer\u00eancia em Bras\u00edlia\/DF - Hospital Urol\u00f3gico<\/title>\n<meta name=\"description\" content=\"A\u00a0Urologia \u00e9 a especialidade cir\u00fargica da medicina que trata do aparelho urin\u00e1rio de homens e mulheres composto por dois rins, dois ureteres, uma bexiga e uma uretra. Conhe\u00e7a mais...\" \/>\n<meta name=\"robots\" content=\"index, follow, max-snippet:-1, max-image-preview:large, max-video-preview:-1\" \/>\n<link rel=\"canonical\" href=\"https:\/\/hubrasilia.com.br\/index.php\/a-urologia\/\" \/>\n<meta property=\"og:locale\" content=\"pt_BR\" \/>\n<meta property=\"og:type\" content=\"article\" \/>\n<meta property=\"og:title\" content=\"Urologia de Refer\u00eancia em Bras\u00edlia\/DF - Hospital Urol\u00f3gico\" \/>\n<meta property=\"og:description\" content=\"A\u00a0Urologia \u00e9 a especialidade cir\u00fargica da medicina que trata do aparelho urin\u00e1rio de homens e mulheres composto por dois rins, dois ureteres, uma bexiga e uma uretra. Conhe\u00e7a mais...\" \/>\n<meta property=\"og:url\" content=\"https:\/\/hubrasilia.com.br\/index.php\/a-urologia\/\" \/>\n<meta property=\"og:site_name\" content=\"Hospital Urol\u00f3gico\" \/>\n<meta property=\"article:publisher\" content=\"https:\/\/facebook.com\/hospitalurologico\/\" \/>\n<meta property=\"article:modified_time\" content=\"2023-09-29T00:19:45+00:00\" \/>\n<meta property=\"og:image\" content=\"https:\/\/i0.wp.com\/hubrasilia.com.br\/wp-content\/uploads\/2018\/04\/adult-4402808_1280.jpg?fit=1280%2C854&ssl=1\" \/>\n\t<meta property=\"og:image:width\" content=\"1280\" \/>\n\t<meta property=\"og:image:height\" content=\"854\" \/>\n\t<meta property=\"og:image:type\" content=\"image\/jpeg\" \/>\n<meta name=\"twitter:card\" content=\"summary_large_image\" \/>\n<meta name=\"twitter:site\" content=\"@HUBrasilia\" \/>\n<meta name=\"twitter:label1\" content=\"Est. tempo de leitura\" \/>\n\t<meta name=\"twitter:data1\" content=\"1 minuto\" \/>\n<script type=\"application\/ld+json\" class=\"yoast-schema-graph\">{\"@context\":\"https:\\\/\\\/schema.org\",\"@graph\":[{\"@type\":\"WebPage\",\"@id\":\"https:\\\/\\\/hubrasilia.com.br\\\/index.php\\\/a-urologia\\\/\",\"url\":\"https:\\\/\\\/hubrasilia.com.br\\\/index.php\\\/a-urologia\\\/\",\"name\":\"Urologia de Refer\u00eancia em Bras\u00edlia\\\/DF - Hospital Urol\u00f3gico\",\"isPartOf\":{\"@id\":\"https:\\\/\\\/hubrasilia.com.br\\\/#website\"},\"primaryImageOfPage\":{\"@id\":\"https:\\\/\\\/hubrasilia.com.br\\\/index.php\\\/a-urologia\\\/#primaryimage\"},\"image\":{\"@id\":\"https:\\\/\\\/hubrasilia.com.br\\\/index.php\\\/a-urologia\\\/#primaryimage\"},\"thumbnailUrl\":\"https:\\\/\\\/hubrasilia.com.br\\\/wp-content\\\/uploads\\\/2018\\\/04\\\/adult-4402808_1280.jpg\",\"datePublished\":\"2019-05-01T14:05:56+00:00\",\"dateModified\":\"2023-09-29T00:19:45+00:00\",\"description\":\"A\u00a0Urologia \u00e9 a especialidade cir\u00fargica da medicina que trata do aparelho urin\u00e1rio de homens e mulheres composto por dois rins, dois ureteres, uma bexiga e uma uretra. Conhe\u00e7a mais...\",\"breadcrumb\":{\"@id\":\"https:\\\/\\\/hubrasilia.com.br\\\/index.php\\\/a-urologia\\\/#breadcrumb\"},\"inLanguage\":\"pt-BR\",\"potentialAction\":[{\"@type\":\"ReadAction\",\"target\":[\"https:\\\/\\\/hubrasilia.com.br\\\/index.php\\\/a-urologia\\\/\"]}]},{\"@type\":\"ImageObject\",\"inLanguage\":\"pt-BR\",\"@id\":\"https:\\\/\\\/hubrasilia.com.br\\\/index.php\\\/a-urologia\\\/#primaryimage\",\"url\":\"https:\\\/\\\/hubrasilia.com.br\\\/wp-content\\\/uploads\\\/2018\\\/04\\\/adult-4402808_1280.jpg\",\"contentUrl\":\"https:\\\/\\\/hubrasilia.com.br\\\/wp-content\\\/uploads\\\/2018\\\/04\\\/adult-4402808_1280.jpg\",\"width\":1280,\"height\":854,\"caption\":\"bexiga hiperativa\"},{\"@type\":\"BreadcrumbList\",\"@id\":\"https:\\\/\\\/hubrasilia.com.br\\\/index.php\\\/a-urologia\\\/#breadcrumb\",\"itemListElement\":[{\"@type\":\"ListItem\",\"position\":1,\"name\":\"In\u00edcio\",\"item\":\"https:\\\/\\\/hubrasilia.com.br\\\/\"},{\"@type\":\"ListItem\",\"position\":2,\"name\":\"Urologia de Refer\u00eancia em Bras\u00edlia\\\/DF\"}]},{\"@type\":\"WebSite\",\"@id\":\"https:\\\/\\\/hubrasilia.com.br\\\/#website\",\"url\":\"https:\\\/\\\/hubrasilia.com.br\\\/\",\"name\":\"HOSPITAL UROLOGICO DE BRASILIA\\\/DF\",\"description\":\"Refer\u00eancia em Urologia - Asa Sul - Bras\u00edlia\\\/DF\",\"publisher\":{\"@id\":\"https:\\\/\\\/hubrasilia.com.br\\\/#organization\"},\"potentialAction\":[{\"@type\":\"SearchAction\",\"target\":{\"@type\":\"EntryPoint\",\"urlTemplate\":\"https:\\\/\\\/hubrasilia.com.br\\\/?s={search_term_string}\"},\"query-input\":{\"@type\":\"PropertyValueSpecification\",\"valueRequired\":true,\"valueName\":\"search_term_string\"}}],\"inLanguage\":\"pt-BR\"},{\"@type\":\"Organization\",\"@id\":\"https:\\\/\\\/hubrasilia.com.br\\\/#organization\",\"name\":\"HOSPITAL UROLOGICO DE BRASILIA\\\/DF\",\"url\":\"https:\\\/\\\/hubrasilia.com.br\\\/\",\"logo\":{\"@type\":\"ImageObject\",\"inLanguage\":\"pt-BR\",\"@id\":\"https:\\\/\\\/hubrasilia.com.br\\\/#\\\/schema\\\/logo\\\/image\\\/\",\"url\":\"https:\\\/\\\/hubrasilia.com.br\\\/wp-content\\\/uploads\\\/2020\\\/02\\\/logo-small.png\",\"contentUrl\":\"https:\\\/\\\/hubrasilia.com.br\\\/wp-content\\\/uploads\\\/2020\\\/02\\\/logo-small.png\",\"width\":185,\"height\":89,\"caption\":\"HOSPITAL UROLOGICO DE BRASILIA\\\/DF\"},\"image\":{\"@id\":\"https:\\\/\\\/hubrasilia.com.br\\\/#\\\/schema\\\/logo\\\/image\\\/\"},\"sameAs\":[\"https:\\\/\\\/facebook.com\\\/hospitalurologico\\\/\",\"https:\\\/\\\/x.com\\\/HUBrasilia\",\"https:\\\/\\\/hubrasilia.com.br\\\/index.php\\\/link\\\/instagram\\\/\",\"https:\\\/\\\/hubrasilia.com.br\\\/index.php\\\/link\\\/youtube\\\/\"]}]}<\/script>\n<!-- \/ Yoast SEO plugin. -->","yoast_head_json":{"title":"Urologia de Refer\u00eancia em Bras\u00edlia\/DF - Hospital Urol\u00f3gico","description":"A\u00a0Urologia \u00e9 a especialidade cir\u00fargica da medicina que trata do aparelho urin\u00e1rio de homens e mulheres composto por dois rins, dois ureteres, uma bexiga e uma uretra. Conhe\u00e7a mais...","robots":{"index":"index","follow":"follow","max-snippet":"max-snippet:-1","max-image-preview":"max-image-preview:large","max-video-preview":"max-video-preview:-1"},"canonical":"https:\/\/hubrasilia.com.br\/index.php\/a-urologia\/","og_locale":"pt_BR","og_type":"article","og_title":"Urologia de Refer\u00eancia em Bras\u00edlia\/DF - Hospital Urol\u00f3gico","og_description":"A\u00a0Urologia \u00e9 a especialidade cir\u00fargica da medicina que trata do aparelho urin\u00e1rio de homens e mulheres composto por dois rins, dois ureteres, uma bexiga e uma uretra. Conhe\u00e7a mais...","og_url":"https:\/\/hubrasilia.com.br\/index.php\/a-urologia\/","og_site_name":"Hospital Urol\u00f3gico","article_publisher":"https:\/\/facebook.com\/hospitalurologico\/","article_modified_time":"2023-09-29T00:19:45+00:00","og_image":[{"width":1280,"height":854,"url":"https:\/\/i0.wp.com\/hubrasilia.com.br\/wp-content\/uploads\/2018\/04\/adult-4402808_1280.jpg?fit=1280%2C854&ssl=1","type":"image\/jpeg"}],"twitter_card":"summary_large_image","twitter_site":"@HUBrasilia","twitter_misc":{"Est. tempo de leitura":"1 minuto"},"schema":{"@context":"https:\/\/schema.org","@graph":[{"@type":"WebPage","@id":"https:\/\/hubrasilia.com.br\/index.php\/a-urologia\/","url":"https:\/\/hubrasilia.com.br\/index.php\/a-urologia\/","name":"Urologia de Refer\u00eancia em Bras\u00edlia\/DF - Hospital Urol\u00f3gico","isPartOf":{"@id":"https:\/\/hubrasilia.com.br\/#website"},"primaryImageOfPage":{"@id":"https:\/\/hubrasilia.com.br\/index.php\/a-urologia\/#primaryimage"},"image":{"@id":"https:\/\/hubrasilia.com.br\/index.php\/a-urologia\/#primaryimage"},"thumbnailUrl":"https:\/\/hubrasilia.com.br\/wp-content\/uploads\/2018\/04\/adult-4402808_1280.jpg","datePublished":"2019-05-01T14:05:56+00:00","dateModified":"2023-09-29T00:19:45+00:00","description":"A\u00a0Urologia \u00e9 a especialidade cir\u00fargica da medicina que trata do aparelho urin\u00e1rio de homens e mulheres composto por dois rins, dois ureteres, uma bexiga e uma uretra. Conhe\u00e7a mais...","breadcrumb":{"@id":"https:\/\/hubrasilia.com.br\/index.php\/a-urologia\/#breadcrumb"},"inLanguage":"pt-BR","potentialAction":[{"@type":"ReadAction","target":["https:\/\/hubrasilia.com.br\/index.php\/a-urologia\/"]}]},{"@type":"ImageObject","inLanguage":"pt-BR","@id":"https:\/\/hubrasilia.com.br\/index.php\/a-urologia\/#primaryimage","url":"https:\/\/hubrasilia.com.br\/wp-content\/uploads\/2018\/04\/adult-4402808_1280.jpg","contentUrl":"https:\/\/hubrasilia.com.br\/wp-content\/uploads\/2018\/04\/adult-4402808_1280.jpg","width":1280,"height":854,"caption":"bexiga hiperativa"},{"@type":"BreadcrumbList","@id":"https:\/\/hubrasilia.com.br\/index.php\/a-urologia\/#breadcrumb","itemListElement":[{"@type":"ListItem","position":1,"name":"In\u00edcio","item":"https:\/\/hubrasilia.com.br\/"},{"@type":"ListItem","position":2,"name":"Urologia de Refer\u00eancia em Bras\u00edlia\/DF"}]},{"@type":"WebSite","@id":"https:\/\/hubrasilia.com.br\/#website","url":"https:\/\/hubrasilia.com.br\/","name":"HOSPITAL UROLOGICO DE BRASILIA\/DF","description":"Refer\u00eancia em Urologia - Asa Sul - Bras\u00edlia\/DF","publisher":{"@id":"https:\/\/hubrasilia.com.br\/#organization"},"potentialAction":[{"@type":"SearchAction","target":{"@type":"EntryPoint","urlTemplate":"https:\/\/hubrasilia.com.br\/?s={search_term_string}"},"query-input":{"@type":"PropertyValueSpecification","valueRequired":true,"valueName":"search_term_string"}}],"inLanguage":"pt-BR"},{"@type":"Organization","@id":"https:\/\/hubrasilia.com.br\/#organization","name":"HOSPITAL UROLOGICO DE BRASILIA\/DF","url":"https:\/\/hubrasilia.com.br\/","logo":{"@type":"ImageObject","inLanguage":"pt-BR","@id":"https:\/\/hubrasilia.com.br\/#\/schema\/logo\/image\/","url":"https:\/\/hubrasilia.com.br\/wp-content\/uploads\/2020\/02\/logo-small.png","contentUrl":"https:\/\/hubrasilia.com.br\/wp-content\/uploads\/2020\/02\/logo-small.png","width":185,"height":89,"caption":"HOSPITAL UROLOGICO DE BRASILIA\/DF"},"image":{"@id":"https:\/\/hubrasilia.com.br\/#\/schema\/logo\/image\/"},"sameAs":["https:\/\/facebook.com\/hospitalurologico\/","https:\/\/x.com\/HUBrasilia","https:\/\/hubrasilia.com.br\/index.php\/link\/instagram\/","https:\/\/hubrasilia.com.br\/index.php\/link\/youtube\/"]}]}},"_links":{"self":[{"href":"https:\/\/hubrasilia.com.br\/index.php\/wp-json\/wp\/v2\/pages\/10343","targetHints":{"allow":["GET"]}}],"collection":[{"href":"https:\/\/hubrasilia.com.br\/index.php\/wp-json\/wp\/v2\/pages"}],"about":[{"href":"https:\/\/hubrasilia.com.br\/index.php\/wp-json\/wp\/v2\/types\/page"}],"author":[{"embeddable":true,"href":"https:\/\/hubrasilia.com.br\/index.php\/wp-json\/wp\/v2\/users\/1"}],"replies":[{"embeddable":true,"href":"https:\/\/hubrasilia.com.br\/index.php\/wp-json\/wp\/v2\/comments?post=10343"}],"version-history":[{"count":0,"href":"https:\/\/hubrasilia.com.br\/index.php\/wp-json\/wp\/v2\/pages\/10343\/revisions"}],"wp:featuredmedia":[{"embeddable":true,"href":"https:\/\/hubrasilia.com.br\/index.php\/wp-json\/wp\/v2\/media\/10945"}],"wp:attachment":[{"href":"https:\/\/hubrasilia.com.br\/index.php\/wp-json\/wp\/v2\/media?parent=10343"}],"curies":[{"name":"wp","href":"https:\/\/api.w.org\/{rel}","templated":true}]}}