{"id":10373,"date":"2019-05-15T10:08:47","date_gmt":"2019-05-15T13:08:47","guid":{"rendered":"https:\/\/hospitalurologico.com.br\/wp\/?page_id=10373"},"modified":"2022-10-10T13:23:50","modified_gmt":"2022-10-10T16:23:50","slug":"resultado-de-exames","status":"publish","type":"page","link":"https:\/\/hubrasilia.com.br\/index.php\/resultado-de-exames\/","title":{"rendered":"Resultado de Exames"},"content":{"rendered":"<div>Visando um maior conforto e seguran\u00e7a para os seus pacientes, o Hospital Urol\u00f3gico disponibiliza o resultado de exames via internet.<\/div>\n<div><\/div>\n<div><strong>Para acessar o resultado de exames, siga as orienta\u00e7\u00f5es:<\/strong><\/div>\n<ul>\n<li>Esteja com seu login e senha disponibilizados no ato do seu atendimento de recep\u00e7\u00e3o.<\/li>\n<li>Para acessar seu resultado de exames realizados <strong>&gt;&gt; <\/strong><a style=\"font-size: 18px; font-weight: bold;\" href=\"https:\/\/hubrasilia.com.br\/index.php\/link\/resultado-exames-novo\/\" target=\"_blank\" rel=\"noopener noreferrer\">clique aqui!!<\/a><\/li>\n<li>D\u00favidas ou intercorr\u00eancias, entre em contato com nosso pessoal de Tecnologia da Informa\u00e7\u00e3o pelo telefone <strong>(61) 3345-9373<\/strong>.<\/li>\n<\/ul>\n","protected":false},"excerpt":{"rendered":"<p>Visando um maior conforto e seguran\u00e7a para os seus pacientes, o Hospital Urol\u00f3gico disponibiliza o resultado de exames via internet. Para acessar o resultado de exames, siga as orienta\u00e7\u00f5es: Esteja com seu login e senha disponibilizados no ato do seu atendimento de recep\u00e7\u00e3o. Para acessar seu resultado de exames realizados &gt;&gt; clique aqui!! D\u00favidas ou [&hellip;]<\/p>\n","protected":false},"author":1,"featured_media":0,"parent":0,"menu_order":0,"comment_status":"closed","ping_status":"closed","template":"","meta":{"footnotes":""},"class_list":["post-10373","page","type-page","status-publish","hentry"],"yoast_head":"<!-- This site is optimized with the Yoast SEO plugin v27.4 - https:\/\/yoast.com\/product\/yoast-seo-wordpress\/ -->\n<title>Resultado de Exames - Hospital Urol\u00f3gico<\/title>\n<meta name=\"description\" content=\"Para sua comodidade, conforto e seguran\u00e7a. O Hospital Urol\u00f3gico oferece o servi\u00e7o de resultado de exames pela internet. \u00c9 s\u00f3 clicar e acessar!!\" \/>\n<meta name=\"robots\" content=\"index, follow, max-snippet:-1, max-image-preview:large, max-video-preview:-1\" \/>\n<link rel=\"canonical\" href=\"https:\/\/hubrasilia.com.br\/index.php\/resultado-de-exames\/\" \/>\n<meta property=\"og:locale\" content=\"pt_BR\" \/>\n<meta property=\"og:type\" content=\"article\" \/>\n<meta property=\"og:title\" content=\"Resultado de Exames - Hospital Urol\u00f3gico\" \/>\n<meta property=\"og:description\" content=\"Para sua comodidade, conforto e seguran\u00e7a. O Hospital Urol\u00f3gico oferece o servi\u00e7o de resultado de exames pela internet. \u00c9 s\u00f3 clicar e acessar!!\" \/>\n<meta property=\"og:url\" content=\"https:\/\/hubrasilia.com.br\/index.php\/resultado-de-exames\/\" \/>\n<meta property=\"og:site_name\" content=\"Hospital Urol\u00f3gico\" \/>\n<meta property=\"article:publisher\" content=\"https:\/\/facebook.com\/hospitalurologico\/\" \/>\n<meta property=\"article:modified_time\" content=\"2022-10-10T16:23:50+00:00\" \/>\n<meta name=\"twitter:card\" content=\"summary_large_image\" \/>\n<meta name=\"twitter:site\" content=\"@HUBrasilia\" \/>\n<script type=\"application\/ld+json\" class=\"yoast-schema-graph\">{\"@context\":\"https:\\\/\\\/schema.org\",\"@graph\":[{\"@type\":\"WebPage\",\"@id\":\"https:\\\/\\\/hubrasilia.com.br\\\/index.php\\\/resultado-de-exames\\\/\",\"url\":\"https:\\\/\\\/hubrasilia.com.br\\\/index.php\\\/resultado-de-exames\\\/\",\"name\":\"Resultado de Exames - Hospital Urol\u00f3gico\",\"isPartOf\":{\"@id\":\"https:\\\/\\\/hubrasilia.com.br\\\/#website\"},\"datePublished\":\"2019-05-15T13:08:47+00:00\",\"dateModified\":\"2022-10-10T16:23:50+00:00\",\"description\":\"Para sua comodidade, conforto e seguran\u00e7a. O Hospital Urol\u00f3gico oferece o servi\u00e7o de resultado de exames pela internet. \u00c9 s\u00f3 clicar e acessar!!\",\"breadcrumb\":{\"@id\":\"https:\\\/\\\/hubrasilia.com.br\\\/index.php\\\/resultado-de-exames\\\/#breadcrumb\"},\"inLanguage\":\"pt-BR\",\"potentialAction\":[{\"@type\":\"ReadAction\",\"target\":[\"https:\\\/\\\/hubrasilia.com.br\\\/index.php\\\/resultado-de-exames\\\/\"]}]},{\"@type\":\"BreadcrumbList\",\"@id\":\"https:\\\/\\\/hubrasilia.com.br\\\/index.php\\\/resultado-de-exames\\\/#breadcrumb\",\"itemListElement\":[{\"@type\":\"ListItem\",\"position\":1,\"name\":\"In\u00edcio\",\"item\":\"https:\\\/\\\/hubrasilia.com.br\\\/\"},{\"@type\":\"ListItem\",\"position\":2,\"name\":\"Resultado de Exames\"}]},{\"@type\":\"WebSite\",\"@id\":\"https:\\\/\\\/hubrasilia.com.br\\\/#website\",\"url\":\"https:\\\/\\\/hubrasilia.com.br\\\/\",\"name\":\"HOSPITAL UROLOGICO DE BRASILIA\\\/DF\",\"description\":\"Refer\u00eancia em Urologia - Asa Sul - Bras\u00edlia\\\/DF\",\"publisher\":{\"@id\":\"https:\\\/\\\/hubrasilia.com.br\\\/#organization\"},\"potentialAction\":[{\"@type\":\"SearchAction\",\"target\":{\"@type\":\"EntryPoint\",\"urlTemplate\":\"https:\\\/\\\/hubrasilia.com.br\\\/?s={search_term_string}\"},\"query-input\":{\"@type\":\"PropertyValueSpecification\",\"valueRequired\":true,\"valueName\":\"search_term_string\"}}],\"inLanguage\":\"pt-BR\"},{\"@type\":\"Organization\",\"@id\":\"https:\\\/\\\/hubrasilia.com.br\\\/#organization\",\"name\":\"HOSPITAL UROLOGICO DE BRASILIA\\\/DF\",\"url\":\"https:\\\/\\\/hubrasilia.com.br\\\/\",\"logo\":{\"@type\":\"ImageObject\",\"inLanguage\":\"pt-BR\",\"@id\":\"https:\\\/\\\/hubrasilia.com.br\\\/#\\\/schema\\\/logo\\\/image\\\/\",\"url\":\"https:\\\/\\\/hubrasilia.com.br\\\/wp-content\\\/uploads\\\/2020\\\/02\\\/logo-small.png\",\"contentUrl\":\"https:\\\/\\\/hubrasilia.com.br\\\/wp-content\\\/uploads\\\/2020\\\/02\\\/logo-small.png\",\"width\":185,\"height\":89,\"caption\":\"HOSPITAL UROLOGICO DE BRASILIA\\\/DF\"},\"image\":{\"@id\":\"https:\\\/\\\/hubrasilia.com.br\\\/#\\\/schema\\\/logo\\\/image\\\/\"},\"sameAs\":[\"https:\\\/\\\/facebook.com\\\/hospitalurologico\\\/\",\"https:\\\/\\\/x.com\\\/HUBrasilia\",\"https:\\\/\\\/hubrasilia.com.br\\\/index.php\\\/link\\\/instagram\\\/\",\"https:\\\/\\\/hubrasilia.com.br\\\/index.php\\\/link\\\/youtube\\\/\"]}]}<\/script>\n<!-- \/ Yoast SEO plugin. -->","yoast_head_json":{"title":"Resultado de Exames - Hospital Urol\u00f3gico","description":"Para sua comodidade, conforto e seguran\u00e7a. O Hospital Urol\u00f3gico oferece o servi\u00e7o de resultado de exames pela internet. \u00c9 s\u00f3 clicar e acessar!!","robots":{"index":"index","follow":"follow","max-snippet":"max-snippet:-1","max-image-preview":"max-image-preview:large","max-video-preview":"max-video-preview:-1"},"canonical":"https:\/\/hubrasilia.com.br\/index.php\/resultado-de-exames\/","og_locale":"pt_BR","og_type":"article","og_title":"Resultado de Exames - Hospital Urol\u00f3gico","og_description":"Para sua comodidade, conforto e seguran\u00e7a. O Hospital Urol\u00f3gico oferece o servi\u00e7o de resultado de exames pela internet. \u00c9 s\u00f3 clicar e acessar!!","og_url":"https:\/\/hubrasilia.com.br\/index.php\/resultado-de-exames\/","og_site_name":"Hospital Urol\u00f3gico","article_publisher":"https:\/\/facebook.com\/hospitalurologico\/","article_modified_time":"2022-10-10T16:23:50+00:00","twitter_card":"summary_large_image","twitter_site":"@HUBrasilia","schema":{"@context":"https:\/\/schema.org","@graph":[{"@type":"WebPage","@id":"https:\/\/hubrasilia.com.br\/index.php\/resultado-de-exames\/","url":"https:\/\/hubrasilia.com.br\/index.php\/resultado-de-exames\/","name":"Resultado de Exames - Hospital Urol\u00f3gico","isPartOf":{"@id":"https:\/\/hubrasilia.com.br\/#website"},"datePublished":"2019-05-15T13:08:47+00:00","dateModified":"2022-10-10T16:23:50+00:00","description":"Para sua comodidade, conforto e seguran\u00e7a. O Hospital Urol\u00f3gico oferece o servi\u00e7o de resultado de exames pela internet. \u00c9 s\u00f3 clicar e acessar!!","breadcrumb":{"@id":"https:\/\/hubrasilia.com.br\/index.php\/resultado-de-exames\/#breadcrumb"},"inLanguage":"pt-BR","potentialAction":[{"@type":"ReadAction","target":["https:\/\/hubrasilia.com.br\/index.php\/resultado-de-exames\/"]}]},{"@type":"BreadcrumbList","@id":"https:\/\/hubrasilia.com.br\/index.php\/resultado-de-exames\/#breadcrumb","itemListElement":[{"@type":"ListItem","position":1,"name":"In\u00edcio","item":"https:\/\/hubrasilia.com.br\/"},{"@type":"ListItem","position":2,"name":"Resultado de Exames"}]},{"@type":"WebSite","@id":"https:\/\/hubrasilia.com.br\/#website","url":"https:\/\/hubrasilia.com.br\/","name":"HOSPITAL UROLOGICO DE BRASILIA\/DF","description":"Refer\u00eancia em Urologia - Asa Sul - Bras\u00edlia\/DF","publisher":{"@id":"https:\/\/hubrasilia.com.br\/#organization"},"potentialAction":[{"@type":"SearchAction","target":{"@type":"EntryPoint","urlTemplate":"https:\/\/hubrasilia.com.br\/?s={search_term_string}"},"query-input":{"@type":"PropertyValueSpecification","valueRequired":true,"valueName":"search_term_string"}}],"inLanguage":"pt-BR"},{"@type":"Organization","@id":"https:\/\/hubrasilia.com.br\/#organization","name":"HOSPITAL UROLOGICO DE BRASILIA\/DF","url":"https:\/\/hubrasilia.com.br\/","logo":{"@type":"ImageObject","inLanguage":"pt-BR","@id":"https:\/\/hubrasilia.com.br\/#\/schema\/logo\/image\/","url":"https:\/\/hubrasilia.com.br\/wp-content\/uploads\/2020\/02\/logo-small.png","contentUrl":"https:\/\/hubrasilia.com.br\/wp-content\/uploads\/2020\/02\/logo-small.png","width":185,"height":89,"caption":"HOSPITAL UROLOGICO DE BRASILIA\/DF"},"image":{"@id":"https:\/\/hubrasilia.com.br\/#\/schema\/logo\/image\/"},"sameAs":["https:\/\/facebook.com\/hospitalurologico\/","https:\/\/x.com\/HUBrasilia","https:\/\/hubrasilia.com.br\/index.php\/link\/instagram\/","https:\/\/hubrasilia.com.br\/index.php\/link\/youtube\/"]}]}},"_links":{"self":[{"href":"https:\/\/hubrasilia.com.br\/index.php\/wp-json\/wp\/v2\/pages\/10373","targetHints":{"allow":["GET"]}}],"collection":[{"href":"https:\/\/hubrasilia.com.br\/index.php\/wp-json\/wp\/v2\/pages"}],"about":[{"href":"https:\/\/hubrasilia.com.br\/index.php\/wp-json\/wp\/v2\/types\/page"}],"author":[{"embeddable":true,"href":"https:\/\/hubrasilia.com.br\/index.php\/wp-json\/wp\/v2\/users\/1"}],"replies":[{"embeddable":true,"href":"https:\/\/hubrasilia.com.br\/index.php\/wp-json\/wp\/v2\/comments?post=10373"}],"version-history":[{"count":0,"href":"https:\/\/hubrasilia.com.br\/index.php\/wp-json\/wp\/v2\/pages\/10373\/revisions"}],"wp:attachment":[{"href":"https:\/\/hubrasilia.com.br\/index.php\/wp-json\/wp\/v2\/media?parent=10373"}],"curies":[{"name":"wp","href":"https:\/\/api.w.org\/{rel}","templated":true}]}}