{"id":10379,"date":"2019-05-15T10:21:05","date_gmt":"2019-05-15T13:21:05","guid":{"rendered":"https:\/\/hospitalurologico.com.br\/wp\/?page_id=10379"},"modified":"2020-04-08T11:55:05","modified_gmt":"2020-04-08T14:55:05","slug":"orientacoes-e-preparos-para-biopsias-prostaticas","status":"publish","type":"page","link":"https:\/\/hubrasilia.com.br\/index.php\/orientacoes-e-preparos-para-biopsias-prostaticas\/","title":{"rendered":"Orienta\u00e7\u00f5es e preparos para Bi\u00f3psias Prost\u00e1ticas"},"content":{"rendered":"<p><strong>Antes da Bi\u00f3psia<\/strong><\/p>\n<p align=\"justify\">1) Medicamentos como: AAS, ASPIRINA, MELHORAL, VOLTAREN, CATAFLAN, PROFENID, PERSANTIN, HEPARINA, TRENTAL, LIQUEMINE, FRAXPARINE e MAREVAN, devem ser interrompidos 10 dias antes da bi\u00f3psia e at\u00e9 10 dias ap\u00f3s.<br \/>\nOBS: verificar junto ao m\u00e9dico que prescreveu tais medicamentos, se acarretar\u00e1 preju\u00edzo ao tratamento.<\/p>\n<p align=\"justify\">2) Discriminar os medicamentos que est\u00e1 fazendo uso:<br \/>\n_______________________________________________________________________<\/p>\n<p align=\"justify\">3) Alergia \u00e0 medicamentos?<\/p>\n<p align=\"justify\">() Sim.<br \/>\nQuais?_______________________________________________________________________<br \/>\n( ) N\u00e3o.<\/p>\n<p align=\"justify\">4) Tomar 1 comprimido de QUINOFLOX &#8211; 500mg de 12\/12 horas durante 7 dias (uma caixa cont\u00e9m 14 comprimidos). Favor iniciar o preparo no Domingo com o primeiro comprimido a partir das 8:00 horas e o segundo as 20:00 horas. N\u00e3o fa\u00e7a uso do medicamento no dia da bi\u00f3psia e caso tenha tido alergia ao medicamento favor comunicar ao seu m\u00e9dico.<\/p>\n<p align=\"justify\">5) Realizar, em casa, o FOSFO ENEMA &#8211; VIA RETAL (lavagem intestinal), 4 horas antes do exame.<\/p>\n<p align=\"justify\">6) Trazer, no dia do exame, um acompanhante.<\/p>\n<p align=\"justify\">7) Trazer o \u00faltimo resultado de exame de Ecografia Prost\u00e1tica e \u00faltimo exame de PSA.<\/p>\n<p align=\"justify\">8) Realizar jejum (inclusive de l\u00edquidos) 8 horas antes do exame.<\/p>\n<p align=\"justify\">9) Trazer risco cir\u00fargico (parecer cardiol\u00f3gico) fornecido pelo cardiologista.<\/p>\n<p align=\"justify\">10) favor chegar as 7:00 horas da manh\u00e3.<\/p>\n<p align=\"justify\">11) Para pacientes diab\u00e9ticos, os mesmos dever\u00e3o estar com a glicemia normalizada (ou conforme orienta\u00e7\u00f5es do endocrinologista).<\/p>\n<p align=\"justify\">12) Exames laboratoriais que s\u00e3o obrigat\u00f3rios: HEMOGRAMA, S\u00d3DIO, POT\u00c1SSIO, UR\u00c9IA, CREATININA, GLICEMIA DE JEJUM E COAGULOGRAMA.<\/p>\n<p align=\"justify\">13) Marcar consulta no consult\u00f3rio pr\u00e9-anest\u00e9sico do Hospital Urol\u00f3gico antes do dia da Bi\u00f3psia Prost\u00e1tica (efetuar marca\u00e7\u00e3o somente quando o m\u00e9dico solicitar).<\/p>\n<p align=\"justify\">14) A alta hospitalar \u00e9 prevista para o final da tarde da data de realiza\u00e7\u00e3o do exame.<\/p>\n<p align=\"justify\">15) Caso tenha realizado exame de bi\u00f3psia anteriormente, favor trazer c\u00f3pia do resultado.<\/p>\n<p align=\"justify\"><strong>Depois da Bi\u00f3psia<\/strong><\/p>\n<p align=\"justify\">1) Manter tratamento com QUINOFLOX 500mg, por mais 6 dias, a partir do dia do exame (confome orientado), ou de outro antibi\u00f3tico prescrito pelo seu m\u00e9dico.<\/p>\n<p align=\"justify\">2) Evitar esfor\u00e7os f\u00edsicos (levantar peso, subir escadas e rela\u00e7\u00f5es sexuais) por 10 dias.<\/p>\n<p align=\"justify\">3) \u00c9 normal apresentar pequeno sangramento pela urina e pelas fezes at\u00e9 7 dias e no esperma at\u00e9 4 semanas.<\/p>\n<p align=\"justify\">4) Se houver sangramento mais grave ou febre, contactar seu m\u00e9dico urologista ou o servi\u00e7o de urologia deste hospital pelo telefone (61) 3345-9300 ou pessoalmente.<\/p>\n","protected":false},"excerpt":{"rendered":"<p>Antes da Bi\u00f3psia 1) Medicamentos como: AAS, ASPIRINA, MELHORAL, VOLTAREN, CATAFLAN, PROFENID, PERSANTIN, HEPARINA, TRENTAL, LIQUEMINE, FRAXPARINE e MAREVAN, devem ser interrompidos 10 dias antes da bi\u00f3psia e at\u00e9 10 dias ap\u00f3s. OBS: verificar junto ao m\u00e9dico que prescreveu tais medicamentos, se acarretar\u00e1 preju\u00edzo ao tratamento. 2) Discriminar os medicamentos que est\u00e1 fazendo uso: _______________________________________________________________________ [&hellip;]<\/p>\n","protected":false},"author":1,"featured_media":0,"parent":0,"menu_order":0,"comment_status":"closed","ping_status":"closed","template":"","meta":{"footnotes":""},"class_list":["post-10379","page","type-page","status-publish","hentry"],"yoast_head":"<!-- This site is optimized with the Yoast SEO plugin v27.4 - https:\/\/yoast.com\/product\/yoast-seo-wordpress\/ -->\n<title>Orienta\u00e7\u00f5es e preparos para Bi\u00f3psias Prost\u00e1ticas - Hospital Urol\u00f3gico<\/title>\n<meta name=\"robots\" content=\"index, follow, max-snippet:-1, max-image-preview:large, max-video-preview:-1\" \/>\n<link rel=\"canonical\" href=\"https:\/\/hubrasilia.com.br\/index.php\/orientacoes-e-preparos-para-biopsias-prostaticas\/\" \/>\n<meta property=\"og:locale\" content=\"pt_BR\" \/>\n<meta property=\"og:type\" content=\"article\" \/>\n<meta property=\"og:title\" content=\"Orienta\u00e7\u00f5es e preparos para Bi\u00f3psias Prost\u00e1ticas - Hospital Urol\u00f3gico\" \/>\n<meta property=\"og:description\" content=\"Antes da Bi\u00f3psia 1) Medicamentos como: AAS, ASPIRINA, MELHORAL, VOLTAREN, CATAFLAN, PROFENID, PERSANTIN, HEPARINA, TRENTAL, LIQUEMINE, FRAXPARINE e MAREVAN, devem ser interrompidos 10 dias antes da bi\u00f3psia e at\u00e9 10 dias ap\u00f3s. OBS: verificar junto ao m\u00e9dico que prescreveu tais medicamentos, se acarretar\u00e1 preju\u00edzo ao tratamento. 2) Discriminar os medicamentos que est\u00e1 fazendo uso: _______________________________________________________________________ [&hellip;]\" \/>\n<meta property=\"og:url\" content=\"https:\/\/hubrasilia.com.br\/index.php\/orientacoes-e-preparos-para-biopsias-prostaticas\/\" \/>\n<meta property=\"og:site_name\" content=\"Hospital Urol\u00f3gico\" \/>\n<meta property=\"article:publisher\" content=\"https:\/\/facebook.com\/hospitalurologico\/\" \/>\n<meta property=\"article:modified_time\" content=\"2020-04-08T14:55:05+00:00\" \/>\n<meta name=\"twitter:card\" content=\"summary_large_image\" \/>\n<meta name=\"twitter:site\" content=\"@HUBrasilia\" \/>\n<meta name=\"twitter:label1\" content=\"Est. tempo de leitura\" \/>\n\t<meta name=\"twitter:data1\" content=\"2 minutos\" \/>\n<script type=\"application\/ld+json\" class=\"yoast-schema-graph\">{\"@context\":\"https:\\\/\\\/schema.org\",\"@graph\":[{\"@type\":\"WebPage\",\"@id\":\"https:\\\/\\\/hubrasilia.com.br\\\/index.php\\\/orientacoes-e-preparos-para-biopsias-prostaticas\\\/\",\"url\":\"https:\\\/\\\/hubrasilia.com.br\\\/index.php\\\/orientacoes-e-preparos-para-biopsias-prostaticas\\\/\",\"name\":\"Orienta\u00e7\u00f5es e preparos para Bi\u00f3psias Prost\u00e1ticas - Hospital Urol\u00f3gico\",\"isPartOf\":{\"@id\":\"https:\\\/\\\/hubrasilia.com.br\\\/#website\"},\"datePublished\":\"2019-05-15T13:21:05+00:00\",\"dateModified\":\"2020-04-08T14:55:05+00:00\",\"breadcrumb\":{\"@id\":\"https:\\\/\\\/hubrasilia.com.br\\\/index.php\\\/orientacoes-e-preparos-para-biopsias-prostaticas\\\/#breadcrumb\"},\"inLanguage\":\"pt-BR\",\"potentialAction\":[{\"@type\":\"ReadAction\",\"target\":[\"https:\\\/\\\/hubrasilia.com.br\\\/index.php\\\/orientacoes-e-preparos-para-biopsias-prostaticas\\\/\"]}]},{\"@type\":\"BreadcrumbList\",\"@id\":\"https:\\\/\\\/hubrasilia.com.br\\\/index.php\\\/orientacoes-e-preparos-para-biopsias-prostaticas\\\/#breadcrumb\",\"itemListElement\":[{\"@type\":\"ListItem\",\"position\":1,\"name\":\"In\u00edcio\",\"item\":\"https:\\\/\\\/hubrasilia.com.br\\\/\"},{\"@type\":\"ListItem\",\"position\":2,\"name\":\"Orienta\u00e7\u00f5es e preparos para Bi\u00f3psias Prost\u00e1ticas\"}]},{\"@type\":\"WebSite\",\"@id\":\"https:\\\/\\\/hubrasilia.com.br\\\/#website\",\"url\":\"https:\\\/\\\/hubrasilia.com.br\\\/\",\"name\":\"HOSPITAL UROLOGICO DE BRASILIA\\\/DF\",\"description\":\"Refer\u00eancia em Urologia - Asa Sul - Bras\u00edlia\\\/DF\",\"publisher\":{\"@id\":\"https:\\\/\\\/hubrasilia.com.br\\\/#organization\"},\"potentialAction\":[{\"@type\":\"SearchAction\",\"target\":{\"@type\":\"EntryPoint\",\"urlTemplate\":\"https:\\\/\\\/hubrasilia.com.br\\\/?s={search_term_string}\"},\"query-input\":{\"@type\":\"PropertyValueSpecification\",\"valueRequired\":true,\"valueName\":\"search_term_string\"}}],\"inLanguage\":\"pt-BR\"},{\"@type\":\"Organization\",\"@id\":\"https:\\\/\\\/hubrasilia.com.br\\\/#organization\",\"name\":\"HOSPITAL UROLOGICO DE BRASILIA\\\/DF\",\"url\":\"https:\\\/\\\/hubrasilia.com.br\\\/\",\"logo\":{\"@type\":\"ImageObject\",\"inLanguage\":\"pt-BR\",\"@id\":\"https:\\\/\\\/hubrasilia.com.br\\\/#\\\/schema\\\/logo\\\/image\\\/\",\"url\":\"https:\\\/\\\/hubrasilia.com.br\\\/wp-content\\\/uploads\\\/2020\\\/02\\\/logo-small.png\",\"contentUrl\":\"https:\\\/\\\/hubrasilia.com.br\\\/wp-content\\\/uploads\\\/2020\\\/02\\\/logo-small.png\",\"width\":185,\"height\":89,\"caption\":\"HOSPITAL UROLOGICO DE BRASILIA\\\/DF\"},\"image\":{\"@id\":\"https:\\\/\\\/hubrasilia.com.br\\\/#\\\/schema\\\/logo\\\/image\\\/\"},\"sameAs\":[\"https:\\\/\\\/facebook.com\\\/hospitalurologico\\\/\",\"https:\\\/\\\/x.com\\\/HUBrasilia\",\"https:\\\/\\\/hubrasilia.com.br\\\/index.php\\\/link\\\/instagram\\\/\",\"https:\\\/\\\/hubrasilia.com.br\\\/index.php\\\/link\\\/youtube\\\/\"]}]}<\/script>\n<!-- \/ Yoast SEO plugin. -->","yoast_head_json":{"title":"Orienta\u00e7\u00f5es e preparos para Bi\u00f3psias Prost\u00e1ticas - Hospital Urol\u00f3gico","robots":{"index":"index","follow":"follow","max-snippet":"max-snippet:-1","max-image-preview":"max-image-preview:large","max-video-preview":"max-video-preview:-1"},"canonical":"https:\/\/hubrasilia.com.br\/index.php\/orientacoes-e-preparos-para-biopsias-prostaticas\/","og_locale":"pt_BR","og_type":"article","og_title":"Orienta\u00e7\u00f5es e preparos para Bi\u00f3psias Prost\u00e1ticas - Hospital Urol\u00f3gico","og_description":"Antes da Bi\u00f3psia 1) Medicamentos como: AAS, ASPIRINA, MELHORAL, VOLTAREN, CATAFLAN, PROFENID, PERSANTIN, HEPARINA, TRENTAL, LIQUEMINE, FRAXPARINE e MAREVAN, devem ser interrompidos 10 dias antes da bi\u00f3psia e at\u00e9 10 dias ap\u00f3s. OBS: verificar junto ao m\u00e9dico que prescreveu tais medicamentos, se acarretar\u00e1 preju\u00edzo ao tratamento. 2) Discriminar os medicamentos que est\u00e1 fazendo uso: _______________________________________________________________________ [&hellip;]","og_url":"https:\/\/hubrasilia.com.br\/index.php\/orientacoes-e-preparos-para-biopsias-prostaticas\/","og_site_name":"Hospital Urol\u00f3gico","article_publisher":"https:\/\/facebook.com\/hospitalurologico\/","article_modified_time":"2020-04-08T14:55:05+00:00","twitter_card":"summary_large_image","twitter_site":"@HUBrasilia","twitter_misc":{"Est. tempo de leitura":"2 minutos"},"schema":{"@context":"https:\/\/schema.org","@graph":[{"@type":"WebPage","@id":"https:\/\/hubrasilia.com.br\/index.php\/orientacoes-e-preparos-para-biopsias-prostaticas\/","url":"https:\/\/hubrasilia.com.br\/index.php\/orientacoes-e-preparos-para-biopsias-prostaticas\/","name":"Orienta\u00e7\u00f5es e preparos para Bi\u00f3psias Prost\u00e1ticas - Hospital Urol\u00f3gico","isPartOf":{"@id":"https:\/\/hubrasilia.com.br\/#website"},"datePublished":"2019-05-15T13:21:05+00:00","dateModified":"2020-04-08T14:55:05+00:00","breadcrumb":{"@id":"https:\/\/hubrasilia.com.br\/index.php\/orientacoes-e-preparos-para-biopsias-prostaticas\/#breadcrumb"},"inLanguage":"pt-BR","potentialAction":[{"@type":"ReadAction","target":["https:\/\/hubrasilia.com.br\/index.php\/orientacoes-e-preparos-para-biopsias-prostaticas\/"]}]},{"@type":"BreadcrumbList","@id":"https:\/\/hubrasilia.com.br\/index.php\/orientacoes-e-preparos-para-biopsias-prostaticas\/#breadcrumb","itemListElement":[{"@type":"ListItem","position":1,"name":"In\u00edcio","item":"https:\/\/hubrasilia.com.br\/"},{"@type":"ListItem","position":2,"name":"Orienta\u00e7\u00f5es e preparos para Bi\u00f3psias Prost\u00e1ticas"}]},{"@type":"WebSite","@id":"https:\/\/hubrasilia.com.br\/#website","url":"https:\/\/hubrasilia.com.br\/","name":"HOSPITAL UROLOGICO DE BRASILIA\/DF","description":"Refer\u00eancia em Urologia - Asa Sul - Bras\u00edlia\/DF","publisher":{"@id":"https:\/\/hubrasilia.com.br\/#organization"},"potentialAction":[{"@type":"SearchAction","target":{"@type":"EntryPoint","urlTemplate":"https:\/\/hubrasilia.com.br\/?s={search_term_string}"},"query-input":{"@type":"PropertyValueSpecification","valueRequired":true,"valueName":"search_term_string"}}],"inLanguage":"pt-BR"},{"@type":"Organization","@id":"https:\/\/hubrasilia.com.br\/#organization","name":"HOSPITAL UROLOGICO DE BRASILIA\/DF","url":"https:\/\/hubrasilia.com.br\/","logo":{"@type":"ImageObject","inLanguage":"pt-BR","@id":"https:\/\/hubrasilia.com.br\/#\/schema\/logo\/image\/","url":"https:\/\/hubrasilia.com.br\/wp-content\/uploads\/2020\/02\/logo-small.png","contentUrl":"https:\/\/hubrasilia.com.br\/wp-content\/uploads\/2020\/02\/logo-small.png","width":185,"height":89,"caption":"HOSPITAL UROLOGICO DE BRASILIA\/DF"},"image":{"@id":"https:\/\/hubrasilia.com.br\/#\/schema\/logo\/image\/"},"sameAs":["https:\/\/facebook.com\/hospitalurologico\/","https:\/\/x.com\/HUBrasilia","https:\/\/hubrasilia.com.br\/index.php\/link\/instagram\/","https:\/\/hubrasilia.com.br\/index.php\/link\/youtube\/"]}]}},"_links":{"self":[{"href":"https:\/\/hubrasilia.com.br\/index.php\/wp-json\/wp\/v2\/pages\/10379","targetHints":{"allow":["GET"]}}],"collection":[{"href":"https:\/\/hubrasilia.com.br\/index.php\/wp-json\/wp\/v2\/pages"}],"about":[{"href":"https:\/\/hubrasilia.com.br\/index.php\/wp-json\/wp\/v2\/types\/page"}],"author":[{"embeddable":true,"href":"https:\/\/hubrasilia.com.br\/index.php\/wp-json\/wp\/v2\/users\/1"}],"replies":[{"embeddable":true,"href":"https:\/\/hubrasilia.com.br\/index.php\/wp-json\/wp\/v2\/comments?post=10379"}],"version-history":[{"count":0,"href":"https:\/\/hubrasilia.com.br\/index.php\/wp-json\/wp\/v2\/pages\/10379\/revisions"}],"wp:attachment":[{"href":"https:\/\/hubrasilia.com.br\/index.php\/wp-json\/wp\/v2\/media?parent=10379"}],"curies":[{"name":"wp","href":"https:\/\/api.w.org\/{rel}","templated":true}]}}