{"id":10381,"date":"2019-05-15T10:22:02","date_gmt":"2019-05-15T13:22:02","guid":{"rendered":"https:\/\/hospitalurologico.com.br\/wp\/?page_id=10381"},"modified":"2021-05-03T14:55:03","modified_gmt":"2021-05-03T17:55:03","slug":"orientacoes-e-preparos-para-exames-de-ultra-sonografia","status":"publish","type":"page","link":"https:\/\/hubrasilia.com.br\/index.php\/orientacoes-e-preparos-para-exames-de-ultra-sonografia\/","title":{"rendered":"Orienta\u00e7\u00f5es e preparos para exames de Ultra-sonografia"},"content":{"rendered":"<p align=\"justify\"><strong>Exames que necessitam estar com a bexiga cheia para realiza\u00e7\u00e3o:<\/strong><\/p>\n<p align=\"justify\">US Vias Urin\u00e1rias;<\/p>\n<p align=\"justify\">US Pr\u00f3stata Via Abdominal;<\/p>\n<p align=\"justify\">US Pr\u00f3stata Via Transretal;<\/p>\n<p align=\"justify\">US P\u00e9lvica.<\/p>\n<hr \/>\n<p><strong>Exames que n\u00e3o necessitam estar com a bexiga cheia para realiza\u00e7\u00e3o:<\/strong><\/p>\n<p align=\"justify\">US Bolsa Escrotal com ou sem Doppler;<\/p>\n<p align=\"justify\">US Transvaginal;<\/p>\n<p align=\"justify\">US Mam\u00e1ria.<\/p>\n","protected":false},"excerpt":{"rendered":"<p>Exames que necessitam estar com a bexiga cheia para realiza\u00e7\u00e3o: US Vias Urin\u00e1rias; US Pr\u00f3stata Via Abdominal; US Pr\u00f3stata Via Transretal; US P\u00e9lvica. Exames que n\u00e3o necessitam estar com a bexiga cheia para realiza\u00e7\u00e3o: US Bolsa Escrotal com ou sem Doppler; US Transvaginal; US Mam\u00e1ria.<\/p>\n","protected":false},"author":1,"featured_media":0,"parent":0,"menu_order":0,"comment_status":"closed","ping_status":"closed","template":"","meta":{"footnotes":""},"class_list":["post-10381","page","type-page","status-publish","hentry"],"yoast_head":"<!-- This site is optimized with the Yoast SEO plugin v27.4 - https:\/\/yoast.com\/product\/yoast-seo-wordpress\/ -->\n<title>Orienta\u00e7\u00f5es e preparos para exames de Ultra-sonografia - Hospital Urol\u00f3gico<\/title>\n<meta name=\"robots\" content=\"index, follow, max-snippet:-1, max-image-preview:large, max-video-preview:-1\" \/>\n<link rel=\"canonical\" href=\"https:\/\/hubrasilia.com.br\/index.php\/orientacoes-e-preparos-para-exames-de-ultra-sonografia\/\" \/>\n<meta property=\"og:locale\" content=\"pt_BR\" \/>\n<meta property=\"og:type\" content=\"article\" \/>\n<meta property=\"og:title\" content=\"Orienta\u00e7\u00f5es e preparos para exames de Ultra-sonografia - Hospital Urol\u00f3gico\" \/>\n<meta property=\"og:description\" content=\"Exames que necessitam estar com a bexiga cheia para realiza\u00e7\u00e3o: US Vias Urin\u00e1rias; US Pr\u00f3stata Via Abdominal; US Pr\u00f3stata Via Transretal; US P\u00e9lvica. Exames que n\u00e3o necessitam estar com a bexiga cheia para realiza\u00e7\u00e3o: US Bolsa Escrotal com ou sem Doppler; US Transvaginal; US Mam\u00e1ria.\" \/>\n<meta property=\"og:url\" content=\"https:\/\/hubrasilia.com.br\/index.php\/orientacoes-e-preparos-para-exames-de-ultra-sonografia\/\" \/>\n<meta property=\"og:site_name\" content=\"Hospital Urol\u00f3gico\" \/>\n<meta property=\"article:publisher\" content=\"https:\/\/facebook.com\/hospitalurologico\/\" \/>\n<meta property=\"article:modified_time\" content=\"2021-05-03T17:55:03+00:00\" \/>\n<meta name=\"twitter:card\" content=\"summary_large_image\" \/>\n<meta name=\"twitter:site\" content=\"@HUBrasilia\" \/>\n<script type=\"application\/ld+json\" class=\"yoast-schema-graph\">{\"@context\":\"https:\\\/\\\/schema.org\",\"@graph\":[{\"@type\":\"WebPage\",\"@id\":\"https:\\\/\\\/hubrasilia.com.br\\\/index.php\\\/orientacoes-e-preparos-para-exames-de-ultra-sonografia\\\/\",\"url\":\"https:\\\/\\\/hubrasilia.com.br\\\/index.php\\\/orientacoes-e-preparos-para-exames-de-ultra-sonografia\\\/\",\"name\":\"Orienta\u00e7\u00f5es e preparos para exames de Ultra-sonografia - Hospital Urol\u00f3gico\",\"isPartOf\":{\"@id\":\"https:\\\/\\\/hubrasilia.com.br\\\/#website\"},\"datePublished\":\"2019-05-15T13:22:02+00:00\",\"dateModified\":\"2021-05-03T17:55:03+00:00\",\"breadcrumb\":{\"@id\":\"https:\\\/\\\/hubrasilia.com.br\\\/index.php\\\/orientacoes-e-preparos-para-exames-de-ultra-sonografia\\\/#breadcrumb\"},\"inLanguage\":\"pt-BR\",\"potentialAction\":[{\"@type\":\"ReadAction\",\"target\":[\"https:\\\/\\\/hubrasilia.com.br\\\/index.php\\\/orientacoes-e-preparos-para-exames-de-ultra-sonografia\\\/\"]}]},{\"@type\":\"BreadcrumbList\",\"@id\":\"https:\\\/\\\/hubrasilia.com.br\\\/index.php\\\/orientacoes-e-preparos-para-exames-de-ultra-sonografia\\\/#breadcrumb\",\"itemListElement\":[{\"@type\":\"ListItem\",\"position\":1,\"name\":\"In\u00edcio\",\"item\":\"https:\\\/\\\/hubrasilia.com.br\\\/\"},{\"@type\":\"ListItem\",\"position\":2,\"name\":\"Orienta\u00e7\u00f5es e preparos para exames de Ultra-sonografia\"}]},{\"@type\":\"WebSite\",\"@id\":\"https:\\\/\\\/hubrasilia.com.br\\\/#website\",\"url\":\"https:\\\/\\\/hubrasilia.com.br\\\/\",\"name\":\"HOSPITAL UROLOGICO DE BRASILIA\\\/DF\",\"description\":\"Refer\u00eancia em Urologia - Asa Sul - Bras\u00edlia\\\/DF\",\"publisher\":{\"@id\":\"https:\\\/\\\/hubrasilia.com.br\\\/#organization\"},\"potentialAction\":[{\"@type\":\"SearchAction\",\"target\":{\"@type\":\"EntryPoint\",\"urlTemplate\":\"https:\\\/\\\/hubrasilia.com.br\\\/?s={search_term_string}\"},\"query-input\":{\"@type\":\"PropertyValueSpecification\",\"valueRequired\":true,\"valueName\":\"search_term_string\"}}],\"inLanguage\":\"pt-BR\"},{\"@type\":\"Organization\",\"@id\":\"https:\\\/\\\/hubrasilia.com.br\\\/#organization\",\"name\":\"HOSPITAL UROLOGICO DE BRASILIA\\\/DF\",\"url\":\"https:\\\/\\\/hubrasilia.com.br\\\/\",\"logo\":{\"@type\":\"ImageObject\",\"inLanguage\":\"pt-BR\",\"@id\":\"https:\\\/\\\/hubrasilia.com.br\\\/#\\\/schema\\\/logo\\\/image\\\/\",\"url\":\"https:\\\/\\\/hubrasilia.com.br\\\/wp-content\\\/uploads\\\/2020\\\/02\\\/logo-small.png\",\"contentUrl\":\"https:\\\/\\\/hubrasilia.com.br\\\/wp-content\\\/uploads\\\/2020\\\/02\\\/logo-small.png\",\"width\":185,\"height\":89,\"caption\":\"HOSPITAL UROLOGICO DE BRASILIA\\\/DF\"},\"image\":{\"@id\":\"https:\\\/\\\/hubrasilia.com.br\\\/#\\\/schema\\\/logo\\\/image\\\/\"},\"sameAs\":[\"https:\\\/\\\/facebook.com\\\/hospitalurologico\\\/\",\"https:\\\/\\\/x.com\\\/HUBrasilia\",\"https:\\\/\\\/hubrasilia.com.br\\\/index.php\\\/link\\\/instagram\\\/\",\"https:\\\/\\\/hubrasilia.com.br\\\/index.php\\\/link\\\/youtube\\\/\"]}]}<\/script>\n<!-- \/ Yoast SEO plugin. -->","yoast_head_json":{"title":"Orienta\u00e7\u00f5es e preparos para exames de Ultra-sonografia - Hospital Urol\u00f3gico","robots":{"index":"index","follow":"follow","max-snippet":"max-snippet:-1","max-image-preview":"max-image-preview:large","max-video-preview":"max-video-preview:-1"},"canonical":"https:\/\/hubrasilia.com.br\/index.php\/orientacoes-e-preparos-para-exames-de-ultra-sonografia\/","og_locale":"pt_BR","og_type":"article","og_title":"Orienta\u00e7\u00f5es e preparos para exames de Ultra-sonografia - Hospital Urol\u00f3gico","og_description":"Exames que necessitam estar com a bexiga cheia para realiza\u00e7\u00e3o: US Vias Urin\u00e1rias; US Pr\u00f3stata Via Abdominal; US Pr\u00f3stata Via Transretal; US P\u00e9lvica. Exames que n\u00e3o necessitam estar com a bexiga cheia para realiza\u00e7\u00e3o: US Bolsa Escrotal com ou sem Doppler; US Transvaginal; US Mam\u00e1ria.","og_url":"https:\/\/hubrasilia.com.br\/index.php\/orientacoes-e-preparos-para-exames-de-ultra-sonografia\/","og_site_name":"Hospital Urol\u00f3gico","article_publisher":"https:\/\/facebook.com\/hospitalurologico\/","article_modified_time":"2021-05-03T17:55:03+00:00","twitter_card":"summary_large_image","twitter_site":"@HUBrasilia","schema":{"@context":"https:\/\/schema.org","@graph":[{"@type":"WebPage","@id":"https:\/\/hubrasilia.com.br\/index.php\/orientacoes-e-preparos-para-exames-de-ultra-sonografia\/","url":"https:\/\/hubrasilia.com.br\/index.php\/orientacoes-e-preparos-para-exames-de-ultra-sonografia\/","name":"Orienta\u00e7\u00f5es e preparos para exames de Ultra-sonografia - Hospital Urol\u00f3gico","isPartOf":{"@id":"https:\/\/hubrasilia.com.br\/#website"},"datePublished":"2019-05-15T13:22:02+00:00","dateModified":"2021-05-03T17:55:03+00:00","breadcrumb":{"@id":"https:\/\/hubrasilia.com.br\/index.php\/orientacoes-e-preparos-para-exames-de-ultra-sonografia\/#breadcrumb"},"inLanguage":"pt-BR","potentialAction":[{"@type":"ReadAction","target":["https:\/\/hubrasilia.com.br\/index.php\/orientacoes-e-preparos-para-exames-de-ultra-sonografia\/"]}]},{"@type":"BreadcrumbList","@id":"https:\/\/hubrasilia.com.br\/index.php\/orientacoes-e-preparos-para-exames-de-ultra-sonografia\/#breadcrumb","itemListElement":[{"@type":"ListItem","position":1,"name":"In\u00edcio","item":"https:\/\/hubrasilia.com.br\/"},{"@type":"ListItem","position":2,"name":"Orienta\u00e7\u00f5es e preparos para exames de Ultra-sonografia"}]},{"@type":"WebSite","@id":"https:\/\/hubrasilia.com.br\/#website","url":"https:\/\/hubrasilia.com.br\/","name":"HOSPITAL UROLOGICO DE BRASILIA\/DF","description":"Refer\u00eancia em Urologia - Asa Sul - Bras\u00edlia\/DF","publisher":{"@id":"https:\/\/hubrasilia.com.br\/#organization"},"potentialAction":[{"@type":"SearchAction","target":{"@type":"EntryPoint","urlTemplate":"https:\/\/hubrasilia.com.br\/?s={search_term_string}"},"query-input":{"@type":"PropertyValueSpecification","valueRequired":true,"valueName":"search_term_string"}}],"inLanguage":"pt-BR"},{"@type":"Organization","@id":"https:\/\/hubrasilia.com.br\/#organization","name":"HOSPITAL UROLOGICO DE BRASILIA\/DF","url":"https:\/\/hubrasilia.com.br\/","logo":{"@type":"ImageObject","inLanguage":"pt-BR","@id":"https:\/\/hubrasilia.com.br\/#\/schema\/logo\/image\/","url":"https:\/\/hubrasilia.com.br\/wp-content\/uploads\/2020\/02\/logo-small.png","contentUrl":"https:\/\/hubrasilia.com.br\/wp-content\/uploads\/2020\/02\/logo-small.png","width":185,"height":89,"caption":"HOSPITAL UROLOGICO DE BRASILIA\/DF"},"image":{"@id":"https:\/\/hubrasilia.com.br\/#\/schema\/logo\/image\/"},"sameAs":["https:\/\/facebook.com\/hospitalurologico\/","https:\/\/x.com\/HUBrasilia","https:\/\/hubrasilia.com.br\/index.php\/link\/instagram\/","https:\/\/hubrasilia.com.br\/index.php\/link\/youtube\/"]}]}},"_links":{"self":[{"href":"https:\/\/hubrasilia.com.br\/index.php\/wp-json\/wp\/v2\/pages\/10381","targetHints":{"allow":["GET"]}}],"collection":[{"href":"https:\/\/hubrasilia.com.br\/index.php\/wp-json\/wp\/v2\/pages"}],"about":[{"href":"https:\/\/hubrasilia.com.br\/index.php\/wp-json\/wp\/v2\/types\/page"}],"author":[{"embeddable":true,"href":"https:\/\/hubrasilia.com.br\/index.php\/wp-json\/wp\/v2\/users\/1"}],"replies":[{"embeddable":true,"href":"https:\/\/hubrasilia.com.br\/index.php\/wp-json\/wp\/v2\/comments?post=10381"}],"version-history":[{"count":0,"href":"https:\/\/hubrasilia.com.br\/index.php\/wp-json\/wp\/v2\/pages\/10381\/revisions"}],"wp:attachment":[{"href":"https:\/\/hubrasilia.com.br\/index.php\/wp-json\/wp\/v2\/media?parent=10381"}],"curies":[{"name":"wp","href":"https:\/\/api.w.org\/{rel}","templated":true}]}}