{"id":10433,"date":"2019-05-15T13:08:48","date_gmt":"2019-05-15T16:08:48","guid":{"rendered":"https:\/\/hubrasilia.com.br\/wp\/?page_id=10433"},"modified":"2023-09-28T22:13:15","modified_gmt":"2023-09-29T01:13:15","slug":"agende-seu-exame","status":"publish","type":"page","link":"https:\/\/hubrasilia.com.br\/index.php\/agende-seu-exame\/","title":{"rendered":"Agende seu Exame"},"content":{"rendered":"\t\t<div data-elementor-type=\"wp-page\" data-elementor-id=\"10433\" class=\"elementor elementor-10433\" data-elementor-post-type=\"page\">\n\t\t\t\t\t\t<section class=\"elementor-section elementor-top-section elementor-element elementor-element-72028459 elementor-section-boxed elementor-section-height-default elementor-section-height-default\" data-id=\"72028459\" data-element_type=\"section\" data-e-type=\"section\">\n\t\t\t\t\t\t<div class=\"elementor-container elementor-column-gap-default\">\n\t\t\t\t\t<div class=\"elementor-column elementor-col-100 elementor-top-column elementor-element elementor-element-326ed956\" data-id=\"326ed956\" data-element_type=\"column\" data-e-type=\"column\">\n\t\t\t<div class=\"elementor-widget-wrap elementor-element-populated\">\n\t\t\t\t\t\t<div class=\"elementor-element elementor-element-610c7034 elementor-widget elementor-widget-text-editor\" data-id=\"610c7034\" data-element_type=\"widget\" data-e-type=\"widget\" data-widget_type=\"text-editor.default\">\n\t\t\t\t<div class=\"elementor-widget-container\">\n\t\t\t\t\t\t\t\t\t<strong>Caro(a) Paciente<\/strong>, obrigado por usar nossos servi\u00e7os de solicita\u00e7\u00e3o de agendamento de exames online. Lembramos que esse servi\u00e7o \u00e9 uma solicita\u00e7\u00e3o de marca\u00e7\u00e3o de exames e n\u00e3o a marca\u00e7\u00e3o em si. Para sua e nossa seguran\u00e7a, nosso pessoal de atendimento entrar\u00e1 em contato confirmando seus dados e a poss\u00edvel data, hor\u00e1rio e documenta\u00e7\u00e3o para o seu exame.\r\n\r\n<form accept-charset=\"utf-8\" action=\"https:\/\/app.mailingboss.com\/lists\/62de7bfe076bc\/subscribe\" method=\"post\" target=\"_blank\">\r\n<div class=\"form-group\"><label>Nome Completo <span class=\"required\">*<\/span><\/label><input class=\"form-control\" name=\"NOME\" type=\"text\" value=\"\" \/><\/div>\r\n<div class=\"form-group\"><label>Email<\/label><input class=\"form-control\" name=\"EMAIL\" type=\"text\" value=\"\" \/><\/div>\r\n<div class=\"form-group\"><label>Telefone <span class=\"required\">*<\/span><\/label><input class=\"form-control\" name=\"TELEFONE\" type=\"text\" value=\"\" \/><\/div>\r\n<div class=\"form-group\"><label>Observa\u00e7\u00f5es<\/label><textarea class=\"form-control\" name=\"OBSERVACOES\"><\/textarea><\/div>\r\n<div class=\"clearfix\"><!-- --><\/div>\r\n<div class=\"actions\"><button class=\"btn btn-primary btn-submit\" type=\"submit\">SOLICITAR AGENDAMENTO<\/button><\/div>\r\n<div class=\"clearfix\"><!-- --><\/div>\r\n<\/form>\r\n\r\n<hr id=\"mce-hr-marker\" \/>\r\n\r\n<h4><strong>OUTRAS OP\u00c7\u00d5ES<\/strong><\/h4>\r\nCentral de Marca\u00e7\u00e3o:\u00a0<a href=\"https:\/\/hubrasilia.com.br\/index.php\/telefone-obrigado\" target=\"_blank\" rel=\"noopener noreferrer\">+55(61)3345-9300<\/a>\r\n\r\nWhatsapp: <a href=\"https:\/\/hubrasilia.com.br\/index.php\/whatsapp-obrigado\" target=\"_blank\" rel=\"noopener noreferrer\">+55(61)99947-7815<\/a>\t\t\t\t\t\t\t\t<\/div>\n\t\t\t\t<\/div>\n\t\t\t\t\t<\/div>\n\t\t<\/div>\n\t\t\t\t\t<\/div>\n\t\t<\/section>\n\t\t\t\t<\/div>\n\t\t","protected":false},"excerpt":{"rendered":"<p>Caro(a) Paciente, obrigado por usar nossos servi\u00e7os de solicita\u00e7\u00e3o de agendamento de exames online. Lembramos que esse servi\u00e7o \u00e9 uma solicita\u00e7\u00e3o de marca\u00e7\u00e3o de exames e n\u00e3o a marca\u00e7\u00e3o em si. Para sua e nossa seguran\u00e7a, nosso pessoal de atendimento entrar\u00e1 em contato confirmando seus dados e a poss\u00edvel data, hor\u00e1rio e documenta\u00e7\u00e3o para o [&hellip;]<\/p>\n","protected":false},"author":1,"featured_media":11189,"parent":0,"menu_order":0,"comment_status":"closed","ping_status":"closed","template":"","meta":{"footnotes":""},"class_list":["post-10433","page","type-page","status-publish","has-post-thumbnail","hentry"],"yoast_head":"<!-- This site is optimized with the Yoast SEO plugin v27.4 - https:\/\/yoast.com\/product\/yoast-seo-wordpress\/ -->\n<title>Agende seu Exame - Hospital Urol\u00f3gico<\/title>\n<meta name=\"robots\" content=\"index, follow, max-snippet:-1, max-image-preview:large, max-video-preview:-1\" \/>\n<link rel=\"canonical\" href=\"https:\/\/hubrasilia.com.br\/index.php\/agende-seu-exame\/\" \/>\n<meta property=\"og:locale\" content=\"pt_BR\" \/>\n<meta property=\"og:type\" content=\"article\" \/>\n<meta property=\"og:title\" content=\"Agende seu Exame - Hospital Urol\u00f3gico\" \/>\n<meta property=\"og:description\" content=\"Caro(a) Paciente, obrigado por usar nossos servi\u00e7os de solicita\u00e7\u00e3o de agendamento de exames online. Lembramos que esse servi\u00e7o \u00e9 uma solicita\u00e7\u00e3o de marca\u00e7\u00e3o de exames e n\u00e3o a marca\u00e7\u00e3o em si. Para sua e nossa seguran\u00e7a, nosso pessoal de atendimento entrar\u00e1 em contato confirmando seus dados e a poss\u00edvel data, hor\u00e1rio e documenta\u00e7\u00e3o para o [&hellip;]\" \/>\n<meta property=\"og:url\" content=\"https:\/\/hubrasilia.com.br\/index.php\/agende-seu-exame\/\" \/>\n<meta property=\"og:site_name\" content=\"Hospital Urol\u00f3gico\" \/>\n<meta property=\"article:publisher\" content=\"https:\/\/facebook.com\/hospitalurologico\/\" \/>\n<meta property=\"article:modified_time\" content=\"2023-09-29T01:13:15+00:00\" \/>\n<meta property=\"og:image\" content=\"https:\/\/i0.wp.com\/hubrasilia.com.br\/wp-content\/uploads\/2020\/12\/pexels-evg-culture-1170979.jpg?fit=640%2C426&ssl=1\" \/>\n\t<meta property=\"og:image:width\" content=\"640\" \/>\n\t<meta property=\"og:image:height\" content=\"426\" \/>\n\t<meta property=\"og:image:type\" content=\"image\/jpeg\" \/>\n<meta name=\"twitter:card\" content=\"summary_large_image\" \/>\n<meta name=\"twitter:site\" content=\"@HUBrasilia\" \/>\n<script type=\"application\/ld+json\" class=\"yoast-schema-graph\">{\"@context\":\"https:\\\/\\\/schema.org\",\"@graph\":[{\"@type\":\"WebPage\",\"@id\":\"https:\\\/\\\/hubrasilia.com.br\\\/index.php\\\/agende-seu-exame\\\/\",\"url\":\"https:\\\/\\\/hubrasilia.com.br\\\/index.php\\\/agende-seu-exame\\\/\",\"name\":\"Agende seu Exame - Hospital Urol\u00f3gico\",\"isPartOf\":{\"@id\":\"https:\\\/\\\/hubrasilia.com.br\\\/#website\"},\"primaryImageOfPage\":{\"@id\":\"https:\\\/\\\/hubrasilia.com.br\\\/index.php\\\/agende-seu-exame\\\/#primaryimage\"},\"image\":{\"@id\":\"https:\\\/\\\/hubrasilia.com.br\\\/index.php\\\/agende-seu-exame\\\/#primaryimage\"},\"thumbnailUrl\":\"https:\\\/\\\/hubrasilia.com.br\\\/wp-content\\\/uploads\\\/2020\\\/12\\\/pexels-evg-culture-1170979.jpg\",\"datePublished\":\"2019-05-15T16:08:48+00:00\",\"dateModified\":\"2023-09-29T01:13:15+00:00\",\"breadcrumb\":{\"@id\":\"https:\\\/\\\/hubrasilia.com.br\\\/index.php\\\/agende-seu-exame\\\/#breadcrumb\"},\"inLanguage\":\"pt-BR\",\"potentialAction\":[{\"@type\":\"ReadAction\",\"target\":[\"https:\\\/\\\/hubrasilia.com.br\\\/index.php\\\/agende-seu-exame\\\/\"]}]},{\"@type\":\"ImageObject\",\"inLanguage\":\"pt-BR\",\"@id\":\"https:\\\/\\\/hubrasilia.com.br\\\/index.php\\\/agende-seu-exame\\\/#primaryimage\",\"url\":\"https:\\\/\\\/hubrasilia.com.br\\\/wp-content\\\/uploads\\\/2020\\\/12\\\/pexels-evg-culture-1170979.jpg\",\"contentUrl\":\"https:\\\/\\\/hubrasilia.com.br\\\/wp-content\\\/uploads\\\/2020\\\/12\\\/pexels-evg-culture-1170979.jpg\",\"width\":640,\"height\":426,\"caption\":\"c\u00e2ncer de pr\u00f3stata Foto de EVG Culture no Pexels\"},{\"@type\":\"BreadcrumbList\",\"@id\":\"https:\\\/\\\/hubrasilia.com.br\\\/index.php\\\/agende-seu-exame\\\/#breadcrumb\",\"itemListElement\":[{\"@type\":\"ListItem\",\"position\":1,\"name\":\"In\u00edcio\",\"item\":\"https:\\\/\\\/hubrasilia.com.br\\\/\"},{\"@type\":\"ListItem\",\"position\":2,\"name\":\"Agende seu Exame\"}]},{\"@type\":\"WebSite\",\"@id\":\"https:\\\/\\\/hubrasilia.com.br\\\/#website\",\"url\":\"https:\\\/\\\/hubrasilia.com.br\\\/\",\"name\":\"HOSPITAL UROLOGICO DE BRASILIA\\\/DF\",\"description\":\"Refer\u00eancia em Urologia - Asa Sul - Bras\u00edlia\\\/DF\",\"publisher\":{\"@id\":\"https:\\\/\\\/hubrasilia.com.br\\\/#organization\"},\"potentialAction\":[{\"@type\":\"SearchAction\",\"target\":{\"@type\":\"EntryPoint\",\"urlTemplate\":\"https:\\\/\\\/hubrasilia.com.br\\\/?s={search_term_string}\"},\"query-input\":{\"@type\":\"PropertyValueSpecification\",\"valueRequired\":true,\"valueName\":\"search_term_string\"}}],\"inLanguage\":\"pt-BR\"},{\"@type\":\"Organization\",\"@id\":\"https:\\\/\\\/hubrasilia.com.br\\\/#organization\",\"name\":\"HOSPITAL UROLOGICO DE BRASILIA\\\/DF\",\"url\":\"https:\\\/\\\/hubrasilia.com.br\\\/\",\"logo\":{\"@type\":\"ImageObject\",\"inLanguage\":\"pt-BR\",\"@id\":\"https:\\\/\\\/hubrasilia.com.br\\\/#\\\/schema\\\/logo\\\/image\\\/\",\"url\":\"https:\\\/\\\/hubrasilia.com.br\\\/wp-content\\\/uploads\\\/2020\\\/02\\\/logo-small.png\",\"contentUrl\":\"https:\\\/\\\/hubrasilia.com.br\\\/wp-content\\\/uploads\\\/2020\\\/02\\\/logo-small.png\",\"width\":185,\"height\":89,\"caption\":\"HOSPITAL UROLOGICO DE BRASILIA\\\/DF\"},\"image\":{\"@id\":\"https:\\\/\\\/hubrasilia.com.br\\\/#\\\/schema\\\/logo\\\/image\\\/\"},\"sameAs\":[\"https:\\\/\\\/facebook.com\\\/hospitalurologico\\\/\",\"https:\\\/\\\/x.com\\\/HUBrasilia\",\"https:\\\/\\\/hubrasilia.com.br\\\/index.php\\\/link\\\/instagram\\\/\",\"https:\\\/\\\/hubrasilia.com.br\\\/index.php\\\/link\\\/youtube\\\/\"]}]}<\/script>\n<!-- \/ Yoast SEO plugin. -->","yoast_head_json":{"title":"Agende seu Exame - Hospital Urol\u00f3gico","robots":{"index":"index","follow":"follow","max-snippet":"max-snippet:-1","max-image-preview":"max-image-preview:large","max-video-preview":"max-video-preview:-1"},"canonical":"https:\/\/hubrasilia.com.br\/index.php\/agende-seu-exame\/","og_locale":"pt_BR","og_type":"article","og_title":"Agende seu Exame - Hospital Urol\u00f3gico","og_description":"Caro(a) Paciente, obrigado por usar nossos servi\u00e7os de solicita\u00e7\u00e3o de agendamento de exames online. Lembramos que esse servi\u00e7o \u00e9 uma solicita\u00e7\u00e3o de marca\u00e7\u00e3o de exames e n\u00e3o a marca\u00e7\u00e3o em si. Para sua e nossa seguran\u00e7a, nosso pessoal de atendimento entrar\u00e1 em contato confirmando seus dados e a poss\u00edvel data, hor\u00e1rio e documenta\u00e7\u00e3o para o [&hellip;]","og_url":"https:\/\/hubrasilia.com.br\/index.php\/agende-seu-exame\/","og_site_name":"Hospital Urol\u00f3gico","article_publisher":"https:\/\/facebook.com\/hospitalurologico\/","article_modified_time":"2023-09-29T01:13:15+00:00","og_image":[{"width":640,"height":426,"url":"https:\/\/i0.wp.com\/hubrasilia.com.br\/wp-content\/uploads\/2020\/12\/pexels-evg-culture-1170979.jpg?fit=640%2C426&ssl=1","type":"image\/jpeg"}],"twitter_card":"summary_large_image","twitter_site":"@HUBrasilia","schema":{"@context":"https:\/\/schema.org","@graph":[{"@type":"WebPage","@id":"https:\/\/hubrasilia.com.br\/index.php\/agende-seu-exame\/","url":"https:\/\/hubrasilia.com.br\/index.php\/agende-seu-exame\/","name":"Agende seu Exame - Hospital Urol\u00f3gico","isPartOf":{"@id":"https:\/\/hubrasilia.com.br\/#website"},"primaryImageOfPage":{"@id":"https:\/\/hubrasilia.com.br\/index.php\/agende-seu-exame\/#primaryimage"},"image":{"@id":"https:\/\/hubrasilia.com.br\/index.php\/agende-seu-exame\/#primaryimage"},"thumbnailUrl":"https:\/\/hubrasilia.com.br\/wp-content\/uploads\/2020\/12\/pexels-evg-culture-1170979.jpg","datePublished":"2019-05-15T16:08:48+00:00","dateModified":"2023-09-29T01:13:15+00:00","breadcrumb":{"@id":"https:\/\/hubrasilia.com.br\/index.php\/agende-seu-exame\/#breadcrumb"},"inLanguage":"pt-BR","potentialAction":[{"@type":"ReadAction","target":["https:\/\/hubrasilia.com.br\/index.php\/agende-seu-exame\/"]}]},{"@type":"ImageObject","inLanguage":"pt-BR","@id":"https:\/\/hubrasilia.com.br\/index.php\/agende-seu-exame\/#primaryimage","url":"https:\/\/hubrasilia.com.br\/wp-content\/uploads\/2020\/12\/pexels-evg-culture-1170979.jpg","contentUrl":"https:\/\/hubrasilia.com.br\/wp-content\/uploads\/2020\/12\/pexels-evg-culture-1170979.jpg","width":640,"height":426,"caption":"c\u00e2ncer de pr\u00f3stata Foto de EVG Culture no Pexels"},{"@type":"BreadcrumbList","@id":"https:\/\/hubrasilia.com.br\/index.php\/agende-seu-exame\/#breadcrumb","itemListElement":[{"@type":"ListItem","position":1,"name":"In\u00edcio","item":"https:\/\/hubrasilia.com.br\/"},{"@type":"ListItem","position":2,"name":"Agende seu Exame"}]},{"@type":"WebSite","@id":"https:\/\/hubrasilia.com.br\/#website","url":"https:\/\/hubrasilia.com.br\/","name":"HOSPITAL UROLOGICO DE BRASILIA\/DF","description":"Refer\u00eancia em Urologia - Asa Sul - Bras\u00edlia\/DF","publisher":{"@id":"https:\/\/hubrasilia.com.br\/#organization"},"potentialAction":[{"@type":"SearchAction","target":{"@type":"EntryPoint","urlTemplate":"https:\/\/hubrasilia.com.br\/?s={search_term_string}"},"query-input":{"@type":"PropertyValueSpecification","valueRequired":true,"valueName":"search_term_string"}}],"inLanguage":"pt-BR"},{"@type":"Organization","@id":"https:\/\/hubrasilia.com.br\/#organization","name":"HOSPITAL UROLOGICO DE BRASILIA\/DF","url":"https:\/\/hubrasilia.com.br\/","logo":{"@type":"ImageObject","inLanguage":"pt-BR","@id":"https:\/\/hubrasilia.com.br\/#\/schema\/logo\/image\/","url":"https:\/\/hubrasilia.com.br\/wp-content\/uploads\/2020\/02\/logo-small.png","contentUrl":"https:\/\/hubrasilia.com.br\/wp-content\/uploads\/2020\/02\/logo-small.png","width":185,"height":89,"caption":"HOSPITAL UROLOGICO DE BRASILIA\/DF"},"image":{"@id":"https:\/\/hubrasilia.com.br\/#\/schema\/logo\/image\/"},"sameAs":["https:\/\/facebook.com\/hospitalurologico\/","https:\/\/x.com\/HUBrasilia","https:\/\/hubrasilia.com.br\/index.php\/link\/instagram\/","https:\/\/hubrasilia.com.br\/index.php\/link\/youtube\/"]}]}},"_links":{"self":[{"href":"https:\/\/hubrasilia.com.br\/index.php\/wp-json\/wp\/v2\/pages\/10433","targetHints":{"allow":["GET"]}}],"collection":[{"href":"https:\/\/hubrasilia.com.br\/index.php\/wp-json\/wp\/v2\/pages"}],"about":[{"href":"https:\/\/hubrasilia.com.br\/index.php\/wp-json\/wp\/v2\/types\/page"}],"author":[{"embeddable":true,"href":"https:\/\/hubrasilia.com.br\/index.php\/wp-json\/wp\/v2\/users\/1"}],"replies":[{"embeddable":true,"href":"https:\/\/hubrasilia.com.br\/index.php\/wp-json\/wp\/v2\/comments?post=10433"}],"version-history":[{"count":0,"href":"https:\/\/hubrasilia.com.br\/index.php\/wp-json\/wp\/v2\/pages\/10433\/revisions"}],"wp:featuredmedia":[{"embeddable":true,"href":"https:\/\/hubrasilia.com.br\/index.php\/wp-json\/wp\/v2\/media\/11189"}],"wp:attachment":[{"href":"https:\/\/hubrasilia.com.br\/index.php\/wp-json\/wp\/v2\/media?parent=10433"}],"curies":[{"name":"wp","href":"https:\/\/api.w.org\/{rel}","templated":true}]}}