{"id":10459,"date":"2019-10-01T15:06:46","date_gmt":"2019-10-01T18:06:46","guid":{"rendered":"https:\/\/hubrasilia.com.br\/wp\/?page_id=10459"},"modified":"2019-10-01T15:06:46","modified_gmt":"2019-10-01T18:06:46","slug":"cirurgias-de-calculo-renal-pedra-nos-rins","status":"publish","type":"page","link":"https:\/\/hubrasilia.com.br\/index.php\/cirurgias-de-calculo-renal-pedra-nos-rins\/","title":{"rendered":"Cirurgias de C\u00e1lculo Renal \/ Pedra nos Rins"},"content":{"rendered":"<p>[vc_row css=&#8221;.vc_custom_1569953133184{margin-top: 40px !important;border-top-width: 0px !important;padding-top: 0px !important;}&#8221;][vc_column width=&#8221;1\/2&#8243;][vc_column_text]Lit\u00edase ou calculose do trato urin\u00e1rio \u00e9 uma doen\u00e7a muito comum. \u00c9 caracteriza pela presen\u00e7a de c\u00e1lculos no interior do aparelho urin\u00e1rio (rins, ureteres, bexiga ou uretra).<\/p>\n<p>A manifesta\u00e7\u00e3o mais comum \u00e9 a dor lombar intensa, que muitas vezes pode ser confundida com problemas musculares ou da coluna vertebral, como exemplo a h\u00e9rnia discal.<\/p>\n<p>A cirurgia do c\u00e1lculo \u00e9 uma op\u00e7\u00e3o de tratamento eficaz, mas n\u00e3o \u00e9 \u00fatil para todos os casos. O objetivo da cirurgia \u00e9 remover o c\u00e1lculo ou fragment\u00e1-lo em pequenos peda\u00e7os e depois remov\u00ea-los.<\/p>\n<p>Como os c\u00e1lculos t\u00eam tamanhos vari\u00e1veis e podem estar em v\u00e1rios locais do aparelho urin\u00e1rio, existem v\u00e1rias t\u00e9cnicas cir\u00fargicas \u00e0 disposi\u00e7\u00e3o do urologista. Atualmente a cirurgia convencional, com grandes incis\u00f5es, \u00e9 cada vez menos realizada, sendo substitu\u00edda por t\u00e9cnicas endosc\u00f3picas que n\u00e3o utilizam incis\u00f5es ou utilizam pequenas incis\u00f5es.<\/p>\n<p>O tipo de tratamento (cl\u00ednico ou cir\u00fargico) e o tipo de cirurgia \u00e9 definido pelo urologista de acordo com o quadro cl\u00ednico do paciente, quantidade de c\u00e1lculos, tamanho e localiza\u00e7\u00e3o dos mesmos.<\/p>\n<hr \/>\n<h2><strong>Ureterolitotripsia<\/strong><\/h2>\n<h3 data-fontsize=\"16\" data-lineheight=\"24\">Quem Deve Fazer o Procedimento?<\/h3>\n<p>Pacientes com c\u00e1lculo obstruindo o ureter e que geralmente est\u00e3o apresentando quadro de c\u00f3lica renal.<\/p>\n<h3 data-fontsize=\"16\" data-lineheight=\"24\">Como \u00e9 o Procedimento?<\/h3>\n<p>\u00c9 realizado com anestesia geral ou raquianestesia. Um aparelho com uma microc\u00e2mera \u00e9 introduzido pelo canal urin\u00e1rio, passa pela bexiga e pelo ureter at\u00e9 o local onde est\u00e1 o c\u00e1lculo. Pequenos instrumentos s\u00e3o utilizados para quebrar e depois retirar os peda\u00e7\u00f5es do c\u00e1lculo. Pode ser necess\u00e1rio a coloca\u00e7\u00e3o de um cateter interno (duplo J) para drenagem da urina do rim e para facilitar a elimina\u00e7\u00e3o de pequenos c\u00e1lculos e co\u00e1gulos de sangue. Necessita interna\u00e7\u00e3o de 12 a 24 horas.<\/p>\n<h3 data-fontsize=\"16\" data-lineheight=\"24\">Exige Preparo?<\/h3>\n<p>Exige jejum e exames pr\u00e9-operat\u00f3rios.<\/p>\n<h3 data-fontsize=\"16\" data-lineheight=\"24\">Exige Repouso?<\/h3>\n<p>Exige repouso de 3 a 5 dias para atividades habituais e at\u00e9 14 dias para atividade f\u00edsica.<\/p>\n<hr \/>\n<h2>Nefrolitotripsia<\/h2>\n<h3 data-fontsize=\"16\" data-lineheight=\"24\">Quem Deve Fazer o Procedimento?<\/h3>\n<p>O procedimento \u00e9 indicado para o tratamento de c\u00e1lculos localizados no interior do rim. Somente os c\u00e1lculos que possuam baixa probabilidade de serem expelidos naturalmente s\u00e3o tratados por esse m\u00e9todo ou aqueles que estejam causando algum outro problema para o paciente, como infec\u00e7\u00f5es persistentes ou obstru\u00e7\u00e3o \u00e0 drenagem da urina.<\/p>\n<h3 data-fontsize=\"16\" data-lineheight=\"24\">Como \u00e9 o Procedimento?<\/h3>\n<p>\u00c9 realizado com raquianestesia ou anestesia geral. Um aparelho fino e flex\u00edvel (nefrosc\u00f3pio) \u00e9 introduzido at\u00e9 o rim pela via urin\u00e1ria, sem cortes e guiado por uma microc\u00e2mera. Localiza-se o c\u00e1lculo renal e utiliza-se o laser para fragment\u00e1-lo em peda\u00e7os muito pequenos, alguns ser\u00e3o retirados e outros ser\u00e3o expelidos junto com a urina. Ao final do procedimento \u00e9 colocado um cateter interno (duplo J) para facilitar a elimina\u00e7\u00e3o de pequenos c\u00e1lculos e co\u00e1gulos de sangue. Necessita interna\u00e7\u00e3o de 12 a 24 horas.<\/p>\n<h3 data-fontsize=\"16\" data-lineheight=\"24\">Exige Preparo?<\/h3>\n<p>Exige jejum e exames pr\u00e9-operat\u00f3rios.<\/p>\n<h3 data-fontsize=\"16\" data-lineheight=\"24\">Exige Repouso?<\/h3>\n<p>Exige repouso de 3 a 5 dias para atividades habituais e at\u00e9 14 dias para atividade f\u00edsica.[\/vc_column_text][\/vc_column][vc_column width=&#8221;1\/2&#8243;][zozo_vc_section_title title=&#8221;Agende sua Consulta Conosco&#8221;][\/zozo_vc_section_title][vc_column_text]<\/p>\n<p style=\"text-align: left;\">O servi\u00e7o de agendamento \u00e9 uma solicita\u00e7\u00e3o de marca\u00e7\u00e3o de consultas e n\u00e3o a marca\u00e7\u00e3o em si. Para sua e nossa seguran\u00e7a, nosso pessoal de atendimento entrar\u00e1 em contato confirmando seus dados e a poss\u00edvel data, hor\u00e1rio e documenta\u00e7\u00e3o para o sua consulta.<\/p>\n<p>Para sua maior comodidade e conforto, oferecemos diversas formas de agendar a sua consulta. Voc\u00ea escolhe: E-mail, Telefone ou Whatsapp.[\/vc_column_text][vc_raw_html]JTNDZm9ybSUyMGFjdGlvbiUzRCUyMmh0dHBzJTNBJTJGJTJGbWVtYmVyLm1haWxpbmdib3NzLmNvbSUyRmluZGV4LnBocCUyRmxpc3RzJTJGbTQ2N3ByMG51bDdpeCUyRnN1YnNjcmliZSUyMiUyMG1ldGhvZCUzRCUyMnBvc3QlMjIlMjBhY2NlcHQtY2hhcnNldCUzRCUyMnV0Zi04JTIyJTIwdGFyZ2V0JTNEJTIyX2JsYW5rJTIyJTNFJTBBJTNDZGl2JTIwY2xhc3MlM0QlMjJmb3JtLWdyb3VwJTIyJTNFJTBBJTIwJTIwJTIwJTIwJTNDbGFiZWwlM0VOb21lJTIwQ29tcGxldG8lMjAlM0NzcGFuJTIwY2xhc3MlM0QlMjJyZXF1aXJlZCUyMiUzRSUyQSUzQyUyRnNwYW4lM0UlM0MlMkZsYWJlbCUzRSUwQSUwOSUzQ2lucHV0JTIwdHlwZSUzRCUyMnRleHQlMjIlMjBjbGFzcyUzRCUyMmZvcm0tY29udHJvbCUyMiUyMG5hbWUlM0QlMjJOT01FJTIyJTIwcGxhY2Vob2xkZXIlM0QlMjIlMjIlMjB2YWx1ZSUzRCUyMiUyMiUyMHJlcXVpcmVkJTIwJTJGJTNFJTBBJTNDJTJGZGl2JTNFJTBBJTNDZGl2JTIwY2xhc3MlM0QlMjJmb3JtLWdyb3VwJTIyJTNFJTBBJTIwJTIwJTIwJTIwJTNDbGFiZWwlM0VUZWxlZm9uZSUyMCUzQ3NwYW4lMjBjbGFzcyUzRCUyMnJlcXVpcmVkJTIyJTNFJTJBJTNDJTJGc3BhbiUzRSUzQyUyRmxhYmVsJTNFJTBBJTA5JTNDaW5wdXQlMjB0eXBlJTNEJTIydGV4dCUyMiUyMGNsYXNzJTNEJTIyZm9ybS1jb250cm9sJTIyJTIwbmFtZSUzRCUyMlRFTEVGT05FJTIyJTIwcGxhY2Vob2xkZXIlM0QlMjIlMjhkZGQlMjl4eHh4eC14eHh4JTIyJTIwdmFsdWUlM0QlMjIlMjIlMjByZXF1aXJlZCUyMCUyRiUzRSUwQSUzQyUyRmRpdiUzRSUwQSUzQ2RpdiUyMGNsYXNzJTNEJTIyZm9ybS1ncm91cCUyMiUzRSUwQSUyMCUyMCUyMCUyMCUzQ2xhYmVsJTNFRW1haWwlMjAlM0NzcGFuJTIwY2xhc3MlM0QlMjJyZXF1aXJlZCUyMiUzRSUyQSUzQyUyRnNwYW4lM0UlM0MlMkZsYWJlbCUzRSUwQSUwOSUzQ2lucHV0JTIwdHlwZSUzRCUyMnRleHQlMjIlMjBjbGFzcyUzRCUyMmZvcm0tY29udHJvbCUyMiUyMG5hbWUlM0QlMjJFTUFJTCUyMiUyMHBsYWNlaG9sZGVyJTNEJTIyRGlnaXRlJTIwc2V1JTIwbWVsaG9yJTIwZW1haWwuLi4lMjIlMjB2YWx1ZSUzRCUyMiUyMiUyMHJlcXVpcmVkJTIwJTJGJTNFJTBBJTNDJTJGZGl2JTNFJTBBJTNDZGl2JTIwY2xhc3MlM0QlMjJmb3JtLWdyb3VwJTIyJTNFJTBBJTIwJTIwJTIwJTIwJTNDbGFiZWwlM0VPYnNlcnZhJUMzJUE3JUMzJUI1ZXMlM0MlMkZsYWJlbCUzRSUwQSUwOSUzQ3RleHRhcmVhJTIwY2xhc3MlM0QlMjJmb3JtLWNvbnRyb2wlMjIlMjBuYW1lJTNEJTIyT0JTRVJWQUNPRVMlMjIlMjBwbGFjZWhvbGRlciUzRCUyMiUyMiUzRSUzQyUyRnRleHRhcmVhJTNFJTNDJTJGZGl2JTNFJTBBJTBBJTIwJTIwJTIwJTIwJTNDZGl2JTIwY2xhc3MlM0QlMjJjbGVhcmZpeCUyMiUzRSUzQyUyMS0tJTIwLS0lM0UlM0MlMkZkaXYlM0UlMEElMjAlMjAlMjAlMjAlM0NkaXYlMjBjbGFzcyUzRCUyMmFjdGlvbnMlMjIlM0UlMEElMjAlMjAlMjAlMjAlM0NidXR0b24lMjB0eXBlJTNEJTIyc3VibWl0JTIyJTIwY2xhc3MlM0QlMjJidG4lMjBidG4tcHJpbWFyeSUyMGJ0bi1zdWJtaXQlMjIlM0VBR0VOREFSJTIwUE9SJTIwRS1NQUlMJTNDJTJGYnV0dG9uJTNFJTBBJTIwJTIwJTIwJTIwJTNDJTJGZGl2JTNFJTBBJTIwJTIwJTIwJTIwJTNDZGl2JTIwY2xhc3MlM0QlMjJjbGVhcmZpeCUyMiUzRSUzQyUyMS0tJTIwLS0lM0UlM0MlMkZkaXYlM0UlMEElM0MlMkZmb3JtJTNFJTIwJTIwJTIwJTIwJTIwJTIwJTIwJTIwJTIwJTIw[\/vc_raw_html][vc_btn title=&#8221;AGENDAR POR TELEFONE&#8221; style=&#8221;modern&#8221; align=&#8221;left&#8221; i_icon_fontawesome=&#8221;fa fa-phone&#8221; add_icon=&#8221;true&#8221; link=&#8221;url:tel%3A6133459300|||&#8221;][vc_btn title=&#8221;AGENDAR POR WHATSAPP&#8221; style=&#8221;modern&#8221; align=&#8221;left&#8221; i_icon_fontawesome=&#8221;fa fa-whatsapp&#8221; add_icon=&#8221;true&#8221; link=&#8221;url:https%3A%2F%2Fapi.whatsapp.com%2Fsend%3Fl%3Dpt_BR%26phone%3D556199477815%26text%3DOl%25C3%25A1%2C%2520gostaria%2520de%2520agendar%2520uma%2520consulta!|||&#8221;][\/vc_column][vc_column][\/vc_column][\/vc_row]<\/p>\n","protected":false},"excerpt":{"rendered":"<p>[vc_row css=&#8221;.vc_custom_1569953133184{margin-top: 40px !important;border-top-width: 0px !important;padding-top: 0px !important;}&#8221;][vc_column width=&#8221;1\/2&#8243;][vc_column_text]Lit\u00edase ou calculose do trato urin\u00e1rio \u00e9 uma doen\u00e7a muito comum. \u00c9 caracteriza pela presen\u00e7a de c\u00e1lculos no interior do aparelho urin\u00e1rio (rins, ureteres, bexiga ou uretra). A manifesta\u00e7\u00e3o mais comum \u00e9 a dor lombar intensa, que muitas vezes pode ser confundida com problemas musculares ou da [&hellip;]<\/p>\n","protected":false},"author":1,"featured_media":0,"parent":0,"menu_order":0,"comment_status":"closed","ping_status":"closed","template":"","meta":{"footnotes":""},"class_list":["post-10459","page","type-page","status-publish","hentry"],"yoast_head":"<!-- This site is optimized with the Yoast SEO plugin v27.4 - https:\/\/yoast.com\/product\/yoast-seo-wordpress\/ -->\n<title>Cirurgias de C\u00e1lculo Renal \/ Pedra nos Rins - Hospital Urol\u00f3gico<\/title>\n<meta name=\"robots\" content=\"index, follow, max-snippet:-1, max-image-preview:large, max-video-preview:-1\" \/>\n<link rel=\"canonical\" href=\"https:\/\/hubrasilia.com.br\/index.php\/cirurgias-de-calculo-renal-pedra-nos-rins\/\" \/>\n<meta property=\"og:locale\" content=\"pt_BR\" \/>\n<meta property=\"og:type\" content=\"article\" \/>\n<meta property=\"og:title\" content=\"Cirurgias de C\u00e1lculo Renal \/ Pedra nos Rins - Hospital Urol\u00f3gico\" \/>\n<meta property=\"og:description\" content=\"[vc_row css=&#8221;.vc_custom_1569953133184{margin-top: 40px !important;border-top-width: 0px !important;padding-top: 0px !important;}&#8221;][vc_column width=&#8221;1\/2&#8243;][vc_column_text]Lit\u00edase ou calculose do trato urin\u00e1rio \u00e9 uma doen\u00e7a muito comum. \u00c9 caracteriza pela presen\u00e7a de c\u00e1lculos no interior do aparelho urin\u00e1rio (rins, ureteres, bexiga ou uretra). A manifesta\u00e7\u00e3o mais comum \u00e9 a dor lombar intensa, que muitas vezes pode ser confundida com problemas musculares ou da [&hellip;]\" \/>\n<meta property=\"og:url\" content=\"https:\/\/hubrasilia.com.br\/index.php\/cirurgias-de-calculo-renal-pedra-nos-rins\/\" \/>\n<meta property=\"og:site_name\" content=\"Hospital Urol\u00f3gico\" \/>\n<meta property=\"article:publisher\" content=\"https:\/\/facebook.com\/hospitalurologico\/\" \/>\n<meta name=\"twitter:card\" content=\"summary_large_image\" \/>\n<meta name=\"twitter:site\" content=\"@HUBrasilia\" \/>\n<meta name=\"twitter:label1\" content=\"Est. tempo de leitura\" \/>\n\t<meta name=\"twitter:data1\" content=\"4 minutos\" \/>\n<script type=\"application\/ld+json\" class=\"yoast-schema-graph\">{\"@context\":\"https:\\\/\\\/schema.org\",\"@graph\":[{\"@type\":\"WebPage\",\"@id\":\"https:\\\/\\\/hubrasilia.com.br\\\/index.php\\\/cirurgias-de-calculo-renal-pedra-nos-rins\\\/\",\"url\":\"https:\\\/\\\/hubrasilia.com.br\\\/index.php\\\/cirurgias-de-calculo-renal-pedra-nos-rins\\\/\",\"name\":\"Cirurgias de C\u00e1lculo Renal \\\/ Pedra nos Rins - Hospital Urol\u00f3gico\",\"isPartOf\":{\"@id\":\"https:\\\/\\\/hubrasilia.com.br\\\/#website\"},\"datePublished\":\"2019-10-01T18:06:46+00:00\",\"breadcrumb\":{\"@id\":\"https:\\\/\\\/hubrasilia.com.br\\\/index.php\\\/cirurgias-de-calculo-renal-pedra-nos-rins\\\/#breadcrumb\"},\"inLanguage\":\"pt-BR\",\"potentialAction\":[{\"@type\":\"ReadAction\",\"target\":[\"https:\\\/\\\/hubrasilia.com.br\\\/index.php\\\/cirurgias-de-calculo-renal-pedra-nos-rins\\\/\"]}]},{\"@type\":\"BreadcrumbList\",\"@id\":\"https:\\\/\\\/hubrasilia.com.br\\\/index.php\\\/cirurgias-de-calculo-renal-pedra-nos-rins\\\/#breadcrumb\",\"itemListElement\":[{\"@type\":\"ListItem\",\"position\":1,\"name\":\"In\u00edcio\",\"item\":\"https:\\\/\\\/hubrasilia.com.br\\\/\"},{\"@type\":\"ListItem\",\"position\":2,\"name\":\"Cirurgias de C\u00e1lculo Renal \\\/ Pedra nos Rins\"}]},{\"@type\":\"WebSite\",\"@id\":\"https:\\\/\\\/hubrasilia.com.br\\\/#website\",\"url\":\"https:\\\/\\\/hubrasilia.com.br\\\/\",\"name\":\"HOSPITAL UROLOGICO DE BRASILIA\\\/DF\",\"description\":\"Refer\u00eancia em Urologia - Asa Sul - Bras\u00edlia\\\/DF\",\"publisher\":{\"@id\":\"https:\\\/\\\/hubrasilia.com.br\\\/#organization\"},\"potentialAction\":[{\"@type\":\"SearchAction\",\"target\":{\"@type\":\"EntryPoint\",\"urlTemplate\":\"https:\\\/\\\/hubrasilia.com.br\\\/?s={search_term_string}\"},\"query-input\":{\"@type\":\"PropertyValueSpecification\",\"valueRequired\":true,\"valueName\":\"search_term_string\"}}],\"inLanguage\":\"pt-BR\"},{\"@type\":\"Organization\",\"@id\":\"https:\\\/\\\/hubrasilia.com.br\\\/#organization\",\"name\":\"HOSPITAL UROLOGICO DE BRASILIA\\\/DF\",\"url\":\"https:\\\/\\\/hubrasilia.com.br\\\/\",\"logo\":{\"@type\":\"ImageObject\",\"inLanguage\":\"pt-BR\",\"@id\":\"https:\\\/\\\/hubrasilia.com.br\\\/#\\\/schema\\\/logo\\\/image\\\/\",\"url\":\"https:\\\/\\\/hubrasilia.com.br\\\/wp-content\\\/uploads\\\/2020\\\/02\\\/logo-small.png\",\"contentUrl\":\"https:\\\/\\\/hubrasilia.com.br\\\/wp-content\\\/uploads\\\/2020\\\/02\\\/logo-small.png\",\"width\":185,\"height\":89,\"caption\":\"HOSPITAL UROLOGICO DE BRASILIA\\\/DF\"},\"image\":{\"@id\":\"https:\\\/\\\/hubrasilia.com.br\\\/#\\\/schema\\\/logo\\\/image\\\/\"},\"sameAs\":[\"https:\\\/\\\/facebook.com\\\/hospitalurologico\\\/\",\"https:\\\/\\\/x.com\\\/HUBrasilia\",\"https:\\\/\\\/hubrasilia.com.br\\\/index.php\\\/link\\\/instagram\\\/\",\"https:\\\/\\\/hubrasilia.com.br\\\/index.php\\\/link\\\/youtube\\\/\"]}]}<\/script>\n<!-- \/ Yoast SEO plugin. -->","yoast_head_json":{"title":"Cirurgias de C\u00e1lculo Renal \/ Pedra nos Rins - Hospital Urol\u00f3gico","robots":{"index":"index","follow":"follow","max-snippet":"max-snippet:-1","max-image-preview":"max-image-preview:large","max-video-preview":"max-video-preview:-1"},"canonical":"https:\/\/hubrasilia.com.br\/index.php\/cirurgias-de-calculo-renal-pedra-nos-rins\/","og_locale":"pt_BR","og_type":"article","og_title":"Cirurgias de C\u00e1lculo Renal \/ Pedra nos Rins - Hospital Urol\u00f3gico","og_description":"[vc_row css=&#8221;.vc_custom_1569953133184{margin-top: 40px !important;border-top-width: 0px !important;padding-top: 0px !important;}&#8221;][vc_column width=&#8221;1\/2&#8243;][vc_column_text]Lit\u00edase ou calculose do trato urin\u00e1rio \u00e9 uma doen\u00e7a muito comum. \u00c9 caracteriza pela presen\u00e7a de c\u00e1lculos no interior do aparelho urin\u00e1rio (rins, ureteres, bexiga ou uretra). A manifesta\u00e7\u00e3o mais comum \u00e9 a dor lombar intensa, que muitas vezes pode ser confundida com problemas musculares ou da [&hellip;]","og_url":"https:\/\/hubrasilia.com.br\/index.php\/cirurgias-de-calculo-renal-pedra-nos-rins\/","og_site_name":"Hospital Urol\u00f3gico","article_publisher":"https:\/\/facebook.com\/hospitalurologico\/","twitter_card":"summary_large_image","twitter_site":"@HUBrasilia","twitter_misc":{"Est. tempo de leitura":"4 minutos"},"schema":{"@context":"https:\/\/schema.org","@graph":[{"@type":"WebPage","@id":"https:\/\/hubrasilia.com.br\/index.php\/cirurgias-de-calculo-renal-pedra-nos-rins\/","url":"https:\/\/hubrasilia.com.br\/index.php\/cirurgias-de-calculo-renal-pedra-nos-rins\/","name":"Cirurgias de C\u00e1lculo Renal \/ Pedra nos Rins - Hospital Urol\u00f3gico","isPartOf":{"@id":"https:\/\/hubrasilia.com.br\/#website"},"datePublished":"2019-10-01T18:06:46+00:00","breadcrumb":{"@id":"https:\/\/hubrasilia.com.br\/index.php\/cirurgias-de-calculo-renal-pedra-nos-rins\/#breadcrumb"},"inLanguage":"pt-BR","potentialAction":[{"@type":"ReadAction","target":["https:\/\/hubrasilia.com.br\/index.php\/cirurgias-de-calculo-renal-pedra-nos-rins\/"]}]},{"@type":"BreadcrumbList","@id":"https:\/\/hubrasilia.com.br\/index.php\/cirurgias-de-calculo-renal-pedra-nos-rins\/#breadcrumb","itemListElement":[{"@type":"ListItem","position":1,"name":"In\u00edcio","item":"https:\/\/hubrasilia.com.br\/"},{"@type":"ListItem","position":2,"name":"Cirurgias de C\u00e1lculo Renal \/ Pedra nos Rins"}]},{"@type":"WebSite","@id":"https:\/\/hubrasilia.com.br\/#website","url":"https:\/\/hubrasilia.com.br\/","name":"HOSPITAL UROLOGICO DE BRASILIA\/DF","description":"Refer\u00eancia em Urologia - Asa Sul - Bras\u00edlia\/DF","publisher":{"@id":"https:\/\/hubrasilia.com.br\/#organization"},"potentialAction":[{"@type":"SearchAction","target":{"@type":"EntryPoint","urlTemplate":"https:\/\/hubrasilia.com.br\/?s={search_term_string}"},"query-input":{"@type":"PropertyValueSpecification","valueRequired":true,"valueName":"search_term_string"}}],"inLanguage":"pt-BR"},{"@type":"Organization","@id":"https:\/\/hubrasilia.com.br\/#organization","name":"HOSPITAL UROLOGICO DE BRASILIA\/DF","url":"https:\/\/hubrasilia.com.br\/","logo":{"@type":"ImageObject","inLanguage":"pt-BR","@id":"https:\/\/hubrasilia.com.br\/#\/schema\/logo\/image\/","url":"https:\/\/hubrasilia.com.br\/wp-content\/uploads\/2020\/02\/logo-small.png","contentUrl":"https:\/\/hubrasilia.com.br\/wp-content\/uploads\/2020\/02\/logo-small.png","width":185,"height":89,"caption":"HOSPITAL UROLOGICO DE BRASILIA\/DF"},"image":{"@id":"https:\/\/hubrasilia.com.br\/#\/schema\/logo\/image\/"},"sameAs":["https:\/\/facebook.com\/hospitalurologico\/","https:\/\/x.com\/HUBrasilia","https:\/\/hubrasilia.com.br\/index.php\/link\/instagram\/","https:\/\/hubrasilia.com.br\/index.php\/link\/youtube\/"]}]}},"_links":{"self":[{"href":"https:\/\/hubrasilia.com.br\/index.php\/wp-json\/wp\/v2\/pages\/10459","targetHints":{"allow":["GET"]}}],"collection":[{"href":"https:\/\/hubrasilia.com.br\/index.php\/wp-json\/wp\/v2\/pages"}],"about":[{"href":"https:\/\/hubrasilia.com.br\/index.php\/wp-json\/wp\/v2\/types\/page"}],"author":[{"embeddable":true,"href":"https:\/\/hubrasilia.com.br\/index.php\/wp-json\/wp\/v2\/users\/1"}],"replies":[{"embeddable":true,"href":"https:\/\/hubrasilia.com.br\/index.php\/wp-json\/wp\/v2\/comments?post=10459"}],"version-history":[{"count":0,"href":"https:\/\/hubrasilia.com.br\/index.php\/wp-json\/wp\/v2\/pages\/10459\/revisions"}],"wp:attachment":[{"href":"https:\/\/hubrasilia.com.br\/index.php\/wp-json\/wp\/v2\/media?parent=10459"}],"curies":[{"name":"wp","href":"https:\/\/api.w.org\/{rel}","templated":true}]}}