{"id":10961,"date":"2020-05-23T12:35:43","date_gmt":"2020-05-23T15:35:43","guid":{"rendered":"https:\/\/hubrasilia.com.br\/?page_id=10961"},"modified":"2022-09-12T13:32:33","modified_gmt":"2022-09-12T16:32:33","slug":"consulta-obrigado","status":"publish","type":"page","link":"https:\/\/hubrasilia.com.br\/index.php\/consulta-obrigado\/","title":{"rendered":"Solicita\u00e7\u00e3o de Consulta enviada com Sucesso!"},"content":{"rendered":"<p style=\"text-align: center;\"><iframe style=\"border: none; overflow: hidden;\" src=\"https:\/\/www.facebook.com\/plugins\/video.php?href=https%3A%2F%2Fwww.facebook.com%2Fhospitalurologico%2Fvideos%2F240884373964458%2F&amp;show_text=0&amp;width=560\" width=\"560\" height=\"316\" frameborder=\"0\" scrolling=\"no\" allowfullscreen=\"allowfullscreen\"><\/iframe><\/p>\n<p style=\"text-align: left;\"><b>Caro(a) Paciente,<\/b><\/p>\n<p><strong>SUA\u00a0SOLICITA\u00c7\u00c3O DE MARCA\u00c7\u00c3O DE CONSULTA\u00a0FOI ENCAMINHADA COM SUCESSO PARA A NOSSA EQUIPE DE ATENDIMENTO!<\/strong><\/p>\n<p>Gostar\u00edamos de agradecer a confian\u00e7a e informar que em breve nossa equipe entrar\u00e1 em contato para a confirma\u00e7\u00e3o dos seus dados e <strong>completar o agendamento<\/strong>.<\/p>\n<p>Aproveitamos a oportunidade para pedir que verifique a suas\u00a0<b>CAIXAS DE E-MAIL (ENTRADA E SPAM)<\/b>, n\u00f3s enviamos um e-mail de\u00a0<b>orienta\u00e7\u00f5es<\/b>\u00a0para a sua consulta.<\/p>\n<p>As orienta\u00e7\u00f5es s\u00e3o de suma import\u00e2ncia, pois, garante a seguran\u00e7a das suas informa\u00e7\u00f5es e do seu atendimento.<\/p>\n<p>Certos da continuidade do nosso relacionamento e comunica\u00e7\u00e3o, agradecemos mais uma vez o seu contato&#8230;<\/p>\n<p>Nos falamos em breve!<\/p>\n<p><b>Equipe de Atendimento<br \/>\nHospital Urol\u00f3gico de Bras\u00edlia<br \/>\n<\/b><\/p>\n","protected":false},"excerpt":{"rendered":"<p>Caro(a) Paciente, SUA\u00a0SOLICITA\u00c7\u00c3O DE MARCA\u00c7\u00c3O DE CONSULTA\u00a0FOI ENCAMINHADA COM SUCESSO PARA A NOSSA EQUIPE DE ATENDIMENTO! Gostar\u00edamos de agradecer a confian\u00e7a e informar que em breve nossa equipe entrar\u00e1 em contato para a confirma\u00e7\u00e3o dos seus dados e completar o agendamento. Aproveitamos a oportunidade para pedir que verifique a suas\u00a0CAIXAS DE E-MAIL (ENTRADA E SPAM), [&hellip;]<\/p>\n","protected":false},"author":1,"featured_media":0,"parent":0,"menu_order":0,"comment_status":"closed","ping_status":"closed","template":"","meta":{"footnotes":""},"class_list":["post-10961","page","type-page","status-publish","hentry"],"yoast_head":"<!-- This site is optimized with the Yoast SEO plugin v27.4 - https:\/\/yoast.com\/product\/yoast-seo-wordpress\/ -->\n<title>Solicita\u00e7\u00e3o de Consulta enviada com Sucesso! - Hospital Urol\u00f3gico<\/title>\n<meta name=\"robots\" content=\"index, follow, max-snippet:-1, max-image-preview:large, max-video-preview:-1\" \/>\n<link rel=\"canonical\" href=\"https:\/\/hubrasilia.com.br\/index.php\/consulta-obrigado\/\" \/>\n<meta property=\"og:locale\" content=\"pt_BR\" \/>\n<meta property=\"og:type\" content=\"article\" \/>\n<meta property=\"og:title\" content=\"Solicita\u00e7\u00e3o de Consulta enviada com Sucesso! - Hospital Urol\u00f3gico\" \/>\n<meta property=\"og:description\" content=\"Caro(a) Paciente, SUA\u00a0SOLICITA\u00c7\u00c3O DE MARCA\u00c7\u00c3O DE CONSULTA\u00a0FOI ENCAMINHADA COM SUCESSO PARA A NOSSA EQUIPE DE ATENDIMENTO! Gostar\u00edamos de agradecer a confian\u00e7a e informar que em breve nossa equipe entrar\u00e1 em contato para a confirma\u00e7\u00e3o dos seus dados e completar o agendamento. Aproveitamos a oportunidade para pedir que verifique a suas\u00a0CAIXAS DE E-MAIL (ENTRADA E SPAM), [&hellip;]\" \/>\n<meta property=\"og:url\" content=\"https:\/\/hubrasilia.com.br\/index.php\/consulta-obrigado\/\" \/>\n<meta property=\"og:site_name\" content=\"Hospital Urol\u00f3gico\" \/>\n<meta property=\"article:publisher\" content=\"https:\/\/facebook.com\/hospitalurologico\/\" \/>\n<meta property=\"article:modified_time\" content=\"2022-09-12T16:32:33+00:00\" \/>\n<meta name=\"twitter:card\" content=\"summary_large_image\" \/>\n<meta name=\"twitter:site\" content=\"@HUBrasilia\" \/>\n<meta name=\"twitter:label1\" content=\"Est. tempo de leitura\" \/>\n\t<meta name=\"twitter:data1\" content=\"1 minuto\" \/>\n<script type=\"application\/ld+json\" class=\"yoast-schema-graph\">{\"@context\":\"https:\\\/\\\/schema.org\",\"@graph\":[{\"@type\":\"WebPage\",\"@id\":\"https:\\\/\\\/hubrasilia.com.br\\\/index.php\\\/consulta-obrigado\\\/\",\"url\":\"https:\\\/\\\/hubrasilia.com.br\\\/index.php\\\/consulta-obrigado\\\/\",\"name\":\"Solicita\u00e7\u00e3o de Consulta enviada com Sucesso! - Hospital Urol\u00f3gico\",\"isPartOf\":{\"@id\":\"https:\\\/\\\/hubrasilia.com.br\\\/#website\"},\"datePublished\":\"2020-05-23T15:35:43+00:00\",\"dateModified\":\"2022-09-12T16:32:33+00:00\",\"breadcrumb\":{\"@id\":\"https:\\\/\\\/hubrasilia.com.br\\\/index.php\\\/consulta-obrigado\\\/#breadcrumb\"},\"inLanguage\":\"pt-BR\",\"potentialAction\":[{\"@type\":\"ReadAction\",\"target\":[\"https:\\\/\\\/hubrasilia.com.br\\\/index.php\\\/consulta-obrigado\\\/\"]}]},{\"@type\":\"BreadcrumbList\",\"@id\":\"https:\\\/\\\/hubrasilia.com.br\\\/index.php\\\/consulta-obrigado\\\/#breadcrumb\",\"itemListElement\":[{\"@type\":\"ListItem\",\"position\":1,\"name\":\"In\u00edcio\",\"item\":\"https:\\\/\\\/hubrasilia.com.br\\\/\"},{\"@type\":\"ListItem\",\"position\":2,\"name\":\"Solicita\u00e7\u00e3o de Consulta enviada com Sucesso!\"}]},{\"@type\":\"WebSite\",\"@id\":\"https:\\\/\\\/hubrasilia.com.br\\\/#website\",\"url\":\"https:\\\/\\\/hubrasilia.com.br\\\/\",\"name\":\"HOSPITAL UROLOGICO DE BRASILIA\\\/DF\",\"description\":\"Refer\u00eancia em Urologia - Asa Sul - Bras\u00edlia\\\/DF\",\"publisher\":{\"@id\":\"https:\\\/\\\/hubrasilia.com.br\\\/#organization\"},\"potentialAction\":[{\"@type\":\"SearchAction\",\"target\":{\"@type\":\"EntryPoint\",\"urlTemplate\":\"https:\\\/\\\/hubrasilia.com.br\\\/?s={search_term_string}\"},\"query-input\":{\"@type\":\"PropertyValueSpecification\",\"valueRequired\":true,\"valueName\":\"search_term_string\"}}],\"inLanguage\":\"pt-BR\"},{\"@type\":\"Organization\",\"@id\":\"https:\\\/\\\/hubrasilia.com.br\\\/#organization\",\"name\":\"HOSPITAL UROLOGICO DE BRASILIA\\\/DF\",\"url\":\"https:\\\/\\\/hubrasilia.com.br\\\/\",\"logo\":{\"@type\":\"ImageObject\",\"inLanguage\":\"pt-BR\",\"@id\":\"https:\\\/\\\/hubrasilia.com.br\\\/#\\\/schema\\\/logo\\\/image\\\/\",\"url\":\"https:\\\/\\\/hubrasilia.com.br\\\/wp-content\\\/uploads\\\/2020\\\/02\\\/logo-small.png\",\"contentUrl\":\"https:\\\/\\\/hubrasilia.com.br\\\/wp-content\\\/uploads\\\/2020\\\/02\\\/logo-small.png\",\"width\":185,\"height\":89,\"caption\":\"HOSPITAL UROLOGICO DE BRASILIA\\\/DF\"},\"image\":{\"@id\":\"https:\\\/\\\/hubrasilia.com.br\\\/#\\\/schema\\\/logo\\\/image\\\/\"},\"sameAs\":[\"https:\\\/\\\/facebook.com\\\/hospitalurologico\\\/\",\"https:\\\/\\\/x.com\\\/HUBrasilia\",\"https:\\\/\\\/hubrasilia.com.br\\\/index.php\\\/link\\\/instagram\\\/\",\"https:\\\/\\\/hubrasilia.com.br\\\/index.php\\\/link\\\/youtube\\\/\"]}]}<\/script>\n<!-- \/ Yoast SEO plugin. -->","yoast_head_json":{"title":"Solicita\u00e7\u00e3o de Consulta enviada com Sucesso! - Hospital Urol\u00f3gico","robots":{"index":"index","follow":"follow","max-snippet":"max-snippet:-1","max-image-preview":"max-image-preview:large","max-video-preview":"max-video-preview:-1"},"canonical":"https:\/\/hubrasilia.com.br\/index.php\/consulta-obrigado\/","og_locale":"pt_BR","og_type":"article","og_title":"Solicita\u00e7\u00e3o de Consulta enviada com Sucesso! - Hospital Urol\u00f3gico","og_description":"Caro(a) Paciente, SUA\u00a0SOLICITA\u00c7\u00c3O DE MARCA\u00c7\u00c3O DE CONSULTA\u00a0FOI ENCAMINHADA COM SUCESSO PARA A NOSSA EQUIPE DE ATENDIMENTO! Gostar\u00edamos de agradecer a confian\u00e7a e informar que em breve nossa equipe entrar\u00e1 em contato para a confirma\u00e7\u00e3o dos seus dados e completar o agendamento. Aproveitamos a oportunidade para pedir que verifique a suas\u00a0CAIXAS DE E-MAIL (ENTRADA E SPAM), [&hellip;]","og_url":"https:\/\/hubrasilia.com.br\/index.php\/consulta-obrigado\/","og_site_name":"Hospital Urol\u00f3gico","article_publisher":"https:\/\/facebook.com\/hospitalurologico\/","article_modified_time":"2022-09-12T16:32:33+00:00","twitter_card":"summary_large_image","twitter_site":"@HUBrasilia","twitter_misc":{"Est. tempo de leitura":"1 minuto"},"schema":{"@context":"https:\/\/schema.org","@graph":[{"@type":"WebPage","@id":"https:\/\/hubrasilia.com.br\/index.php\/consulta-obrigado\/","url":"https:\/\/hubrasilia.com.br\/index.php\/consulta-obrigado\/","name":"Solicita\u00e7\u00e3o de Consulta enviada com Sucesso! - Hospital Urol\u00f3gico","isPartOf":{"@id":"https:\/\/hubrasilia.com.br\/#website"},"datePublished":"2020-05-23T15:35:43+00:00","dateModified":"2022-09-12T16:32:33+00:00","breadcrumb":{"@id":"https:\/\/hubrasilia.com.br\/index.php\/consulta-obrigado\/#breadcrumb"},"inLanguage":"pt-BR","potentialAction":[{"@type":"ReadAction","target":["https:\/\/hubrasilia.com.br\/index.php\/consulta-obrigado\/"]}]},{"@type":"BreadcrumbList","@id":"https:\/\/hubrasilia.com.br\/index.php\/consulta-obrigado\/#breadcrumb","itemListElement":[{"@type":"ListItem","position":1,"name":"In\u00edcio","item":"https:\/\/hubrasilia.com.br\/"},{"@type":"ListItem","position":2,"name":"Solicita\u00e7\u00e3o de Consulta enviada com Sucesso!"}]},{"@type":"WebSite","@id":"https:\/\/hubrasilia.com.br\/#website","url":"https:\/\/hubrasilia.com.br\/","name":"HOSPITAL UROLOGICO DE BRASILIA\/DF","description":"Refer\u00eancia em Urologia - Asa Sul - Bras\u00edlia\/DF","publisher":{"@id":"https:\/\/hubrasilia.com.br\/#organization"},"potentialAction":[{"@type":"SearchAction","target":{"@type":"EntryPoint","urlTemplate":"https:\/\/hubrasilia.com.br\/?s={search_term_string}"},"query-input":{"@type":"PropertyValueSpecification","valueRequired":true,"valueName":"search_term_string"}}],"inLanguage":"pt-BR"},{"@type":"Organization","@id":"https:\/\/hubrasilia.com.br\/#organization","name":"HOSPITAL UROLOGICO DE BRASILIA\/DF","url":"https:\/\/hubrasilia.com.br\/","logo":{"@type":"ImageObject","inLanguage":"pt-BR","@id":"https:\/\/hubrasilia.com.br\/#\/schema\/logo\/image\/","url":"https:\/\/hubrasilia.com.br\/wp-content\/uploads\/2020\/02\/logo-small.png","contentUrl":"https:\/\/hubrasilia.com.br\/wp-content\/uploads\/2020\/02\/logo-small.png","width":185,"height":89,"caption":"HOSPITAL UROLOGICO DE BRASILIA\/DF"},"image":{"@id":"https:\/\/hubrasilia.com.br\/#\/schema\/logo\/image\/"},"sameAs":["https:\/\/facebook.com\/hospitalurologico\/","https:\/\/x.com\/HUBrasilia","https:\/\/hubrasilia.com.br\/index.php\/link\/instagram\/","https:\/\/hubrasilia.com.br\/index.php\/link\/youtube\/"]}]}},"_links":{"self":[{"href":"https:\/\/hubrasilia.com.br\/index.php\/wp-json\/wp\/v2\/pages\/10961","targetHints":{"allow":["GET"]}}],"collection":[{"href":"https:\/\/hubrasilia.com.br\/index.php\/wp-json\/wp\/v2\/pages"}],"about":[{"href":"https:\/\/hubrasilia.com.br\/index.php\/wp-json\/wp\/v2\/types\/page"}],"author":[{"embeddable":true,"href":"https:\/\/hubrasilia.com.br\/index.php\/wp-json\/wp\/v2\/users\/1"}],"replies":[{"embeddable":true,"href":"https:\/\/hubrasilia.com.br\/index.php\/wp-json\/wp\/v2\/comments?post=10961"}],"version-history":[{"count":0,"href":"https:\/\/hubrasilia.com.br\/index.php\/wp-json\/wp\/v2\/pages\/10961\/revisions"}],"wp:attachment":[{"href":"https:\/\/hubrasilia.com.br\/index.php\/wp-json\/wp\/v2\/media?parent=10961"}],"curies":[{"name":"wp","href":"https:\/\/api.w.org\/{rel}","templated":true}]}}