{"id":15039,"date":"2024-09-11T11:35:18","date_gmt":"2024-09-11T14:35:18","guid":{"rendered":"https:\/\/hubrasilia.com.br\/?page_id=15039"},"modified":"2024-09-11T11:41:37","modified_gmt":"2024-09-11T14:41:37","slug":"check-up-dos-cuidados-da-mulher-em-urologia-obrigado","status":"publish","type":"page","link":"https:\/\/hubrasilia.com.br\/index.php\/check-up-dos-cuidados-da-mulher-em-urologia-obrigado\/","title":{"rendered":"CHECK-UP DOS CUIDADOS DA MULHER EM UROLOGIA &#8211; OBRIGADO"},"content":{"rendered":"\t\t<div data-elementor-type=\"wp-page\" data-elementor-id=\"15039\" class=\"elementor elementor-15039\" data-elementor-post-type=\"page\">\n\t\t\t\t\t\t<section class=\"elementor-section elementor-top-section elementor-element elementor-element-b041c4c elementor-section-boxed elementor-section-height-default elementor-section-height-default\" data-id=\"b041c4c\" data-element_type=\"section\" data-e-type=\"section\" data-settings=\"{&quot;background_background&quot;:&quot;classic&quot;,&quot;shape_divider_bottom&quot;:&quot;waves&quot;}\">\n\t\t\t\t\t\t\t<div class=\"elementor-background-overlay\"><\/div>\n\t\t\t\t\t\t<div class=\"elementor-shape elementor-shape-bottom\" aria-hidden=\"true\" data-negative=\"false\">\n\t\t\t<svg xmlns=\"http:\/\/www.w3.org\/2000\/svg\" viewBox=\"0 0 1000 100\" preserveAspectRatio=\"none\">\n\t<path class=\"elementor-shape-fill\" d=\"M421.9,6.5c22.6-2.5,51.5,0.4,75.5,5.3c23.6,4.9,70.9,23.5,100.5,35.7c75.8,32.2,133.7,44.5,192.6,49.7\n\tc23.6,2.1,48.7,3.5,103.4-2.5c54.7-6,106.2-25.6,106.2-25.6V0H0v30.3c0,0,72,32.6,158.4,30.5c39.2-0.7,92.8-6.7,134-22.4\n\tc21.2-8.1,52.2-18.2,79.7-24.2C399.3,7.9,411.6,7.5,421.9,6.5z\"\/>\n<\/svg>\t\t<\/div>\n\t\t\t\t\t<div class=\"elementor-container elementor-column-gap-default\">\n\t\t\t\t\t<div class=\"elementor-column elementor-col-100 elementor-top-column elementor-element elementor-element-e7de18e\" data-id=\"e7de18e\" data-element_type=\"column\" data-e-type=\"column\">\n\t\t\t<div class=\"elementor-widget-wrap elementor-element-populated\">\n\t\t\t\t\t\t<div class=\"elementor-element elementor-element-33a1265 elementor-widget elementor-widget-image\" data-id=\"33a1265\" data-element_type=\"widget\" data-e-type=\"widget\" data-widget_type=\"image.default\">\n\t\t\t\t<div class=\"elementor-widget-container\">\n\t\t\t\t\t\t\t\t\t\t\t\t\t\t\t<img decoding=\"async\" width=\"185\" height=\"89\" src=\"https:\/\/hubrasilia.com.br\/wp-content\/uploads\/2020\/02\/logo-small.png\" class=\"attachment-full size-full wp-image-10873\" alt=\"hospital urol\u00f3gico de bras\u00edlia\" \/>\t\t\t\t\t\t\t\t\t\t\t\t\t\t\t<\/div>\n\t\t\t\t<\/div>\n\t\t\t\t<div class=\"elementor-element elementor-element-94f5c09 elementor-widget elementor-widget-heading\" data-id=\"94f5c09\" data-element_type=\"widget\" data-e-type=\"widget\" data-widget_type=\"heading.default\">\n\t\t\t\t<div class=\"elementor-widget-container\">\n\t\t\t\t\t<h2 class=\"elementor-heading-title elementor-size-default\">SOLICITA\u00c7\u00c3O DE CHECK-UP ENVIADA COM SUCESSO<\/h2>\t\t\t\t<\/div>\n\t\t\t\t<\/div>\n\t\t\t\t<section class=\"elementor-section elementor-inner-section elementor-element elementor-element-2d4384d elementor-section-boxed elementor-section-height-default elementor-section-height-default\" data-id=\"2d4384d\" data-element_type=\"section\" data-e-type=\"section\">\n\t\t\t\t\t\t<div class=\"elementor-container elementor-column-gap-default\">\n\t\t\t\t\t<div class=\"elementor-column elementor-col-50 elementor-inner-column elementor-element elementor-element-f32e75a\" data-id=\"f32e75a\" data-element_type=\"column\" data-e-type=\"column\">\n\t\t\t<div class=\"elementor-widget-wrap elementor-element-populated\">\n\t\t\t\t\t\t<div class=\"elementor-element elementor-element-572a8ed elementor-widget elementor-widget-text-editor\" data-id=\"572a8ed\" data-element_type=\"widget\" data-e-type=\"widget\" data-widget_type=\"text-editor.default\">\n\t\t\t\t<div class=\"elementor-widget-container\">\n\t\t\t\t\t\t\t\t\t<h3><strong>Parab\u00e9ns pela sua iniciativa em escolher SA\u00daDE, BEM-ESTAR e QUALIDADE DE VIDA!<\/strong><\/h3><h3><strong>Pr\u00f3ximos Passos:<\/strong><\/h3><ol><li><strong>Nosso pessoal de atendimento ao paciente entrar\u00e1 em contato com VOC\u00ca por meio dos dados informados e confirmar\u00e1 data e hor\u00e1rio de sua prefer\u00eancia;<\/strong><\/li><li><strong>Atente-se \u00e0s orienta\u00e7\u00f5es para o dia do seu atendimento, esteja no hor\u00e1rio e de posse de todos os seus documentos de identifica\u00e7\u00e3o;<\/strong><\/li><li><strong>Caso tenha d\u00favidas, chame nossa Gerente de Atendimento, que lhe ajudar\u00e1 em tudo que for preciso.<\/strong><\/li><\/ol><p><strong>Desde j\u00e1 agradecemos a oportunidade de cuidar de voc\u00ea.<\/strong><\/p><p><strong>Atenciosamente,<\/strong><br \/><strong>Equipe de Atendimento &#8211; Hospital Urol\u00f3gico de Bras\u00edlia<\/strong><\/p>\t\t\t\t\t\t\t\t<\/div>\n\t\t\t\t<\/div>\n\t\t\t\t\t<\/div>\n\t\t<\/div>\n\t\t\t\t<div class=\"elementor-column elementor-col-50 elementor-inner-column elementor-element elementor-element-0695fef\" data-id=\"0695fef\" data-element_type=\"column\" data-e-type=\"column\">\n\t\t\t<div class=\"elementor-widget-wrap elementor-element-populated\">\n\t\t\t\t\t\t<div class=\"elementor-element elementor-element-7f333ee elementor-widget elementor-widget-image\" data-id=\"7f333ee\" data-element_type=\"widget\" data-e-type=\"widget\" data-widget_type=\"image.default\">\n\t\t\t\t<div class=\"elementor-widget-container\">\n\t\t\t\t\t\t\t\t\t\t\t\t\t\t\t<img fetchpriority=\"high\" decoding=\"async\" width=\"600\" height=\"450\" src=\"https:\/\/hubrasilia.com.br\/wp-content\/uploads\/2024\/06\/Fachada-Hospital-Urologico.jpg\" class=\"attachment-full size-full wp-image-1878\" alt=\"Cl\u00ednica que faz vasectomia\" srcset=\"https:\/\/hubrasilia.com.br\/wp-content\/uploads\/2024\/06\/Fachada-Hospital-Urologico.jpg 600w, https:\/\/hubrasilia.com.br\/wp-content\/uploads\/2024\/06\/Fachada-Hospital-Urologico-300x225.jpg 300w\" sizes=\"(max-width: 600px) 100vw, 600px\" \/>\t\t\t\t\t\t\t\t\t\t\t\t\t\t\t<\/div>\n\t\t\t\t<\/div>\n\t\t\t\t\t<\/div>\n\t\t<\/div>\n\t\t\t\t\t<\/div>\n\t\t<\/section>\n\t\t\t\t\t<\/div>\n\t\t<\/div>\n\t\t\t\t\t<\/div>\n\t\t<\/section>\n\t\t\t\t<section class=\"elementor-section elementor-top-section elementor-element elementor-element-79e180e2 elementor-section-stretched elementor-section-full_width elementor-section-height-default elementor-section-height-default\" data-id=\"79e180e2\" data-element_type=\"section\" data-e-type=\"section\" data-settings=\"{&quot;stretch_section&quot;:&quot;section-stretched&quot;}\">\n\t\t\t\t\t\t<div class=\"elementor-container elementor-column-gap-default\">\n\t\t\t\t\t<div class=\"elementor-column elementor-col-100 elementor-top-column elementor-element elementor-element-c222ccd\" data-id=\"c222ccd\" data-element_type=\"column\" data-e-type=\"column\">\n\t\t\t<div class=\"elementor-widget-wrap elementor-element-populated\">\n\t\t\t\t\t\t<div class=\"elementor-element elementor-element-24c39f8 elementor-widget elementor-widget-heading\" data-id=\"24c39f8\" data-element_type=\"widget\" data-e-type=\"widget\" data-widget_type=\"heading.default\">\n\t\t\t\t<div class=\"elementor-widget-container\">\n\t\t\t\t\t<h2 class=\"elementor-heading-title elementor-size-default\">sAIBA COMO CHEGAR NO HOSPITAL UROL\u00d3GICO<\/h2>\t\t\t\t<\/div>\n\t\t\t\t<\/div>\n\t\t\t\t<div class=\"elementor-element elementor-element-6160bdc9 elementor-widget elementor-widget-google_maps\" data-id=\"6160bdc9\" data-element_type=\"widget\" data-e-type=\"widget\" data-widget_type=\"google_maps.default\">\n\t\t\t\t<div class=\"elementor-widget-container\">\n\t\t\t\t\t\t\t<div class=\"elementor-custom-embed\">\n\t\t\t<iframe loading=\"lazy\"\n\t\t\t\t\tsrc=\"https:\/\/maps.google.com\/maps?q=Hospital%20Urol%C3%B3gico%20de%20Bras%C3%ADlia&#038;t=m&#038;z=18&#038;output=embed&#038;iwloc=near\"\n\t\t\t\t\ttitle=\"Hospital Urol\u00f3gico de Bras\u00edlia\"\n\t\t\t\t\taria-label=\"Hospital Urol\u00f3gico de Bras\u00edlia\"\n\t\t\t><\/iframe>\n\t\t<\/div>\n\t\t\t\t\t\t<\/div>\n\t\t\t\t<\/div>\n\t\t\t\t\t<\/div>\n\t\t<\/div>\n\t\t\t\t\t<\/div>\n\t\t<\/section>\n\t\t\t\t<section class=\"elementor-section elementor-top-section elementor-element elementor-element-65b8410f elementor-section-boxed elementor-section-height-default elementor-section-height-default\" data-id=\"65b8410f\" data-element_type=\"section\" data-e-type=\"section\" data-settings=\"{&quot;background_background&quot;:&quot;classic&quot;}\">\n\t\t\t\t\t\t\t<div class=\"elementor-background-overlay\"><\/div>\n\t\t\t\t\t\t\t<div class=\"elementor-container elementor-column-gap-no\">\n\t\t\t\t\t<div class=\"elementor-column elementor-col-100 elementor-top-column elementor-element elementor-element-18a8f968\" data-id=\"18a8f968\" data-element_type=\"column\" data-e-type=\"column\">\n\t\t\t<div class=\"elementor-widget-wrap elementor-element-populated\">\n\t\t\t\t\t\t<div class=\"elementor-element elementor-element-68d30d3a elementor-nav-menu__align-center elementor-nav-menu--dropdown-tablet elementor-nav-menu__text-align-aside elementor-nav-menu--toggle elementor-nav-menu--burger elementor-widget elementor-widget-nav-menu\" data-id=\"68d30d3a\" data-element_type=\"widget\" data-e-type=\"widget\" data-settings=\"{&quot;layout&quot;:&quot;horizontal&quot;,&quot;submenu_icon&quot;:{&quot;value&quot;:&quot;&lt;i class=\\&quot;fas fa-caret-down\\&quot; aria-hidden=\\&quot;true\\&quot;&gt;&lt;\\\/i&gt;&quot;,&quot;library&quot;:&quot;fa-solid&quot;},&quot;toggle&quot;:&quot;burger&quot;}\" data-widget_type=\"nav-menu.default\">\n\t\t\t\t<div class=\"elementor-widget-container\">\n\t\t\t\t\t\t\t\t<nav aria-label=\"Menu\" class=\"elementor-nav-menu--main elementor-nav-menu__container elementor-nav-menu--layout-horizontal e--pointer-underline e--animation-fade\">\n\t\t\t\t<ul id=\"menu-1-68d30d3a\" class=\"elementor-nav-menu\"><li class=\"menu-item menu-item-type-post_type menu-item-object-page menu-item-10054\"><a href=\"https:\/\/hubrasilia.com.br\/index.php\/aviso-legal\/\" class=\"elementor-item\">Aviso Legal<\/a><\/li>\n<li class=\"menu-item menu-item-type-post_type menu-item-object-page menu-item-10053\"><a href=\"https:\/\/hubrasilia.com.br\/index.php\/politicas-de-privacidade\/\" class=\"elementor-item\">Pol\u00edticas de Privacidade<\/a><\/li>\n<li class=\"menu-item menu-item-type-post_type menu-item-object-page menu-item-10052\"><a href=\"https:\/\/hubrasilia.com.br\/index.php\/termos-de-uso\/\" class=\"elementor-item\">Termos de Uso<\/a><\/li>\n<\/ul>\t\t\t<\/nav>\n\t\t\t\t\t<div class=\"elementor-menu-toggle\" role=\"button\" tabindex=\"0\" aria-label=\"Alternar menu\" aria-expanded=\"false\">\n\t\t\t<i aria-hidden=\"true\" role=\"presentation\" class=\"elementor-menu-toggle__icon--open eicon-menu-bar\"><\/i><i aria-hidden=\"true\" role=\"presentation\" class=\"elementor-menu-toggle__icon--close eicon-close\"><\/i>\t\t<\/div>\n\t\t\t\t\t<nav class=\"elementor-nav-menu--dropdown elementor-nav-menu__container\" aria-hidden=\"true\">\n\t\t\t\t<ul id=\"menu-2-68d30d3a\" class=\"elementor-nav-menu\"><li class=\"menu-item menu-item-type-post_type menu-item-object-page menu-item-10054\"><a href=\"https:\/\/hubrasilia.com.br\/index.php\/aviso-legal\/\" class=\"elementor-item\" tabindex=\"-1\">Aviso Legal<\/a><\/li>\n<li class=\"menu-item menu-item-type-post_type menu-item-object-page menu-item-10053\"><a href=\"https:\/\/hubrasilia.com.br\/index.php\/politicas-de-privacidade\/\" class=\"elementor-item\" tabindex=\"-1\">Pol\u00edticas de Privacidade<\/a><\/li>\n<li class=\"menu-item menu-item-type-post_type menu-item-object-page menu-item-10052\"><a href=\"https:\/\/hubrasilia.com.br\/index.php\/termos-de-uso\/\" class=\"elementor-item\" tabindex=\"-1\">Termos de Uso<\/a><\/li>\n<\/ul>\t\t\t<\/nav>\n\t\t\t\t\t\t<\/div>\n\t\t\t\t<\/div>\n\t\t\t\t\t<\/div>\n\t\t<\/div>\n\t\t\t\t\t<\/div>\n\t\t<\/section>\n\t\t\t\t<\/div>\n\t\t","protected":false},"excerpt":{"rendered":"<p>SOLICITA\u00c7\u00c3O DE CHECK-UP ENVIADA COM SUCESSO Parab\u00e9ns pela sua iniciativa em escolher SA\u00daDE, BEM-ESTAR e QUALIDADE DE VIDA! Pr\u00f3ximos Passos: Nosso pessoal de atendimento ao paciente entrar\u00e1 em contato com VOC\u00ca por meio dos dados informados e confirmar\u00e1 data e hor\u00e1rio de sua prefer\u00eancia; Atente-se \u00e0s orienta\u00e7\u00f5es para o dia do seu atendimento, esteja no [&hellip;]<\/p>\n","protected":false},"author":1,"featured_media":12211,"parent":0,"menu_order":0,"comment_status":"closed","ping_status":"closed","template":"elementor_canvas","meta":{"footnotes":""},"class_list":["post-15039","page","type-page","status-publish","has-post-thumbnail","hentry"],"yoast_head":"<!-- This site is optimized with the Yoast SEO plugin v27.4 - https:\/\/yoast.com\/product\/yoast-seo-wordpress\/ -->\n<title>CHECK-UP DOS CUIDADOS DA MULHER EM UROLOGIA - OBRIGADO - Hospital Urol\u00f3gico<\/title>\n<meta name=\"robots\" content=\"index, follow, max-snippet:-1, max-image-preview:large, max-video-preview:-1\" \/>\n<link rel=\"canonical\" href=\"https:\/\/hubrasilia.com.br\/index.php\/check-up-dos-cuidados-da-mulher-em-urologia-obrigado\/\" \/>\n<meta property=\"og:locale\" content=\"pt_BR\" \/>\n<meta property=\"og:type\" content=\"article\" \/>\n<meta property=\"og:title\" content=\"CHECK-UP DOS CUIDADOS DA MULHER EM UROLOGIA - OBRIGADO - Hospital Urol\u00f3gico\" \/>\n<meta property=\"og:description\" content=\"SOLICITA\u00c7\u00c3O DE CHECK-UP ENVIADA COM SUCESSO Parab\u00e9ns pela sua iniciativa em escolher SA\u00daDE, BEM-ESTAR e QUALIDADE DE VIDA! Pr\u00f3ximos Passos: Nosso pessoal de atendimento ao paciente entrar\u00e1 em contato com VOC\u00ca por meio dos dados informados e confirmar\u00e1 data e hor\u00e1rio de sua prefer\u00eancia; Atente-se \u00e0s orienta\u00e7\u00f5es para o dia do seu atendimento, esteja no [&hellip;]\" \/>\n<meta property=\"og:url\" content=\"https:\/\/hubrasilia.com.br\/index.php\/check-up-dos-cuidados-da-mulher-em-urologia-obrigado\/\" \/>\n<meta property=\"og:site_name\" content=\"Hospital Urol\u00f3gico\" \/>\n<meta property=\"article:publisher\" content=\"https:\/\/facebook.com\/hospitalurologico\/\" \/>\n<meta property=\"article:modified_time\" content=\"2024-09-11T14:41:37+00:00\" \/>\n<meta property=\"og:image\" content=\"https:\/\/hubrasilia.com.br\/wp-content\/uploads\/2020\/02\/logorosa.jpg\" \/>\n\t<meta property=\"og:image:width\" content=\"960\" \/>\n\t<meta property=\"og:image:height\" content=\"960\" \/>\n\t<meta property=\"og:image:type\" content=\"image\/jpeg\" \/>\n<meta name=\"twitter:card\" content=\"summary_large_image\" \/>\n<meta name=\"twitter:site\" content=\"@HUBrasilia\" \/>\n<meta name=\"twitter:label1\" content=\"Est. tempo de leitura\" \/>\n\t<meta name=\"twitter:data1\" content=\"1 minuto\" \/>\n<script type=\"application\/ld+json\" class=\"yoast-schema-graph\">{\"@context\":\"https:\\\/\\\/schema.org\",\"@graph\":[{\"@type\":\"WebPage\",\"@id\":\"https:\\\/\\\/hubrasilia.com.br\\\/index.php\\\/check-up-dos-cuidados-da-mulher-em-urologia-obrigado\\\/\",\"url\":\"https:\\\/\\\/hubrasilia.com.br\\\/index.php\\\/check-up-dos-cuidados-da-mulher-em-urologia-obrigado\\\/\",\"name\":\"CHECK-UP DOS CUIDADOS DA MULHER EM UROLOGIA - OBRIGADO - Hospital Urol\u00f3gico\",\"isPartOf\":{\"@id\":\"https:\\\/\\\/hubrasilia.com.br\\\/#website\"},\"primaryImageOfPage\":{\"@id\":\"https:\\\/\\\/hubrasilia.com.br\\\/index.php\\\/check-up-dos-cuidados-da-mulher-em-urologia-obrigado\\\/#primaryimage\"},\"image\":{\"@id\":\"https:\\\/\\\/hubrasilia.com.br\\\/index.php\\\/check-up-dos-cuidados-da-mulher-em-urologia-obrigado\\\/#primaryimage\"},\"thumbnailUrl\":\"https:\\\/\\\/hubrasilia.com.br\\\/wp-content\\\/uploads\\\/2020\\\/02\\\/logorosa.jpg\",\"datePublished\":\"2024-09-11T14:35:18+00:00\",\"dateModified\":\"2024-09-11T14:41:37+00:00\",\"breadcrumb\":{\"@id\":\"https:\\\/\\\/hubrasilia.com.br\\\/index.php\\\/check-up-dos-cuidados-da-mulher-em-urologia-obrigado\\\/#breadcrumb\"},\"inLanguage\":\"pt-BR\",\"potentialAction\":[{\"@type\":\"ReadAction\",\"target\":[\"https:\\\/\\\/hubrasilia.com.br\\\/index.php\\\/check-up-dos-cuidados-da-mulher-em-urologia-obrigado\\\/\"]}]},{\"@type\":\"ImageObject\",\"inLanguage\":\"pt-BR\",\"@id\":\"https:\\\/\\\/hubrasilia.com.br\\\/index.php\\\/check-up-dos-cuidados-da-mulher-em-urologia-obrigado\\\/#primaryimage\",\"url\":\"https:\\\/\\\/hubrasilia.com.br\\\/wp-content\\\/uploads\\\/2020\\\/02\\\/logorosa.jpg\",\"contentUrl\":\"https:\\\/\\\/hubrasilia.com.br\\\/wp-content\\\/uploads\\\/2020\\\/02\\\/logorosa.jpg\",\"width\":960,\"height\":960},{\"@type\":\"BreadcrumbList\",\"@id\":\"https:\\\/\\\/hubrasilia.com.br\\\/index.php\\\/check-up-dos-cuidados-da-mulher-em-urologia-obrigado\\\/#breadcrumb\",\"itemListElement\":[{\"@type\":\"ListItem\",\"position\":1,\"name\":\"In\u00edcio\",\"item\":\"https:\\\/\\\/hubrasilia.com.br\\\/\"},{\"@type\":\"ListItem\",\"position\":2,\"name\":\"CHECK-UP DOS CUIDADOS DA MULHER EM UROLOGIA &#8211; OBRIGADO\"}]},{\"@type\":\"WebSite\",\"@id\":\"https:\\\/\\\/hubrasilia.com.br\\\/#website\",\"url\":\"https:\\\/\\\/hubrasilia.com.br\\\/\",\"name\":\"HOSPITAL UROLOGICO DE BRASILIA\\\/DF\",\"description\":\"Refer\u00eancia em Urologia - Asa Sul - Bras\u00edlia\\\/DF\",\"publisher\":{\"@id\":\"https:\\\/\\\/hubrasilia.com.br\\\/#organization\"},\"potentialAction\":[{\"@type\":\"SearchAction\",\"target\":{\"@type\":\"EntryPoint\",\"urlTemplate\":\"https:\\\/\\\/hubrasilia.com.br\\\/?s={search_term_string}\"},\"query-input\":{\"@type\":\"PropertyValueSpecification\",\"valueRequired\":true,\"valueName\":\"search_term_string\"}}],\"inLanguage\":\"pt-BR\"},{\"@type\":\"Organization\",\"@id\":\"https:\\\/\\\/hubrasilia.com.br\\\/#organization\",\"name\":\"HOSPITAL UROLOGICO DE BRASILIA\\\/DF\",\"url\":\"https:\\\/\\\/hubrasilia.com.br\\\/\",\"logo\":{\"@type\":\"ImageObject\",\"inLanguage\":\"pt-BR\",\"@id\":\"https:\\\/\\\/hubrasilia.com.br\\\/#\\\/schema\\\/logo\\\/image\\\/\",\"url\":\"https:\\\/\\\/hubrasilia.com.br\\\/wp-content\\\/uploads\\\/2020\\\/02\\\/logo-small.png\",\"contentUrl\":\"https:\\\/\\\/hubrasilia.com.br\\\/wp-content\\\/uploads\\\/2020\\\/02\\\/logo-small.png\",\"width\":185,\"height\":89,\"caption\":\"HOSPITAL UROLOGICO DE BRASILIA\\\/DF\"},\"image\":{\"@id\":\"https:\\\/\\\/hubrasilia.com.br\\\/#\\\/schema\\\/logo\\\/image\\\/\"},\"sameAs\":[\"https:\\\/\\\/facebook.com\\\/hospitalurologico\\\/\",\"https:\\\/\\\/x.com\\\/HUBrasilia\",\"https:\\\/\\\/hubrasilia.com.br\\\/index.php\\\/link\\\/instagram\\\/\",\"https:\\\/\\\/hubrasilia.com.br\\\/index.php\\\/link\\\/youtube\\\/\"]}]}<\/script>\n<!-- \/ Yoast SEO plugin. -->","yoast_head_json":{"title":"CHECK-UP DOS CUIDADOS DA MULHER EM UROLOGIA - OBRIGADO - Hospital Urol\u00f3gico","robots":{"index":"index","follow":"follow","max-snippet":"max-snippet:-1","max-image-preview":"max-image-preview:large","max-video-preview":"max-video-preview:-1"},"canonical":"https:\/\/hubrasilia.com.br\/index.php\/check-up-dos-cuidados-da-mulher-em-urologia-obrigado\/","og_locale":"pt_BR","og_type":"article","og_title":"CHECK-UP DOS CUIDADOS DA MULHER EM UROLOGIA - OBRIGADO - Hospital Urol\u00f3gico","og_description":"SOLICITA\u00c7\u00c3O DE CHECK-UP ENVIADA COM SUCESSO Parab\u00e9ns pela sua iniciativa em escolher SA\u00daDE, BEM-ESTAR e QUALIDADE DE VIDA! Pr\u00f3ximos Passos: Nosso pessoal de atendimento ao paciente entrar\u00e1 em contato com VOC\u00ca por meio dos dados informados e confirmar\u00e1 data e hor\u00e1rio de sua prefer\u00eancia; Atente-se \u00e0s orienta\u00e7\u00f5es para o dia do seu atendimento, esteja no [&hellip;]","og_url":"https:\/\/hubrasilia.com.br\/index.php\/check-up-dos-cuidados-da-mulher-em-urologia-obrigado\/","og_site_name":"Hospital Urol\u00f3gico","article_publisher":"https:\/\/facebook.com\/hospitalurologico\/","article_modified_time":"2024-09-11T14:41:37+00:00","og_image":[{"width":960,"height":960,"url":"https:\/\/hubrasilia.com.br\/wp-content\/uploads\/2020\/02\/logorosa.jpg","type":"image\/jpeg"}],"twitter_card":"summary_large_image","twitter_site":"@HUBrasilia","twitter_misc":{"Est. tempo de leitura":"1 minuto"},"schema":{"@context":"https:\/\/schema.org","@graph":[{"@type":"WebPage","@id":"https:\/\/hubrasilia.com.br\/index.php\/check-up-dos-cuidados-da-mulher-em-urologia-obrigado\/","url":"https:\/\/hubrasilia.com.br\/index.php\/check-up-dos-cuidados-da-mulher-em-urologia-obrigado\/","name":"CHECK-UP DOS CUIDADOS DA MULHER EM UROLOGIA - OBRIGADO - Hospital Urol\u00f3gico","isPartOf":{"@id":"https:\/\/hubrasilia.com.br\/#website"},"primaryImageOfPage":{"@id":"https:\/\/hubrasilia.com.br\/index.php\/check-up-dos-cuidados-da-mulher-em-urologia-obrigado\/#primaryimage"},"image":{"@id":"https:\/\/hubrasilia.com.br\/index.php\/check-up-dos-cuidados-da-mulher-em-urologia-obrigado\/#primaryimage"},"thumbnailUrl":"https:\/\/hubrasilia.com.br\/wp-content\/uploads\/2020\/02\/logorosa.jpg","datePublished":"2024-09-11T14:35:18+00:00","dateModified":"2024-09-11T14:41:37+00:00","breadcrumb":{"@id":"https:\/\/hubrasilia.com.br\/index.php\/check-up-dos-cuidados-da-mulher-em-urologia-obrigado\/#breadcrumb"},"inLanguage":"pt-BR","potentialAction":[{"@type":"ReadAction","target":["https:\/\/hubrasilia.com.br\/index.php\/check-up-dos-cuidados-da-mulher-em-urologia-obrigado\/"]}]},{"@type":"ImageObject","inLanguage":"pt-BR","@id":"https:\/\/hubrasilia.com.br\/index.php\/check-up-dos-cuidados-da-mulher-em-urologia-obrigado\/#primaryimage","url":"https:\/\/hubrasilia.com.br\/wp-content\/uploads\/2020\/02\/logorosa.jpg","contentUrl":"https:\/\/hubrasilia.com.br\/wp-content\/uploads\/2020\/02\/logorosa.jpg","width":960,"height":960},{"@type":"BreadcrumbList","@id":"https:\/\/hubrasilia.com.br\/index.php\/check-up-dos-cuidados-da-mulher-em-urologia-obrigado\/#breadcrumb","itemListElement":[{"@type":"ListItem","position":1,"name":"In\u00edcio","item":"https:\/\/hubrasilia.com.br\/"},{"@type":"ListItem","position":2,"name":"CHECK-UP DOS CUIDADOS DA MULHER EM UROLOGIA &#8211; OBRIGADO"}]},{"@type":"WebSite","@id":"https:\/\/hubrasilia.com.br\/#website","url":"https:\/\/hubrasilia.com.br\/","name":"HOSPITAL UROLOGICO DE BRASILIA\/DF","description":"Refer\u00eancia em Urologia - Asa Sul - Bras\u00edlia\/DF","publisher":{"@id":"https:\/\/hubrasilia.com.br\/#organization"},"potentialAction":[{"@type":"SearchAction","target":{"@type":"EntryPoint","urlTemplate":"https:\/\/hubrasilia.com.br\/?s={search_term_string}"},"query-input":{"@type":"PropertyValueSpecification","valueRequired":true,"valueName":"search_term_string"}}],"inLanguage":"pt-BR"},{"@type":"Organization","@id":"https:\/\/hubrasilia.com.br\/#organization","name":"HOSPITAL UROLOGICO DE BRASILIA\/DF","url":"https:\/\/hubrasilia.com.br\/","logo":{"@type":"ImageObject","inLanguage":"pt-BR","@id":"https:\/\/hubrasilia.com.br\/#\/schema\/logo\/image\/","url":"https:\/\/hubrasilia.com.br\/wp-content\/uploads\/2020\/02\/logo-small.png","contentUrl":"https:\/\/hubrasilia.com.br\/wp-content\/uploads\/2020\/02\/logo-small.png","width":185,"height":89,"caption":"HOSPITAL UROLOGICO DE BRASILIA\/DF"},"image":{"@id":"https:\/\/hubrasilia.com.br\/#\/schema\/logo\/image\/"},"sameAs":["https:\/\/facebook.com\/hospitalurologico\/","https:\/\/x.com\/HUBrasilia","https:\/\/hubrasilia.com.br\/index.php\/link\/instagram\/","https:\/\/hubrasilia.com.br\/index.php\/link\/youtube\/"]}]}},"_links":{"self":[{"href":"https:\/\/hubrasilia.com.br\/index.php\/wp-json\/wp\/v2\/pages\/15039","targetHints":{"allow":["GET"]}}],"collection":[{"href":"https:\/\/hubrasilia.com.br\/index.php\/wp-json\/wp\/v2\/pages"}],"about":[{"href":"https:\/\/hubrasilia.com.br\/index.php\/wp-json\/wp\/v2\/types\/page"}],"author":[{"embeddable":true,"href":"https:\/\/hubrasilia.com.br\/index.php\/wp-json\/wp\/v2\/users\/1"}],"replies":[{"embeddable":true,"href":"https:\/\/hubrasilia.com.br\/index.php\/wp-json\/wp\/v2\/comments?post=15039"}],"version-history":[{"count":0,"href":"https:\/\/hubrasilia.com.br\/index.php\/wp-json\/wp\/v2\/pages\/15039\/revisions"}],"wp:featuredmedia":[{"embeddable":true,"href":"https:\/\/hubrasilia.com.br\/index.php\/wp-json\/wp\/v2\/media\/12211"}],"wp:attachment":[{"href":"https:\/\/hubrasilia.com.br\/index.php\/wp-json\/wp\/v2\/media?parent=15039"}],"curies":[{"name":"wp","href":"https:\/\/api.w.org\/{rel}","templated":true}]}}