{"id":15422,"date":"2025-03-25T19:29:54","date_gmt":"2025-03-25T22:29:54","guid":{"rendered":"https:\/\/hubrasilia.com.br\/?page_id=15422"},"modified":"2025-03-25T20:20:40","modified_gmt":"2025-03-25T23:20:40","slug":"login-huapp","status":"publish","type":"page","link":"https:\/\/hubrasilia.com.br\/index.php\/login-huapp\/","title":{"rendered":"HUAPP &#8211;  Login"},"content":{"rendered":"\t\t<div data-elementor-type=\"wp-page\" data-elementor-id=\"15422\" class=\"elementor elementor-15422\" data-elementor-post-type=\"page\">\n\t\t\t\t\t\t<section class=\"elementor-section elementor-top-section elementor-element elementor-element-b3c3071 elementor-section-boxed elementor-section-height-default elementor-section-height-default\" data-id=\"b3c3071\" data-element_type=\"section\" data-e-type=\"section\">\n\t\t\t\t\t\t<div class=\"elementor-container elementor-column-gap-default\">\n\t\t\t\t\t<div class=\"elementor-column elementor-col-100 elementor-top-column elementor-element elementor-element-86b0083\" data-id=\"86b0083\" data-element_type=\"column\" data-e-type=\"column\">\n\t\t\t<div class=\"elementor-widget-wrap elementor-element-populated\">\n\t\t\t\t\t\t<div class=\"elementor-element elementor-element-0caa5a7 elementor-widget elementor-widget-image\" data-id=\"0caa5a7\" data-element_type=\"widget\" data-e-type=\"widget\" data-widget_type=\"image.default\">\n\t\t\t\t<div class=\"elementor-widget-container\">\n\t\t\t\t\t\t\t\t\t\t\t\t\t\t\t<img decoding=\"async\" width=\"185\" height=\"89\" src=\"https:\/\/hubrasilia.com.br\/wp-content\/uploads\/2018\/01\/logo-small.png\" class=\"attachment-full size-full wp-image-9919\" alt=\"\" \/>\t\t\t\t\t\t\t\t\t\t\t\t\t\t\t<\/div>\n\t\t\t\t<\/div>\n\t\t\t\t<div class=\"elementor-element elementor-element-a171b25 elementor-widget elementor-widget-heading\" data-id=\"a171b25\" data-element_type=\"widget\" data-e-type=\"widget\" data-widget_type=\"heading.default\">\n\t\t\t\t<div class=\"elementor-widget-container\">\n\t\t\t\t\t<h6 class=\"elementor-heading-title elementor-size-default\">\u00e1rea restrita \"meu hu\"<\/h6>\t\t\t\t<\/div>\n\t\t\t\t<\/div>\n\t\t\t\t<div class=\"elementor-element elementor-element-7799fac elementor-button-align-stretch elementor-widget elementor-widget-form\" data-id=\"7799fac\" data-element_type=\"widget\" data-e-type=\"widget\" data-settings=\"{&quot;step_next_label&quot;:&quot;Next&quot;,&quot;step_previous_label&quot;:&quot;Previous&quot;,&quot;button_width&quot;:&quot;100&quot;,&quot;step_type&quot;:&quot;number_text&quot;,&quot;step_icon_shape&quot;:&quot;circle&quot;}\" data-widget_type=\"form.default\">\n\t\t\t\t<div class=\"elementor-widget-container\">\n\t\t\t\t\t\t\t<form class=\"elementor-form\" method=\"post\" name=\"New Form\" aria-label=\"New Form\">\n\t\t\t<input type=\"hidden\" name=\"post_id\" value=\"15422\"\/>\n\t\t\t<input type=\"hidden\" name=\"form_id\" value=\"7799fac\"\/>\n\t\t\t<input type=\"hidden\" name=\"referer_title\" value=\"Hospital Urol\u00f3gico\" \/>\n\n\t\t\t\n\t\t\t<div class=\"ele-extensions-hide-form elementor-form-fields-wrapper elementor-labels-\">\n\t\t\t\t\t\t\t\t<div class=\"elementor-field-type-text elementor-field-group elementor-column elementor-field-group-usuario elementor-col-100 elementor-field-required\">\n\t\t\t\t\t\t\t\t\t\t\t\t<label for=\"form-field-usuario\" class=\"elementor-field-label elementor-screen-only\">\n\t\t\t\t\t\t\t\tUsu\u00e1rio\t\t\t\t\t\t\t<\/label>\n\t\t\t\t\t\t\t\t\t\t\t\t\t\t<input size=\"1\" type=\"text\" name=\"form_fields[usuario]\" id=\"form-field-usuario\" class=\"elementor-field elementor-size-sm  elementor-field-textual\" placeholder=\"Usu\u00e1rio\" required=\"required\">\n\t\t\t\t\t\t\t\t\t\t\t<\/div>\n\t\t\t\t\t\t\t\t<div class=\"elementor-field-type-password elementor-field-group elementor-column elementor-field-group-senha elementor-col-100 elementor-field-required\">\n\t\t\t\t\t\t\t\t\t\t\t\t<label for=\"form-field-senha\" class=\"elementor-field-label elementor-screen-only\">\n\t\t\t\t\t\t\t\tSenha\t\t\t\t\t\t\t<\/label>\n\t\t\t\t\t\t\t\t\t\t\t\t\t\t<input size=\"1\" type=\"password\" name=\"form_fields[senha]\" id=\"form-field-senha\" class=\"elementor-field elementor-size-sm  elementor-field-textual\" placeholder=\"Senha\" required=\"required\">\n\t\t\t\t\t\t\t\t\t\t\t<\/div>\n\t\t\t\t\t\t\t\t<div class=\"elementor-field-group elementor-column elementor-field-type-submit elementor-col-100 e-form__buttons\">\n\t\t\t\t\t<button class=\"elementor-button elementor-size-sm\" type=\"submit\">\n\t\t\t\t\t\t<span class=\"elementor-button-content-wrapper\">\n\t\t\t\t\t\t\t\t\t\t\t\t\t\t\t<span class=\"elementor-button-icon\">\n\t\t\t\t\t\t\t\t\t<i aria-hidden=\"true\" class=\"far fa-paper-plane\"><\/i>\t\t\t\t\t\t\t\t\t\t\t\t\t\t\t\t\t<\/span>\n\t\t\t\t\t\t\t\t\t\t\t\t\t\t\t\t\t\t\t\t\t\t<span class=\"elementor-button-text\">Efetuar Login<\/span>\n\t\t\t\t\t\t\t\t\t\t\t\t\t<\/span>\n\t\t\t\t\t<\/button>\n\t\t\t\t<\/div>\n\t\t\t<\/div>\n\t\t<\/form>\n\t\t\t\t\t\t<\/div>\n\t\t\t\t<\/div>\n\t\t\t\t<div class=\"elementor-element elementor-element-759c803 elementor-widget elementor-widget-heading\" data-id=\"759c803\" data-element_type=\"widget\" data-e-type=\"widget\" data-widget_type=\"heading.default\">\n\t\t\t\t<div class=\"elementor-widget-container\">\n\t\t\t\t\t<div class=\"elementor-heading-title elementor-size-default\">Todos os Direitos Reservados <br>Hospital Urol\u00f3gico de Bras\u00edlia\/DF<\/div>\t\t\t\t<\/div>\n\t\t\t\t<\/div>\n\t\t\t\t\t<\/div>\n\t\t<\/div>\n\t\t\t\t\t<\/div>\n\t\t<\/section>\n\t\t\t\t<\/div>\n\t\t","protected":false},"excerpt":{"rendered":"<p>\u00e1rea restrita &#8220;meu hu&#8221; Todos os Direitos Reservados Hospital Urol\u00f3gico de Bras\u00edlia\/DF<\/p>\n","protected":false},"author":1,"featured_media":0,"parent":0,"menu_order":0,"comment_status":"closed","ping_status":"closed","template":"elementor_canvas","meta":{"footnotes":""},"class_list":["post-15422","page","type-page","status-publish","hentry"],"yoast_head":"<!-- This site is optimized with the Yoast SEO plugin v27.4 - https:\/\/yoast.com\/product\/yoast-seo-wordpress\/ -->\n<title>HUAPP - Login - Hospital Urol\u00f3gico<\/title>\n<meta name=\"robots\" content=\"index, follow, max-snippet:-1, max-image-preview:large, max-video-preview:-1\" \/>\n<link rel=\"canonical\" href=\"https:\/\/hubrasilia.com.br\/index.php\/login-huapp\/\" \/>\n<meta property=\"og:locale\" content=\"pt_BR\" \/>\n<meta property=\"og:type\" content=\"article\" \/>\n<meta property=\"og:title\" content=\"HUAPP - Login - Hospital Urol\u00f3gico\" \/>\n<meta property=\"og:description\" content=\"\u00e1rea restrita &#8220;meu hu&#8221; Todos os Direitos Reservados Hospital Urol\u00f3gico de Bras\u00edlia\/DF\" \/>\n<meta property=\"og:url\" content=\"https:\/\/hubrasilia.com.br\/index.php\/login-huapp\/\" \/>\n<meta property=\"og:site_name\" content=\"Hospital Urol\u00f3gico\" \/>\n<meta property=\"article:publisher\" content=\"https:\/\/facebook.com\/hospitalurologico\/\" \/>\n<meta property=\"article:modified_time\" content=\"2025-03-25T23:20:40+00:00\" \/>\n<meta property=\"og:image\" content=\"https:\/\/hubrasilia.com.br\/wp-content\/uploads\/2018\/01\/logo-small.png\" \/>\n<meta name=\"twitter:card\" content=\"summary_large_image\" \/>\n<meta name=\"twitter:site\" content=\"@HUBrasilia\" \/>\n<script type=\"application\/ld+json\" class=\"yoast-schema-graph\">{\"@context\":\"https:\\\/\\\/schema.org\",\"@graph\":[{\"@type\":\"WebPage\",\"@id\":\"https:\\\/\\\/hubrasilia.com.br\\\/index.php\\\/login-huapp\\\/\",\"url\":\"https:\\\/\\\/hubrasilia.com.br\\\/index.php\\\/login-huapp\\\/\",\"name\":\"HUAPP - Login - Hospital Urol\u00f3gico\",\"isPartOf\":{\"@id\":\"https:\\\/\\\/hubrasilia.com.br\\\/#website\"},\"primaryImageOfPage\":{\"@id\":\"https:\\\/\\\/hubrasilia.com.br\\\/index.php\\\/login-huapp\\\/#primaryimage\"},\"image\":{\"@id\":\"https:\\\/\\\/hubrasilia.com.br\\\/index.php\\\/login-huapp\\\/#primaryimage\"},\"thumbnailUrl\":\"https:\\\/\\\/hubrasilia.com.br\\\/wp-content\\\/uploads\\\/2018\\\/01\\\/logo-small.png\",\"datePublished\":\"2025-03-25T22:29:54+00:00\",\"dateModified\":\"2025-03-25T23:20:40+00:00\",\"breadcrumb\":{\"@id\":\"https:\\\/\\\/hubrasilia.com.br\\\/index.php\\\/login-huapp\\\/#breadcrumb\"},\"inLanguage\":\"pt-BR\",\"potentialAction\":[{\"@type\":\"ReadAction\",\"target\":[\"https:\\\/\\\/hubrasilia.com.br\\\/index.php\\\/login-huapp\\\/\"]}]},{\"@type\":\"ImageObject\",\"inLanguage\":\"pt-BR\",\"@id\":\"https:\\\/\\\/hubrasilia.com.br\\\/index.php\\\/login-huapp\\\/#primaryimage\",\"url\":\"https:\\\/\\\/hubrasilia.com.br\\\/wp-content\\\/uploads\\\/2018\\\/01\\\/logo-small.png\",\"contentUrl\":\"https:\\\/\\\/hubrasilia.com.br\\\/wp-content\\\/uploads\\\/2018\\\/01\\\/logo-small.png\",\"width\":185,\"height\":89},{\"@type\":\"BreadcrumbList\",\"@id\":\"https:\\\/\\\/hubrasilia.com.br\\\/index.php\\\/login-huapp\\\/#breadcrumb\",\"itemListElement\":[{\"@type\":\"ListItem\",\"position\":1,\"name\":\"In\u00edcio\",\"item\":\"https:\\\/\\\/hubrasilia.com.br\\\/\"},{\"@type\":\"ListItem\",\"position\":2,\"name\":\"HUAPP &#8211; Login\"}]},{\"@type\":\"WebSite\",\"@id\":\"https:\\\/\\\/hubrasilia.com.br\\\/#website\",\"url\":\"https:\\\/\\\/hubrasilia.com.br\\\/\",\"name\":\"HOSPITAL UROLOGICO DE BRASILIA\\\/DF\",\"description\":\"Refer\u00eancia em Urologia - Asa Sul - Bras\u00edlia\\\/DF\",\"publisher\":{\"@id\":\"https:\\\/\\\/hubrasilia.com.br\\\/#organization\"},\"potentialAction\":[{\"@type\":\"SearchAction\",\"target\":{\"@type\":\"EntryPoint\",\"urlTemplate\":\"https:\\\/\\\/hubrasilia.com.br\\\/?s={search_term_string}\"},\"query-input\":{\"@type\":\"PropertyValueSpecification\",\"valueRequired\":true,\"valueName\":\"search_term_string\"}}],\"inLanguage\":\"pt-BR\"},{\"@type\":\"Organization\",\"@id\":\"https:\\\/\\\/hubrasilia.com.br\\\/#organization\",\"name\":\"HOSPITAL UROLOGICO DE BRASILIA\\\/DF\",\"url\":\"https:\\\/\\\/hubrasilia.com.br\\\/\",\"logo\":{\"@type\":\"ImageObject\",\"inLanguage\":\"pt-BR\",\"@id\":\"https:\\\/\\\/hubrasilia.com.br\\\/#\\\/schema\\\/logo\\\/image\\\/\",\"url\":\"https:\\\/\\\/hubrasilia.com.br\\\/wp-content\\\/uploads\\\/2020\\\/02\\\/logo-small.png\",\"contentUrl\":\"https:\\\/\\\/hubrasilia.com.br\\\/wp-content\\\/uploads\\\/2020\\\/02\\\/logo-small.png\",\"width\":185,\"height\":89,\"caption\":\"HOSPITAL UROLOGICO DE BRASILIA\\\/DF\"},\"image\":{\"@id\":\"https:\\\/\\\/hubrasilia.com.br\\\/#\\\/schema\\\/logo\\\/image\\\/\"},\"sameAs\":[\"https:\\\/\\\/facebook.com\\\/hospitalurologico\\\/\",\"https:\\\/\\\/x.com\\\/HUBrasilia\",\"https:\\\/\\\/hubrasilia.com.br\\\/index.php\\\/link\\\/instagram\\\/\",\"https:\\\/\\\/hubrasilia.com.br\\\/index.php\\\/link\\\/youtube\\\/\"]}]}<\/script>\n<!-- \/ Yoast SEO plugin. -->","yoast_head_json":{"title":"HUAPP - Login - Hospital Urol\u00f3gico","robots":{"index":"index","follow":"follow","max-snippet":"max-snippet:-1","max-image-preview":"max-image-preview:large","max-video-preview":"max-video-preview:-1"},"canonical":"https:\/\/hubrasilia.com.br\/index.php\/login-huapp\/","og_locale":"pt_BR","og_type":"article","og_title":"HUAPP - Login - Hospital Urol\u00f3gico","og_description":"\u00e1rea restrita &#8220;meu hu&#8221; Todos os Direitos Reservados Hospital Urol\u00f3gico de Bras\u00edlia\/DF","og_url":"https:\/\/hubrasilia.com.br\/index.php\/login-huapp\/","og_site_name":"Hospital Urol\u00f3gico","article_publisher":"https:\/\/facebook.com\/hospitalurologico\/","article_modified_time":"2025-03-25T23:20:40+00:00","og_image":[{"url":"https:\/\/hubrasilia.com.br\/wp-content\/uploads\/2018\/01\/logo-small.png","type":"","width":"","height":""}],"twitter_card":"summary_large_image","twitter_site":"@HUBrasilia","schema":{"@context":"https:\/\/schema.org","@graph":[{"@type":"WebPage","@id":"https:\/\/hubrasilia.com.br\/index.php\/login-huapp\/","url":"https:\/\/hubrasilia.com.br\/index.php\/login-huapp\/","name":"HUAPP - Login - Hospital Urol\u00f3gico","isPartOf":{"@id":"https:\/\/hubrasilia.com.br\/#website"},"primaryImageOfPage":{"@id":"https:\/\/hubrasilia.com.br\/index.php\/login-huapp\/#primaryimage"},"image":{"@id":"https:\/\/hubrasilia.com.br\/index.php\/login-huapp\/#primaryimage"},"thumbnailUrl":"https:\/\/hubrasilia.com.br\/wp-content\/uploads\/2018\/01\/logo-small.png","datePublished":"2025-03-25T22:29:54+00:00","dateModified":"2025-03-25T23:20:40+00:00","breadcrumb":{"@id":"https:\/\/hubrasilia.com.br\/index.php\/login-huapp\/#breadcrumb"},"inLanguage":"pt-BR","potentialAction":[{"@type":"ReadAction","target":["https:\/\/hubrasilia.com.br\/index.php\/login-huapp\/"]}]},{"@type":"ImageObject","inLanguage":"pt-BR","@id":"https:\/\/hubrasilia.com.br\/index.php\/login-huapp\/#primaryimage","url":"https:\/\/hubrasilia.com.br\/wp-content\/uploads\/2018\/01\/logo-small.png","contentUrl":"https:\/\/hubrasilia.com.br\/wp-content\/uploads\/2018\/01\/logo-small.png","width":185,"height":89},{"@type":"BreadcrumbList","@id":"https:\/\/hubrasilia.com.br\/index.php\/login-huapp\/#breadcrumb","itemListElement":[{"@type":"ListItem","position":1,"name":"In\u00edcio","item":"https:\/\/hubrasilia.com.br\/"},{"@type":"ListItem","position":2,"name":"HUAPP &#8211; Login"}]},{"@type":"WebSite","@id":"https:\/\/hubrasilia.com.br\/#website","url":"https:\/\/hubrasilia.com.br\/","name":"HOSPITAL UROLOGICO DE BRASILIA\/DF","description":"Refer\u00eancia em Urologia - Asa Sul - Bras\u00edlia\/DF","publisher":{"@id":"https:\/\/hubrasilia.com.br\/#organization"},"potentialAction":[{"@type":"SearchAction","target":{"@type":"EntryPoint","urlTemplate":"https:\/\/hubrasilia.com.br\/?s={search_term_string}"},"query-input":{"@type":"PropertyValueSpecification","valueRequired":true,"valueName":"search_term_string"}}],"inLanguage":"pt-BR"},{"@type":"Organization","@id":"https:\/\/hubrasilia.com.br\/#organization","name":"HOSPITAL UROLOGICO DE BRASILIA\/DF","url":"https:\/\/hubrasilia.com.br\/","logo":{"@type":"ImageObject","inLanguage":"pt-BR","@id":"https:\/\/hubrasilia.com.br\/#\/schema\/logo\/image\/","url":"https:\/\/hubrasilia.com.br\/wp-content\/uploads\/2020\/02\/logo-small.png","contentUrl":"https:\/\/hubrasilia.com.br\/wp-content\/uploads\/2020\/02\/logo-small.png","width":185,"height":89,"caption":"HOSPITAL UROLOGICO DE BRASILIA\/DF"},"image":{"@id":"https:\/\/hubrasilia.com.br\/#\/schema\/logo\/image\/"},"sameAs":["https:\/\/facebook.com\/hospitalurologico\/","https:\/\/x.com\/HUBrasilia","https:\/\/hubrasilia.com.br\/index.php\/link\/instagram\/","https:\/\/hubrasilia.com.br\/index.php\/link\/youtube\/"]}]}},"_links":{"self":[{"href":"https:\/\/hubrasilia.com.br\/index.php\/wp-json\/wp\/v2\/pages\/15422","targetHints":{"allow":["GET"]}}],"collection":[{"href":"https:\/\/hubrasilia.com.br\/index.php\/wp-json\/wp\/v2\/pages"}],"about":[{"href":"https:\/\/hubrasilia.com.br\/index.php\/wp-json\/wp\/v2\/types\/page"}],"author":[{"embeddable":true,"href":"https:\/\/hubrasilia.com.br\/index.php\/wp-json\/wp\/v2\/users\/1"}],"replies":[{"embeddable":true,"href":"https:\/\/hubrasilia.com.br\/index.php\/wp-json\/wp\/v2\/comments?post=15422"}],"version-history":[{"count":0,"href":"https:\/\/hubrasilia.com.br\/index.php\/wp-json\/wp\/v2\/pages\/15422\/revisions"}],"wp:attachment":[{"href":"https:\/\/hubrasilia.com.br\/index.php\/wp-json\/wp\/v2\/media?parent=15422"}],"curies":[{"name":"wp","href":"https:\/\/api.w.org\/{rel}","templated":true}]}}